{"id":675,"date":"2017-09-06T08:19:34","date_gmt":"2017-09-06T06:19:34","guid":{"rendered":"http:\/\/www.s101.fr\/lia\/s101\/?page_id=675"},"modified":"2025-10-29T15:34:28","modified_gmt":"2025-10-29T14:34:28","slug":"la-tournee","status":"publish","type":"page","link":"https:\/\/www.s101.fr\/index.php\/la-tournee\/","title":{"rendered":"La tourn\u00e9e"},"content":{"rendered":"<p>[vc_row top=\u00a0\u00bb120px\u00a0\u00bb bottom=\u00a0\u00bb20px\u00a0\u00bb][vc_column width=\u00a0\u00bb1\/3&Prime;][vc_single_image image=\u00a0\u00bb1536&Prime; img_size=\u00a0\u00bblarge\u00a0\u00bb alignment=\u00a0\u00bbcenter\u00a0\u00bb css=\u00a0\u00bb.vc_custom_1713341148602{margin-top: 10px !important;}\u00a0\u00bb][vc_single_image image=\u00a0\u00bb1539&Prime; img_size=\u00a0\u00bblarge\u00a0\u00bb alignment=\u00a0\u00bbcenter\u00a0\u00bb css=\u00a0\u00bb.vc_custom_1758222780107{margin-top: 10px !important;}\u00a0\u00bb][vc_single_image image=\u00a0\u00bb1856&Prime; img_size=\u00a0\u00bblarge\u00a0\u00bb alignment=\u00a0\u00bbcenter\u00a0\u00bb css=\u00a0\u00bb.vc_custom_1758222854736{margin-top: 10px !important;}\u00a0\u00bb][\/vc_column][vc_column width=\u00a0\u00bb2\/3&Prime; css=\u00a0\u00bb.vc_custom_1758223375618{padding-top: 10px !important;}\u00a0\u00bb][vc_column_text css=\u00a0\u00bb.vc_custom_1698248875231{margin-bottom: 20px !important;margin-left: 20px !important;}\u00a0\u00bb]<\/p>\n<h2><span style=\"color: #a31a55;\">Oc\u00e9an<\/span><\/h2>\n<p>[\/vc_column_text][vc_separator color=\u00a0\u00bb#ffffff\u00a0\u00bb thickness=\u00a0\u00bb30&Prime;][vc_column_text css=\u00a0\u00bb.vc_custom_1757941160462{margin-bottom: 15px !important;}\u00a0\u00bb]<strong style=\"color: #993366;\">Salle Jacques Brel, Montherm\u00e9 08<\/strong><\/p>\n<p>Le 17 octobre 2025 \u00e0 10h15[\/vc_column_text][vc_separator color=\u00a0\u00bb#ffffff\u00a0\u00bb thickness=\u00a0\u00bb30&Prime;][vc_column_text css=\u00a0\u00bb.vc_custom_1757942736829{margin-bottom: 15px !important;}\u00a0\u00bb]<span style=\"color: #993366;\"><strong>Au TMG (Th\u00e9\u00e2tre des Marionnettes de Gen\u00e8ve) &#8211; Suisse<\/strong><\/span><\/p>\n<p>Le 22 octobre 2025 \u00e0 11h et 15h30<br \/>\nLe 23 octobre 2025 \u00e0 10h30 et 15h30<br \/>\nLe 24 octobre 2025 \u00e0 10h30 et 15h30<br \/>\nLe 25 octobre 2025 \u00e0 15h et 17h<br \/>\nLe 26 octobre 2025 \u00e0 11h, 15h et 17h<br \/>\nLe 28 octobre 2025 \u00e0 10h30 et 15h30<br \/>\nLe 29 octobre 2025 \u00e0 11h et 15h30<br \/>\nLe 30 octobre 2025 \u00e0 10h30 et 15h30<br \/>\nLe 31 octobre 2025 \u00e0 10h30 et 15h30<br \/>\nLe 1er novembre 2025 \u00e0 15h et 17h<br \/>\nLe 02 novembre 2025 \u00e0 11h, 15h et 17h[\/vc_column_text][vc_separator color=\u00a0\u00bb#ffffff\u00a0\u00bb thickness=\u00a0\u00bb30&Prime;][vc_column_text css=\u00a0\u00bb.vc_custom_1757942937466{margin-bottom: 15px !important;}\u00a0\u00bb]<strong style=\"color: #993366;\">Centre Culturel Jacques Pr\u00e9vert, Villeparisis<\/strong><\/p>\n<p>Le 1er d\u00e9cembre 2025 \u00e0 10h et 14h30<br \/>\nLe 02 d\u00e9cembre 2025 \u00e0 10h et 14h30[\/vc_column_text][vc_separator color=\u00a0\u00bb#ffffff\u00a0\u00bb thickness=\u00a0\u00bb30&Prime;][vc_column_text css=\u00a0\u00bb.vc_custom_1757943046396{margin-bottom: 15px !important;}\u00a0\u00bb]<strong style=\"color: #993366;\">Th\u00e9\u00e2tre Le Pr\u00e9au, Centre Dramatique National de Vire<\/strong><\/p>\n<p>Le 09 d\u00e9cembre 2025 \u00e0 10h et 14h15<br \/>\nLe 10 d\u00e9cembre 2025 \u00e0 16h[\/vc_column_text][vc_separator color=\u00a0\u00bb#ffffff\u00a0\u00bb thickness=\u00a0\u00bb30&Prime;][vc_column_text css=\u00a0\u00bb.vc_custom_1757943183711{margin-bottom: 15px !important;}\u00a0\u00bb]<strong style=\"color: #993366;\">L&rsquo;\u00c9tincelle, communaut\u00e9 d&rsquo;agglom\u00e9ration de Saint-Di\u00e9 des Vosges<\/strong><\/p>\n<p>Le 17 d\u00e9cembre 2025 \u00e0 9h, 10h et 17h<br \/>\nLe 18 d\u00e9cembre 2025 \u00e0 9h, 10h et 14h30<br \/>\nLe 19 d\u00e9cembre 2025 \u00e0 9h et 10h[\/vc_column_text][vc_separator color=\u00a0\u00bb#ffffff\u00a0\u00bb thickness=\u00a0\u00bb30&Prime;][vc_column_text css=\u00a0\u00bb.vc_custom_1761747351224{margin-bottom: 15px !important;}\u00a0\u00bb]<strong style=\"color: #993366;\">Th\u00e9\u00e2tre Municipal de B\u00e9ziers<\/strong><\/p>\n<p>Le 05 f\u00e9vrier 2026 \u00e0 9h30, 11h et 14h30<br \/>\nLe 06 f\u00e9vrier 2026 \u00e0 9h30 et 11h[\/vc_column_text][vc_separator color=\u00a0\u00bb#ffffff\u00a0\u00bb thickness=\u00a0\u00bb30&Prime;][vc_column_text css=\u00a0\u00bb.vc_custom_1761747397950{margin-bottom: 15px !important;}\u00a0\u00bb]<strong style=\"color: #993366;\">Th\u00e9\u00e2tre du Pillier de Belfort<\/strong><\/p>\n<p>Le 15 f\u00e9vrier 2026 \u00e0 11h et 16h[\/vc_column_text][vc_separator color=\u00a0\u00bb#ffffff\u00a0\u00bb thickness=\u00a0\u00bb30&Prime;][vc_column_text css=\u00a0\u00bb.vc_custom_1761747845162{margin-bottom: 15px !important;}\u00a0\u00bb]<strong style=\"color: #993366;\">Th\u00e9\u00e2tre de Lisieux<\/strong><\/p>\n<p>Le 03 mars 2026 \u00e0 9h30 et 11h<br \/>\nLe 04 mars 2026 \u00e0 10h30 et 16h[\/vc_column_text][\/vc_column][\/vc_row][vc_row top=\u00a0\u00bb30px\u00a0\u00bb bottom=\u00a0\u00bb20px\u00a0\u00bb][vc_column width=\u00a0\u00bb1\/3&Prime;][vc_single_image image=\u00a0\u00bb1783&Prime; img_size=\u00a0\u00bblarge\u00a0\u00bb alignment=\u00a0\u00bbcenter\u00a0\u00bb css=\u00a0\u00bb.vc_custom_1758223072050{margin-top: 10px !important;}\u00a0\u00bb][\/vc_column][vc_column width=\u00a0\u00bb2\/3&Prime; css=\u00a0\u00bb.vc_custom_1758223386550{padding-top: 10px !important;}\u00a0\u00bb][vc_column_text css=\u00a0\u00bb.vc_custom_1757943328227{margin-bottom: 20px !important;margin-left: 20px !important;}\u00a0\u00bb]<\/p>\n<h2><span style=\"color: #a31a55;\">SOUPIRS MOUILL\u00c9S SOUS LES TALONS<\/span><\/h2>\n<p>[\/vc_column_text][vc_column_text css=\u00a0\u00bb.vc_custom_1757943397500{margin-bottom: 15px !important;}\u00a0\u00bb]<strong><span style=\"color: #993366;\">Festival Mondial des Th\u00e9\u00e2tres de Marionnettes de Charleville-M\u00e9zi\u00e8res 08<\/span><\/strong><\/p>\n<p>Le 23 septembre 2025 \u00e0 21h30<br \/>\nLe 24 septembre 2025 \u00e0 15h et 20h[\/vc_column_text][vc_separator color=\u00a0\u00bb#ffffff\u00a0\u00bb thickness=\u00a0\u00bb30&Prime;][vc_column_text css=\u00a0\u00bb.vc_custom_1761747949741{margin-bottom: 15px !important;}\u00a0\u00bb]<strong><span style=\"color: #993366;\">Festival Orbis Pictus \u00e0 Reims<\/span><\/strong><\/p>\n<p>Les 23 et 24 mai 2026[\/vc_column_text][\/vc_column][\/vc_row][vc_row top=\u00a0\u00bb30px\u00a0\u00bb bottom=\u00a0\u00bb20px\u00a0\u00bb][vc_column width=\u00a0\u00bb1\/3&Prime;][vc_single_image image=\u00a0\u00bb1769&Prime; img_size=\u00a0\u00bblarge\u00a0\u00bb alignment=\u00a0\u00bbcenter\u00a0\u00bb css=\u00a0\u00bb.vc_custom_1729170202631{margin-top: 10px !important;}\u00a0\u00bb][\/vc_column][vc_column width=\u00a0\u00bb2\/3&Prime; css=\u00a0\u00bb.vc_custom_1758223396101{padding-top: 10px !important;}\u00a0\u00bb][vc_column_text css=\u00a0\u00bb.vc_custom_1729170329868{margin-bottom: 20px !important;margin-left: 20px !important;}\u00a0\u00bb]<\/p>\n<h2><span style=\"color: #a31a55;\">Grincements<\/span><\/h2>\n<p>[\/vc_column_text][vc_column_text css=\u00a0\u00bb.vc_custom_1757943279457{margin-bottom: 15px !important;}\u00a0\u00bb]<strong><span style=\"color: #993366;\">R\u00e9seau des m\u00e9diath\u00e8ques &#8211; Reims (51)<\/span><\/strong><\/p>\n<p>Le 18 octobre 2025 \u00e0 10h30 et 15h30<br \/>\nLe 22 octobre 2025 \u00e0 10h30 et 16h<br \/>\nLe 24 octobre 2025 \u00e0 10h et 15h[\/vc_column_text][\/vc_column][\/vc_row][vc_row top=\u00a0\u00bb30px\u00a0\u00bb bottom=\u00a0\u00bb20px\u00a0\u00bb][vc_column width=\u00a0\u00bb1\/3&Prime;][vc_single_image image=\u00a0\u00bb1078&Prime; img_size=\u00a0\u00bblarge\u00a0\u00bb alignment=\u00a0\u00bbcenter\u00a0\u00bb css=\u00a0\u00bb.vc_custom_1761748462943{margin-top: 10px !important;}\u00a0\u00bb][\/vc_column][vc_column width=\u00a0\u00bb2\/3&Prime; css=\u00a0\u00bb.vc_custom_1758223396101{padding-top: 10px !important;}\u00a0\u00bb][vc_column_text css=\u00a0\u00bb.vc_custom_1761748265457{margin-bottom: 20px !important;margin-left: 20px !important;}\u00a0\u00bb]<\/p>\n<h2><span style=\"color: #a31a55;\">COUAC<\/span><\/h2>\n<p>[\/vc_column_text][vc_column_text css=\u00a0\u00bb.vc_custom_1761748431236{margin-bottom: 15px !important;}\u00a0\u00bb]<strong><span style=\"color: #993366;\">Espace Sa\u00e2d Abssi \u00e0 Gennevilliers<\/span><\/strong><\/p>\n<p>Le 10 avril 2026 \u00e0 9h30, 10h45 et 14h30<br \/>\nLe 11 avril 2026 \u00e0 11h<br \/>\nLe 13 avril 2026 \u00e0 9h30, 10h45 et 14h30<br \/>\nLe 14 avril 2026 \u00e0 9h30, 10h45 et 14h30<br \/>\nLe 15 avril 2026 \u00e0 10h30[\/vc_column_text][\/vc_column][\/vc_row]<\/p>\n","protected":false},"excerpt":{"rendered":"<p>[vc_row top=\u00a0\u00bb120px\u00a0\u00bb bottom=\u00a0\u00bb20px\u00a0\u00bb][vc_column width=\u00a0\u00bb1\/3&Prime;][vc_single_image image=\u00a0\u00bb1536&Prime; img_size=\u00a0\u00bblarge\u00a0\u00bb alignment=\u00a0\u00bbcenter\u00a0\u00bb css=\u00a0\u00bb.vc_custom_1713341148602{margin-top: 10px !important;}\u00a0\u00bb][vc_single_image image=\u00a0\u00bb1539&Prime; img_size=\u00a0\u00bblarge\u00a0\u00bb alignment=\u00a0\u00bbcenter\u00a0\u00bb css=\u00a0\u00bb.vc_custom_1758222780107{margin-top: 10px !important;}\u00a0\u00bb][vc_single_image image=\u00a0\u00bb1856&Prime; img_size=\u00a0\u00bblarge\u00a0\u00bb alignment=\u00a0\u00bbcenter\u00a0\u00bb css=\u00a0\u00bb.vc_custom_1758222854736{margin-top: 10px !important;}\u00a0\u00bb][\/vc_column][vc_column width=\u00a0\u00bb2\/3&Prime; css=\u00a0\u00bb.vc_custom_1758223375618{padding-top: 10px !important;}\u00a0\u00bb][vc_column_text css=\u00a0\u00bb.vc_custom_1698248875231{margin-bottom: 20px !important;margin-left: 20px !important;}\u00a0\u00bb] Oc\u00e9an [\/vc_column_text][vc_separator color=\u00a0\u00bb#ffffff\u00a0\u00bb thickness=\u00a0\u00bb30&Prime;][vc_column_text css=\u00a0\u00bb.vc_custom_1757941160462{margin-bottom: 15px !important;}\u00a0\u00bb]Salle Jacques Brel, Montherm\u00e9 08 Le 17 octobre 2025 \u00e0 10h15[\/vc_column_text][vc_separator color=\u00a0\u00bb#ffffff\u00a0\u00bb thickness=\u00a0\u00bb30&Prime;][vc_column_text css=\u00a0\u00bb.vc_custom_1757942736829{margin-bottom: 15px !important;}\u00a0\u00bb]Au TMG (Th\u00e9\u00e2tre des Marionnettes de Gen\u00e8ve) &#8211; Suisse Le 22 octobre 2025 \u00e0 11h et 15h30 Le 23 octobre 2025 \u00e0 10h30&#8230;  <\/p>\n<div class=\"read-more\"><a class=\"excerpt-read-more\" href=\"https:\/\/www.s101.fr\/index.php\/la-tournee\/\" title=\"Continue reading La tourn\u00e9e\">Read more<i class=\"fa fa-angle-right\"><\/i><\/a><\/div>\n","protected":false},"author":1,"featured_media":0,"parent":0,"menu_order":0,"comment_status":"closed","ping_status":"closed","template":"","meta":{"footnotes":""},"class_list":["post-675","page","type-page","status-publish","hentry"],"_links":{"self":[{"href":"https:\/\/www.s101.fr\/index.php\/wp-json\/wp\/v2\/pages\/675","targetHints":{"allow":["GET"]}}],"collection":[{"href":"https:\/\/www.s101.fr\/index.php\/wp-json\/wp\/v2\/pages"}],"about":[{"href":"https:\/\/www.s101.fr\/index.php\/wp-json\/wp\/v2\/types\/page"}],"author":[{"embeddable":true,"href":"https:\/\/www.s101.fr\/index.php\/wp-json\/wp\/v2\/users\/1"}],"replies":[{"embeddable":true,"href":"https:\/\/www.s101.fr\/index.php\/wp-json\/wp\/v2\/comments?post=675"}],"version-history":[{"count":222,"href":"https:\/\/www.s101.fr\/index.php\/wp-json\/wp\/v2\/pages\/675\/revisions"}],"predecessor-version":[{"id":1867,"href":"https:\/\/www.s101.fr\/index.php\/wp-json\/wp\/v2\/pages\/675\/revisions\/1867"}],"wp:attachment":[{"href":"https:\/\/www.s101.fr\/index.php\/wp-json\/wp\/v2\/media?parent=675"}],"curies":[{"name":"wp","href":"https:\/\/api.w.org\/{rel}","templated":true}]}}