{"id":988,"date":"2018-08-01T09:19:45","date_gmt":"2018-08-01T07:19:45","guid":{"rendered":"http:\/\/www.s101.fr\/lia\/s101\/?page_id=988"},"modified":"2018-08-21T19:43:07","modified_gmt":"2018-08-21T17:43:07","slug":"de-paille-de-bois-ou-de-briques-reprise","status":"publish","type":"page","link":"http:\/\/www.s101.fr\/index.php\/de-paille-de-bois-ou-de-briques-reprise\/","title":{"rendered":"De paille, de bois ou de briques&#8230; (reprise)"},"content":{"rendered":"<p>[vc_row top=\u00a0\u00bb120px\u00a0\u00bb bottom=\u00a0\u00bb30px\u00a0\u00bb][vc_column width=\u00a0\u00bb1\/2&Prime;][vc_magic_image image=\u00a0\u00bb990&Prime; alignment=\u00a0\u00bbcenter\u00a0\u00bb img_size=\u00a0\u00bblarge\u00a0\u00bb][\/vc_column][vc_column width=\u00a0\u00bb1\/2&Prime; css=\u00a0\u00bb.vc_custom_1533110190901{margin-right: 20px !important;}\u00a0\u00bb][vc_column_text css=\u00a0\u00bb.vc_custom_1533110433411{padding-right: 10px !important;}\u00a0\u00bb]<\/p>\n<h4>De paille, de bois ou de briques&#8230; (2018)<\/h4>\n<p style=\"text-align: justify;\">L\u2019histoire est connue de tous et depuis toujours, elle est simple et \u00e9difiante, dr\u00f4le et inqui\u00e9tante ; Trois petits cochons veulent vivre leur vie et quittent le foyer familial pour tenter leur chance dans le monde.<\/p>\n<p style=\"text-align: justify;\">Le premier petit cochon se construit une maison de paille. Le deuxi\u00e8me petit cochon se construit une maison de bois. Le troisi\u00e8me petit cochon se construit une maison de briques.<\/p>\n<p style=\"text-align: justify;\">Mais le m\u00e9chant loup, affam\u00e9, r\u00f4de alentours\u2026 A chaque maison souffl\u00e9e la tension augmente et le danger se rapproche du dernier cochon, pourtant le plus pr\u00e9voyant. C\u2019est cette tension qui donne \u00e0 cette histoire le sel et le suspens qui la rend si excitante pour le spectateur. Mais que se disent v\u00e9ritablement les diff\u00e9rents protagonistes et comment leurs points de vue \u00e9voluent au gr\u00e9 des \u00e9v\u00e9nements qui modifient le cours de leur vie, leur vision du monde\u2026<\/p>\n<p>&nbsp;<\/p>\n<p><strong>Equipe artistique<\/strong><\/p>\n<p>Texte et mise en sc\u00e8ne <strong>Ang\u00e9lique Friant<\/strong><\/p>\n<p>Construction des marionnettes <strong>Violaine Fimbel, Evandro Serodio et l&rsquo;\u00e9quipe du Jardin Parall\u00e8le<\/strong><\/p>\n<p>Construction du d\u00e9cor <strong>G\u00e9rard Friant<\/strong><\/p>\n<p>R\u00e9gie g\u00e9n\u00e9rale <strong>Nicolas Poix<\/strong><\/p>\n<p>Avec <strong>Jade Collet et Julien Royer<\/strong>[\/vc_column_text][\/vc_column][\/vc_row][vc_row top=\u00a0\u00bb20px\u00a0\u00bb bottom=\u00a0\u00bb30px\u00a0\u00bb][vc_column css=\u00a0\u00bb.vc_custom_1533110114477{margin-right: 80px !important;margin-left: 80px !important;}\u00a0\u00bb][vc_image_gallery images=\u00a0\u00bb992,993,994,995,997&Prime; space=\u00a0\u00bb5&Prime; popup=\u00a0\u00bbtrue\u00a0\u00bb items_row=\u00a0\u00bb6&Prime;][\/vc_column][\/vc_row][vc_row top=\u00a0\u00bb20px\u00a0\u00bb bottom=\u00a0\u00bb10px\u00a0\u00bb][vc_column css=\u00a0\u00bb.vc_custom_1534873385161{margin-right: 80px !important;margin-left: 80px !important;}\u00a0\u00bb][vc_separator width=\u00a0\u00bb50%\u00a0\u00bb thickness=\u00a0\u00bb2px\u00a0\u00bb][\/vc_column][\/vc_row][vc_row top=\u00a0\u00bb20px\u00a0\u00bb][vc_column css=\u00a0\u00bb.vc_custom_1534873326781{margin-right: 80px !important;margin-left: 80px !important;}\u00a0\u00bb][vc_column_text]<\/p>\n<h5><span style=\"color: #800000;\"><em><strong><a style=\"color: #800000;\" href=\"http:\/\/www.s101.fr\/lia\/s101\/wp-content\/uploads\/2018\/08\/DePaille2018.pdf\">T\u00e9l\u00e9charger le dossier ici<\/a><\/strong><\/em><\/span><\/h5>\n<p>[\/vc_column_text][\/vc_column][\/vc_row]<\/p>\n","protected":false},"excerpt":{"rendered":"<p>[vc_row top=\u00a0\u00bb120px\u00a0\u00bb bottom=\u00a0\u00bb30px\u00a0\u00bb][vc_column width=\u00a0\u00bb1\/2&Prime;][vc_magic_image image=\u00a0\u00bb990&Prime; alignment=\u00a0\u00bbcenter\u00a0\u00bb img_size=\u00a0\u00bblarge\u00a0\u00bb][\/vc_column][vc_column width=\u00a0\u00bb1\/2&Prime; css=\u00a0\u00bb.vc_custom_1533110190901{margin-right: 20px !important;}\u00a0\u00bb][vc_column_text css=\u00a0\u00bb.vc_custom_1533110433411{padding-right: 10px !important;}\u00a0\u00bb] De paille, de bois ou de briques&#8230; (2018) L\u2019histoire est connue de tous et depuis toujours, elle est simple et \u00e9difiante, dr\u00f4le et inqui\u00e9tante ; Trois petits cochons veulent vivre leur vie et quittent le foyer familial pour tenter leur chance dans le monde. Le premier petit cochon se construit une maison de paille. Le deuxi\u00e8me petit cochon se construit une&#8230;  <\/p>\n<div class=\"read-more\"><a class=\"excerpt-read-more\" href=\"http:\/\/www.s101.fr\/index.php\/de-paille-de-bois-ou-de-briques-reprise\/\" title=\"Continue reading De paille, de bois ou de briques&#8230; (reprise)\">Read more<i class=\"fa fa-angle-right\"><\/i><\/a><\/div>\n","protected":false},"author":1,"featured_media":0,"parent":0,"menu_order":0,"comment_status":"closed","ping_status":"closed","template":"","meta":{"footnotes":""},"class_list":["post-988","page","type-page","status-publish","hentry"],"_links":{"self":[{"href":"http:\/\/www.s101.fr\/index.php\/wp-json\/wp\/v2\/pages\/988","targetHints":{"allow":["GET"]}}],"collection":[{"href":"http:\/\/www.s101.fr\/index.php\/wp-json\/wp\/v2\/pages"}],"about":[{"href":"http:\/\/www.s101.fr\/index.php\/wp-json\/wp\/v2\/types\/page"}],"author":[{"embeddable":true,"href":"http:\/\/www.s101.fr\/index.php\/wp-json\/wp\/v2\/users\/1"}],"replies":[{"embeddable":true,"href":"http:\/\/www.s101.fr\/index.php\/wp-json\/wp\/v2\/comments?post=988"}],"version-history":[{"count":12,"href":"http:\/\/www.s101.fr\/index.php\/wp-json\/wp\/v2\/pages\/988\/revisions"}],"predecessor-version":[{"id":1126,"href":"http:\/\/www.s101.fr\/index.php\/wp-json\/wp\/v2\/pages\/988\/revisions\/1126"}],"wp:attachment":[{"href":"http:\/\/www.s101.fr\/index.php\/wp-json\/wp\/v2\/media?parent=988"}],"curies":[{"name":"wp","href":"https:\/\/api.w.org\/{rel}","templated":true}]}}