{"id":961,"date":"2018-07-30T16:18:52","date_gmt":"2018-07-30T14:18:52","guid":{"rendered":"http:\/\/www.s101.fr\/lia\/s101\/?page_id=961"},"modified":"2019-06-21T10:02:07","modified_gmt":"2019-06-21T08:02:07","slug":"du-sang-sur-mes-levres","status":"publish","type":"page","link":"http:\/\/www.s101.fr\/index.php\/du-sang-sur-mes-levres\/","title":{"rendered":"Du sang sur mes l\u00e8vres"},"content":{"rendered":"<p>[vc_row top=\u00a0\u00bb120px\u00a0\u00bb bottom=\u00a0\u00bb30px\u00a0\u00bb][vc_column width=\u00a0\u00bb1\/2&Prime;][vc_magic_image image=\u00a0\u00bb973&Prime; alignment=\u00a0\u00bbcenter\u00a0\u00bb img_size=\u00a0\u00bblarge\u00a0\u00bb][\/vc_column][vc_column width=\u00a0\u00bb1\/2&Prime; css=\u00a0\u00bb.vc_custom_1533024969356{padding-right: 10px !important;}\u00a0\u00bb][vc_column_text]<\/p>\n<h2>Du sang sur mes l\u00e8vres<\/h2>\n<p style=\"text-align: justify;\">Plus de 70 ans avant l\u2019invention du personnage de Dracula par Bram Stoker, l\u2019\u00e9crivain allemand Ernst Raupach imagine la premi\u00e8re femme-vampire de la litt\u00e9rature, l\u2019h\u00e9ro\u00efne de la nouvelle Laisse dormir les morts. Un mari \u00e9plor\u00e9 cherche par tous les moyens \u00e0 ramener \u00e0 la vie sa d\u00e9funte \u00e9pouse. Un soir de nouvelle lune, bravant tous les avertissements et interdits, il r\u00e9alise son v\u0153u. Mais \u00e0 quel prix ? Celui du sang, du sang humain dont elle est condamn\u00e9e \u00e0 s\u2019abreuver pour l\u2019\u00e9ternit\u00e9.<br \/>\nM\u00ealant travail vocal, acteurs et marionnettes contemporaines dans un univers influenc\u00e9 par le cin\u00e9ma expressionniste, Ang\u00e9lique Friant r\u00e9invente cette cruelle histoire en posant la question : qui est le monstre ?<\/p>\n<p>&nbsp;<\/p>\n<p style=\"text-align: justify;\"><span class=\"Apple-converted-space\">\u00a0<\/span>Le spectacle Du sang sur mes l\u00e8vres est imagin\u00e9 comme un film fantastique, avec un important travail esth\u00e9tique et\u00a0plastique, des recherches sonores et de lumi\u00e8res pour rendre les atmosph\u00e8res brumeuses et obscures des sc\u00e8nes\u00a0cin\u00e9matographiques mythiques.<\/p>\n<p>[\/vc_column_text][\/vc_column][\/vc_row][vc_row top=\u00a0\u00bb20px\u00a0\u00bb bottom=\u00a0\u00bb10px\u00a0\u00bb][vc_column css=\u00a0\u00bb.vc_custom_1533025489015{margin-right: 80px !important;margin-left: 80px !important;}\u00a0\u00bb][vc_image_gallery images=\u00a0\u00bb965,967,1162,1163,1164,1165&Prime; space=\u00a0\u00bb5&Prime; popup=\u00a0\u00bbtrue\u00a0\u00bb items_row=\u00a0\u00bb6&Prime;][\/vc_column][\/vc_row][vc_row top=\u00a0\u00bb20px\u00a0\u00bb bottom=\u00a0\u00bb10px\u00a0\u00bb][vc_column css=\u00a0\u00bb.vc_custom_1533025503609{margin-right: 80px !important;margin-left: 80px !important;}\u00a0\u00bb][vc_column_text]<\/p>\n<h4><strong>Equipe artistique<\/strong><\/h4>\n<p>Texte et Mise en sc\u00e8ne <strong>Ang\u00e9lique Friant<\/strong><\/p>\n<p>Assist\u00e9e de\u00a0<strong>Elise Ducrot et Nicolas Poix<\/strong><\/p>\n<p>Collaboration artistique <strong>Carole Guidicelli<\/strong><\/p>\n<p>Cr\u00e9ation musicale et sonore <strong>Uriel Barth\u00e9l\u00e9mi<\/strong><\/p>\n<p>En collaboration avec <strong>Gaspard Claus (Violoncelle) et Mood (voix)<\/strong><\/p>\n<p>Cr\u00e9ation lumi\u00e8re et r\u00e9gie g\u00e9n\u00e9rale <strong>Fr\u00e9d\u00e9rique Steiner-Sarrieux<\/strong><\/p>\n<p>R\u00e9gie son <strong>Samuel Gamet<\/strong><\/p>\n<p>Construction des marionnettes <strong>Eduardo F\u00e9lix, Catherine Hugot et l\u2019\u00e9quipe du Jardin Parall\u00e8le<\/strong><\/p>\n<p>Avec <strong>Rodolphe Dekowski, Delphine Hecquet, Maxime Le Gall, Alice Masson<\/strong><\/p>\n<p>Remerciements \u00e0 <strong>Capucine Goguet et Judith Guillonneau<\/strong>[\/vc_column_text][\/vc_column][\/vc_row][vc_row top=\u00a0\u00bb20px\u00a0\u00bb bottom=\u00a0\u00bb10px\u00a0\u00bb][vc_column css=\u00a0\u00bb.vc_custom_1533025535924{margin-right: 80px !important;margin-left: 80px !important;}\u00a0\u00bb][vc_separator width=\u00a0\u00bb50%\u00a0\u00bb thickness=\u00a0\u00bb2px\u00a0\u00bb][\/vc_column][\/vc_row][vc_row top=\u00a0\u00bb20px\u00a0\u00bb][vc_column css=\u00a0\u00bb.vc_custom_1533025553214{margin-right: 80px !important;margin-left: 80px !important;}\u00a0\u00bb][vc_column_text]<\/p>\n<p style=\"text-align: justify;\">PRODUCTION : Succursale 101<\/p>\n<p style=\"text-align: justify;\">COPRODUCTIONS : La Sc\u00e8ne Watteau, Sc\u00e8ne conventionn\u00e9e de Nogent-sur-Marne (94), le Jardin Parall\u00e8le, lieu de compagnonnage marionnettes de Reims (51)<\/p>\n<p style=\"text-align: justify;\">SOUTIENS : C\u00e9sar\u00e9, centre national de cr\u00e9ation musicale de Reims (51), la DSN, Sc\u00e8ne nationale de Dieppe (76), La Com\u00e9die, CDN de Reims (51).<\/p>\n<p style=\"text-align: justify;\">Le spectacle est soutenu par le Conseil R\u00e9gional Grand Est, le Conseil D\u00e9partemental de la Marne et la Ville de Reims.<\/p>\n<p>[\/vc_column_text][\/vc_column][\/vc_row]<\/p>\n","protected":false},"excerpt":{"rendered":"<p>[vc_row top=\u00a0\u00bb120px\u00a0\u00bb bottom=\u00a0\u00bb30px\u00a0\u00bb][vc_column width=\u00a0\u00bb1\/2&Prime;][vc_magic_image image=\u00a0\u00bb973&Prime; alignment=\u00a0\u00bbcenter\u00a0\u00bb img_size=\u00a0\u00bblarge\u00a0\u00bb][\/vc_column][vc_column width=\u00a0\u00bb1\/2&Prime; css=\u00a0\u00bb.vc_custom_1533024969356{padding-right: 10px !important;}\u00a0\u00bb][vc_column_text] Du sang sur mes l\u00e8vres Plus de 70 ans avant l\u2019invention du personnage de Dracula par Bram Stoker, l\u2019\u00e9crivain allemand Ernst Raupach imagine la premi\u00e8re femme-vampire de la litt\u00e9rature, l\u2019h\u00e9ro\u00efne de la nouvelle Laisse dormir les morts. Un mari \u00e9plor\u00e9 cherche par tous les moyens \u00e0 ramener \u00e0 la vie sa d\u00e9funte \u00e9pouse. Un soir de nouvelle lune, bravant tous les avertissements et interdits,&#8230;  <\/p>\n<div class=\"read-more\"><a class=\"excerpt-read-more\" href=\"http:\/\/www.s101.fr\/index.php\/du-sang-sur-mes-levres\/\" title=\"Continue reading Du sang sur mes l\u00e8vres\">Read more<i class=\"fa fa-angle-right\"><\/i><\/a><\/div>\n","protected":false},"author":1,"featured_media":0,"parent":0,"menu_order":0,"comment_status":"closed","ping_status":"closed","template":"","meta":{"footnotes":""},"class_list":["post-961","page","type-page","status-publish","hentry"],"_links":{"self":[{"href":"http:\/\/www.s101.fr\/index.php\/wp-json\/wp\/v2\/pages\/961","targetHints":{"allow":["GET"]}}],"collection":[{"href":"http:\/\/www.s101.fr\/index.php\/wp-json\/wp\/v2\/pages"}],"about":[{"href":"http:\/\/www.s101.fr\/index.php\/wp-json\/wp\/v2\/types\/page"}],"author":[{"embeddable":true,"href":"http:\/\/www.s101.fr\/index.php\/wp-json\/wp\/v2\/users\/1"}],"replies":[{"embeddable":true,"href":"http:\/\/www.s101.fr\/index.php\/wp-json\/wp\/v2\/comments?post=961"}],"version-history":[{"count":22,"href":"http:\/\/www.s101.fr\/index.php\/wp-json\/wp\/v2\/pages\/961\/revisions"}],"predecessor-version":[{"id":1167,"href":"http:\/\/www.s101.fr\/index.php\/wp-json\/wp\/v2\/pages\/961\/revisions\/1167"}],"wp:attachment":[{"href":"http:\/\/www.s101.fr\/index.php\/wp-json\/wp\/v2\/media?parent=961"}],"curies":[{"name":"wp","href":"https:\/\/api.w.org\/{rel}","templated":true}]}}