{"id":518,"date":"2017-08-31T22:20:09","date_gmt":"2017-08-31T20:20:09","guid":{"rendered":"http:\/\/www.s101.fr\/lia\/s101\/?page_id=518"},"modified":"2023-09-27T10:47:11","modified_gmt":"2023-09-27T08:47:11","slug":"les-trois-brigands","status":"publish","type":"page","link":"http:\/\/www.s101.fr\/index.php\/les-trois-brigands\/","title":{"rendered":"Les trois brigands"},"content":{"rendered":"<p>[vc_row top=\u00a0\u00bb120px\u00a0\u00bb bottom=\u00a0\u00bb30px\u00a0\u00bb][vc_column width=\u00a0\u00bb1\/2&Prime;][vc_single_image image=\u00a0\u00bb1017&Prime; img_size=\u00a0\u00bblarge\u00a0\u00bb alignment=\u00a0\u00bbcenter\u00a0\u00bb][vc_empty_space height=\u00a0\u00bb60px\u00a0\u00bb][vc_button title=\u00a0\u00bbTeaser du spectacle\u00a0\u00bb size=\u00a0\u00bbbtn-large\u00a0\u00bb type=\u00a0\u00bbfontawesome\u00a0\u00bb icon_fontawesome=\u00a0\u00bbfar fa-play-circle\u00a0\u00bb margin_left=\u00a0\u00bb120px\u00a0\u00bb color=\u00a0\u00bbbtn_grey\u00a0\u00bb link=\u00a0\u00bburl:http%3A%2F%2Fwww.s101.fr%2Fwp-content%2Fuploads%2F2023%2F09%2FUntitled.mp4|target:_blank\u00a0\u00bb][\/vc_column][vc_column width=\u00a0\u00bb1\/2&Prime;][vc_column_text]<\/p>\n<h2>Les 3 brigands<\/h2>\n<p style=\"text-align: justify;\"><em>Cr\u00e9ation le 6 novembre 2017 \u00e0 la Sc\u00e8ne Watteau, Sc\u00e8ne conventionn\u00e9e de Nogent sur Marne (94)<\/em><\/p>\n<p style=\"text-align: justify;\">Pour cette cr\u00e9ation, Ang\u00e9lique Friant s\u2019inspire d\u2019un classique de la litt\u00e9rature jeunesse et va donner vie aux h\u00e9ros que sont Les Trois Brigands de Tomi Ungerer. Ces trois m\u00e9chants brigands passent leur temps \u00e0 d\u00e9trousser les voyageurs en diligence et \u00e0 d\u00e9truire les attelages\u2026<br \/>\nSans c\u0153ur et sans scrupule, rien ne les arr\u00eatent jusqu\u2019au jour o\u00f9 l\u2019unique butin de la diligence attaqu\u00e9e est Tiffany. D\u00e9sempar\u00e9s, ils s\u2019enqui\u00e8rent tout de m\u00eame de l\u2019orpheline.<br \/>\nCette derni\u00e8re acquisition changera leur destin \u00e0 partir d\u2019une simple question qu\u2019ils ne s\u2019\u00e9taient jamais pos\u00e9 : \u00abQue faites-vous de tout cet or ?\u00bb Et c\u2019est ainsi qu\u2019ils trouveront \u00e0 donner un sens \u00e0 leurs actes et redessineront le cour de leurs vies.<\/p>\n<p style=\"text-align: justify;\">Comme \u00e0 son habitude, pour servir ce conte, Ang\u00e9lique Friant convoque l\u2019art\u00a0de la marionnette avec lequel elle entretient des liens \u00e9troits. L\u2019univers onirique\u00a0qui est le sien nous guidera dans un endroit enchanteur o\u00f9 les illusions nous\u00a0font perdre pied, nous entra\u00eenant dans une r\u00e9alit\u00e9 parall\u00e8le. Toujours \u00e0 la lisi\u00e8re\u00a0des mondes, la danse, le th\u00e9\u00e2tre et la vid\u00e9o vont se conjuguer et fusionner\u00a0pour offrir un visuel \u00e9tonnant aux jeunes yeux, comme aux plus aguerris.<\/p>\n<p>[\/vc_column_text][\/vc_column][\/vc_row][vc_row top=\u00a0\u00bb20px\u00a0\u00bb bottom=\u00a0\u00bb30px\u00a0\u00bb][vc_column css=\u00a0\u00bb.vc_custom_1504210592134{margin-right: 80px !important;margin-left: 80px !important;}\u00a0\u00bb][vc_image_gallery images=\u00a0\u00bb1019,1020,1021&Prime; space=\u00a0\u00bb5&Prime; popup=\u00a0\u00bbtrue\u00a0\u00bb items_row=\u00a0\u00bb6&Prime;][\/vc_column][\/vc_row][vc_row top=\u00a0\u00bb20px\u00a0\u00bb bottom=\u00a0\u00bb10px\u00a0\u00bb][vc_column css=\u00a0\u00bb.vc_custom_1504210695322{margin-right: 80px !important;margin-left: 80px !important;}\u00a0\u00bb][vc_column_text]<\/p>\n<h4>Equipe<\/h4>\n<p>Mise en sc\u00e8ne <strong>Ang\u00e9lique Friant<\/strong>\u00a0Assist\u00e9e de <strong>Marie Vivier<\/strong> et J<strong>ade Collet<\/strong><\/p>\n<p>Sc\u00e9nographie <strong>Sarah Grandjean<\/strong><\/p>\n<p>Cr\u00e9ation musicale et sonore <strong>Uriel Barth\u00e9l\u00e9mi<\/strong><\/p>\n<p>Musiciens <strong>Michel Godard<\/strong> et <strong>Pierre Lain\u00e9<\/strong><\/p>\n<p>R\u00e9gie g\u00e9n\u00e9rale<strong> Nicolas Poix<\/strong><\/p>\n<p>Construction\u00a0<strong>R\u00e9mi Lhermenot <\/strong>assist\u00e9 de<strong> Yoann Moyeuvre <\/strong>et l&rsquo;\u00e9quipe du<strong> Jardin Parall\u00e8le<\/strong><\/p>\n<p>Costumes <strong>Jennifer Minard<\/strong><\/p>\n<p>Cr\u00e9ation chapeaux <strong>Sara Tintinger<\/strong><\/p>\n<p>Avec <strong>Chiara Collet<\/strong>, <strong>Fr\u00e9d\u00e9ric Jeannot<\/strong> et <strong>Audrey Dugu\u00e9<\/strong><\/p>\n<p>Remerciements \u00e0 <strong>Nadine Lapuyade<\/strong>, <strong>David Girondin Moab<\/strong> et <strong>Cyril No\u00ebl<\/strong>.[\/vc_column_text][\/vc_column][\/vc_row][vc_row top=\u00a0\u00bb20px\u00a0\u00bb bottom=\u00a0\u00bb10px\u00a0\u00bb][vc_column css=\u00a0\u00bb.vc_custom_1504210735662{margin-right: 80px !important;margin-left: 80px !important;}\u00a0\u00bb][vc_separator width=\u00a0\u00bb50%\u00a0\u00bb thickness=\u00a0\u00bb2px\u00a0\u00bb][\/vc_column][\/vc_row][vc_row top=\u00a0\u00bb10px\u00a0\u00bb][vc_column css=\u00a0\u00bb.vc_custom_1504210805992{margin-right: 80px !important;margin-left: 80px !important;}\u00a0\u00bb][vc_column_text]Production Succursale 101<\/p>\n<p>Coproductions\u00a0La Sc\u00e8ne Watteau \u2013 sc\u00e8ne conventionn\u00e9e de Nogent-sur-Marne avec les soutiens de Th\u00e9\u00e2tre Paris-Villette, Centre de la marionnette de la f\u00e9d\u00e9ration Wallonie-Bruxelles (Belgique), Sc\u00e8ne nationale de Dieppe, le Jardin Parall\u00e8le, le Conseil r\u00e9gional Grand Est, le Conseil d\u00e9partemental de la Marne et la Ville de Reims<\/p>\n<p>avec le soutien du Conseil d\u00e9partemental du Val-de-Marne dans le cadre de l\u2019aide \u00e0 la cr\u00e9ation[\/vc_column_text][\/vc_column][\/vc_row][vc_row top=\u00a0\u00bb20px\u00a0\u00bb bottom=\u00a0\u00bb10px\u00a0\u00bb][vc_column css=\u00a0\u00bb.vc_custom_1504210735662{margin-right: 80px !important;margin-left: 80px !important;}\u00a0\u00bb][vc_separator width=\u00a0\u00bb50%\u00a0\u00bb thickness=\u00a0\u00bb2px\u00a0\u00bb][\/vc_column][\/vc_row][vc_row top=\u00a0\u00bb10px\u00a0\u00bb][vc_column css=\u00a0\u00bb.vc_custom_1534874626539{margin-right: 80px !important;margin-left: 80px !important;}\u00a0\u00bb][vc_column_text]<\/p>\n<h5><span style=\"color: #800000;\"><em><strong><a style=\"color: #800000;\" href=\"http:\/\/www.s101.fr\/Dossiers\/Dossier3B.pdf\" target=\"_blank\" rel=\"noopener\">T\u00c9L\u00c9CHARGER LE DOSSIER ICI<\/a><\/strong><\/em><\/span><\/h5>\n<p>[\/vc_column_text][\/vc_column][\/vc_row]<\/p>\n","protected":false},"excerpt":{"rendered":"<p>[vc_row top=\u00a0\u00bb120px\u00a0\u00bb bottom=\u00a0\u00bb30px\u00a0\u00bb][vc_column width=\u00a0\u00bb1\/2&Prime;][vc_single_image image=\u00a0\u00bb1017&Prime; img_size=\u00a0\u00bblarge\u00a0\u00bb alignment=\u00a0\u00bbcenter\u00a0\u00bb][vc_empty_space height=\u00a0\u00bb60px\u00a0\u00bb][vc_button title=\u00a0\u00bbTeaser du spectacle\u00a0\u00bb size=\u00a0\u00bbbtn-large\u00a0\u00bb type=\u00a0\u00bbfontawesome\u00a0\u00bb icon_fontawesome=\u00a0\u00bbfar fa-play-circle\u00a0\u00bb margin_left=\u00a0\u00bb120px\u00a0\u00bb color=\u00a0\u00bbbtn_grey\u00a0\u00bb link=\u00a0\u00bburl:http%3A%2F%2Fwww.s101.fr%2Fwp-content%2Fuploads%2F2023%2F09%2FUntitled.mp4|target:_blank\u00a0\u00bb][\/vc_column][vc_column width=\u00a0\u00bb1\/2&Prime;][vc_column_text] Les 3 brigands Cr\u00e9ation le 6 novembre 2017 \u00e0 la Sc\u00e8ne Watteau, Sc\u00e8ne conventionn\u00e9e de Nogent sur Marne (94) Pour cette cr\u00e9ation, Ang\u00e9lique Friant s\u2019inspire d\u2019un classique de la litt\u00e9rature jeunesse et va donner vie aux h\u00e9ros que sont Les Trois Brigands de Tomi Ungerer. Ces trois m\u00e9chants brigands passent leur temps \u00e0 d\u00e9trousser les voyageurs&#8230;  <\/p>\n<div class=\"read-more\"><a class=\"excerpt-read-more\" href=\"http:\/\/www.s101.fr\/index.php\/les-trois-brigands\/\" title=\"Continue reading Les trois brigands\">Read more<i class=\"fa fa-angle-right\"><\/i><\/a><\/div>\n","protected":false},"author":1,"featured_media":0,"parent":0,"menu_order":0,"comment_status":"closed","ping_status":"closed","template":"","meta":{"footnotes":""},"class_list":["post-518","page","type-page","status-publish","hentry"],"_links":{"self":[{"href":"http:\/\/www.s101.fr\/index.php\/wp-json\/wp\/v2\/pages\/518","targetHints":{"allow":["GET"]}}],"collection":[{"href":"http:\/\/www.s101.fr\/index.php\/wp-json\/wp\/v2\/pages"}],"about":[{"href":"http:\/\/www.s101.fr\/index.php\/wp-json\/wp\/v2\/types\/page"}],"author":[{"embeddable":true,"href":"http:\/\/www.s101.fr\/index.php\/wp-json\/wp\/v2\/users\/1"}],"replies":[{"embeddable":true,"href":"http:\/\/www.s101.fr\/index.php\/wp-json\/wp\/v2\/comments?post=518"}],"version-history":[{"count":19,"href":"http:\/\/www.s101.fr\/index.php\/wp-json\/wp\/v2\/pages\/518\/revisions"}],"predecessor-version":[{"id":1417,"href":"http:\/\/www.s101.fr\/index.php\/wp-json\/wp\/v2\/pages\/518\/revisions\/1417"}],"wp:attachment":[{"href":"http:\/\/www.s101.fr\/index.php\/wp-json\/wp\/v2\/media?parent=518"}],"curies":[{"name":"wp","href":"https:\/\/api.w.org\/{rel}","templated":true}]}}