{"id":516,"date":"2017-08-31T20:42:43","date_gmt":"2017-08-31T18:42:43","guid":{"rendered":"http:\/\/www.s101.fr\/lia\/s101\/?page_id=516"},"modified":"2018-08-01T14:12:06","modified_gmt":"2018-08-01T12:12:06","slug":"autour-de-couac","status":"publish","type":"page","link":"http:\/\/www.s101.fr\/index.php\/autour-de-couac\/","title":{"rendered":"Autour de Couac"},"content":{"rendered":"<p>[vc_row top=\u00a0\u00bb120px\u00a0\u00bb bottom=\u00a0\u00bb30px\u00a0\u00bb][vc_column width=\u00a0\u00bb1\/2&Prime;][vc_single_image image=\u00a0\u00bb799&Prime; img_size=\u00a0\u00bblarge\u00a0\u00bb alignment=\u00a0\u00bbcenter\u00a0\u00bb][\/vc_column][vc_column width=\u00a0\u00bb1\/2&Prime;][vc_column_text]<\/p>\n<h2>Autour de Couac<\/h2>\n<h4>Immersion dans l\u2019univers de Couac<\/h4>\n<p>Installation plastique et vid\u00e9o immersive<\/p>\n<p>Tout public \u00e0 partir de 2 ans<\/p>\n<p style=\"text-align: justify;\">A l\u2019int\u00e9rieur d\u2019une grande bo\u00eete noire les visiteurs\u00a0sont invit\u00e9s \u00e0 d\u00e9couvrir de fa\u00e7on ludique\u00a0les techniques et th\u00e9matiques du spectacle et \u00e0\u00a0devenir acteur de ce petit univers :<\/p>\n<p style=\"text-align: justify;\">silhouettes d\u2019ombre, marionnettes port\u00e9es\u00a0et kokoschka \u00e0 manipuler,\u00a0ombromanie \u00e0 d\u00e9couvrir,\u00a0histoire \u00e0 \u00e9couter,\u00a0nid douillet en lumi\u00e8re noire o\u00f9 se blottir\u2026<\/p>\n<h4>Action artistique<\/h4>\n<p style=\"text-align: justify;\">L\u2019installation peut \u00eatre libre en tout public. Avec la pr\u00e9sence de 2 m\u00e9diateurs de votre \u00e9quipe,\u00a0form\u00e9s par nos soins.\u00a0Elle peut s\u2019accompagner :<\/p>\n<p style=\"text-align: justify;\">De visites guid\u00e9es par un artiste. Visite de 30 min par groupe de 15 enfants maximun.<\/p>\n<p style=\"text-align: justify;\">D\u2019ateliers d\u2019initiation \u00e0 la marionnette port\u00e9e, au th\u00e9\u00e2tre d\u2019ombre (manipulation \/ construction).<\/p>\n<p style=\"text-align: justify;\">De formation \u00e0 destination des enseignants, animateurs&#8230;<\/p>\n<p>[\/vc_column_text][\/vc_column][\/vc_row][vc_row][vc_column css=\u00a0\u00bb.vc_custom_1504204903600{margin-right: 80px !important;margin-left: 80px !important;}\u00a0\u00bb][vc_image_gallery images=\u00a0\u00bb800,801,802,803,804,805&Prime; space=\u00a0\u00bb5&Prime; popup=\u00a0\u00bbtrue\u00a0\u00bb items_row=\u00a0\u00bb6&Prime;][\/vc_column][\/vc_row][vc_row top=\u00a0\u00bb20px\u00a0\u00bb][vc_column css=\u00a0\u00bb.vc_custom_1504204950268{margin-right: 80px !important;margin-left: 80px !important;}\u00a0\u00bb][vc_column_text]<\/p>\n<h4>Equipe<\/h4>\n<p>Conception Ang\u00e9lique Friant<\/p>\n<p>assist\u00e9e de Nicolas Poix<\/p>\n<p>Cr\u00e9ation vid\u00e9o St\u00e9phane Bordonaro<\/p>\n<p>Illustrations Emilie Vast<\/p>\n<p>Cr\u00e9ation musicale Uriel Barth\u00e9lemi<\/p>\n<p>Fl\u00fbte Cassandre Girard<\/p>\n<p>Couture Jennifer Minard<\/p>\n<p>R\u00e9gie g\u00e9n\u00e9rale Arnaud Rollat<\/p>\n<p>Construction G\u00e9rard Friant<\/p>\n<p>Remerciements \u00e0 R\u00e9mi Pradier, M\u00e9lanie Rebolj et \u00e0 l\u2019\u00e9quipe du Jardin Parall\u00e8le, fabrique marionnettique et laboratoire\u00a0d\u2019\u00e9critures nouvelles.[\/vc_column_text][\/vc_column][\/vc_row]<\/p>\n","protected":false},"excerpt":{"rendered":"<p>[vc_row top=\u00a0\u00bb120px\u00a0\u00bb bottom=\u00a0\u00bb30px\u00a0\u00bb][vc_column width=\u00a0\u00bb1\/2&Prime;][vc_single_image image=\u00a0\u00bb799&Prime; img_size=\u00a0\u00bblarge\u00a0\u00bb alignment=\u00a0\u00bbcenter\u00a0\u00bb][\/vc_column][vc_column width=\u00a0\u00bb1\/2&Prime;][vc_column_text] Autour de Couac Immersion dans l\u2019univers de Couac Installation plastique et vid\u00e9o immersive Tout public \u00e0 partir de 2 ans A l\u2019int\u00e9rieur d\u2019une grande bo\u00eete noire les visiteurs\u00a0sont invit\u00e9s \u00e0 d\u00e9couvrir de fa\u00e7on ludique\u00a0les techniques et th\u00e9matiques du spectacle et \u00e0\u00a0devenir acteur de ce petit univers : silhouettes d\u2019ombre, marionnettes port\u00e9es\u00a0et kokoschka \u00e0 manipuler,\u00a0ombromanie \u00e0 d\u00e9couvrir,\u00a0histoire \u00e0 \u00e9couter,\u00a0nid douillet en lumi\u00e8re noire o\u00f9 se blottir\u2026 Action artistique&#8230;  <\/p>\n<div class=\"read-more\"><a class=\"excerpt-read-more\" href=\"http:\/\/www.s101.fr\/index.php\/autour-de-couac\/\" title=\"Continue reading Autour de Couac\">Read more<i class=\"fa fa-angle-right\"><\/i><\/a><\/div>\n","protected":false},"author":1,"featured_media":0,"parent":0,"menu_order":0,"comment_status":"closed","ping_status":"closed","template":"","meta":{"footnotes":""},"class_list":["post-516","page","type-page","status-publish","hentry"],"_links":{"self":[{"href":"http:\/\/www.s101.fr\/index.php\/wp-json\/wp\/v2\/pages\/516","targetHints":{"allow":["GET"]}}],"collection":[{"href":"http:\/\/www.s101.fr\/index.php\/wp-json\/wp\/v2\/pages"}],"about":[{"href":"http:\/\/www.s101.fr\/index.php\/wp-json\/wp\/v2\/types\/page"}],"author":[{"embeddable":true,"href":"http:\/\/www.s101.fr\/index.php\/wp-json\/wp\/v2\/users\/1"}],"replies":[{"embeddable":true,"href":"http:\/\/www.s101.fr\/index.php\/wp-json\/wp\/v2\/comments?post=516"}],"version-history":[{"count":5,"href":"http:\/\/www.s101.fr\/index.php\/wp-json\/wp\/v2\/pages\/516\/revisions"}],"predecessor-version":[{"id":1027,"href":"http:\/\/www.s101.fr\/index.php\/wp-json\/wp\/v2\/pages\/516\/revisions\/1027"}],"wp:attachment":[{"href":"http:\/\/www.s101.fr\/index.php\/wp-json\/wp\/v2\/media?parent=516"}],"curies":[{"name":"wp","href":"https:\/\/api.w.org\/{rel}","templated":true}]}}