{"id":513,"date":"2017-08-31T20:34:52","date_gmt":"2017-08-31T18:34:52","guid":{"rendered":"http:\/\/www.s101.fr\/lia\/s101\/?page_id=513"},"modified":"2018-08-01T14:29:26","modified_gmt":"2018-08-01T12:29:26","slug":"crepuscules","status":"publish","type":"page","link":"http:\/\/www.s101.fr\/index.php\/crepuscules\/","title":{"rendered":"Cr\u00e9puscules"},"content":{"rendered":"<p>[vc_row top=\u00a0\u00bb120px\u00a0\u00bb bottom=\u00a0\u00bb30px\u00a0\u00bb][vc_column width=\u00a0\u00bb1\/2&Prime;][vc_single_image image=\u00a0\u00bb781&Prime; img_size=\u00a0\u00bblarge\u00a0\u00bb alignment=\u00a0\u00bbcenter\u00a0\u00bb][\/vc_column][vc_column width=\u00a0\u00bb1\/2&Prime;][vc_column_text]<\/p>\n<h2>Cr\u00e9puscule<\/h2>\n<p class=\"ox-57ec20eafb-p1\" style=\"text-align: justify;\"><span class=\"ox-57ec20eafb-s1\">Chaque acte magique \u00e0 un prix \u00e0 payer.<\/span><\/p>\n<p class=\"ox-57ec20eafb-p1\" style=\"text-align: justify;\"><span class=\"ox-57ec20eafb-s1\">Celui qu&rsquo;impose l&rsquo;amant \u00e9plor\u00e9 \u00e0 sa d\u00e9funte \u00e9pouse, un soir de nouvelle lune, devant sa s\u00e9pulture, sous les avertissements du n\u00e9cromant, en poss\u00e8de un bien lourd.\u00a0<\/span><span class=\"ox-57ec20eafb-s1\">Il la transforme alors en un \u00eatre assoiff\u00e9 de sang, de sang chaud, de sang humain.\u00a0<\/span><span class=\"ox-57ec20eafb-s1\">Qui est le monstre ?\u00a0<\/span><\/p>\n<p class=\"ox-57ec20eafb-p1\" style=\"text-align: justify;\"><span class=\"ox-57ec20eafb-s1\">Dans Cr\u00e9puscule, les ombres de Maud Gironnay donnent \u00e0 voir l&rsquo;univers gothique et fantastique inspir\u00e9 par la nouvelle Lasst die toten ruhen, du dramaturge allemand Ernst Raupach.<\/span><\/p>\n<p class=\"ox-57ec20eafb-p1\" style=\"text-align: justify;\"><span class=\"ox-57ec20eafb-s1\">C&rsquo;est dans ce petit th\u00e9\u00e2tre d&rsquo;ombres \u00e0 l&rsquo;allure d&rsquo;un lit \u00e0 baldaquin myst\u00e9rieux, qu&rsquo;Ang\u00e9lique Friant s&rsquo;amuse \u00e0 r\u00e9inventer et \u00e0 ressusciter la cruelle histoire de la premi\u00e8re femme vampire de la litt\u00e9rature.<\/span><\/p>\n<p>&nbsp;<\/p>\n<h4>Equipe<\/h4>\n<p class=\"ox-57ec20eafb-p1\"><span class=\"ox-57ec20eafb-s1\">Conception et interpr\u00e9tation <strong>Ang\u00e9lique Friant<span class=\"ox-57ec20eafb-Apple-converted-space\">\u00a0<\/span><\/strong><\/span><\/p>\n<p class=\"ox-57ec20eafb-p1\"><span class=\"ox-57ec20eafb-s1\">Ombres <strong>Maud Gironney<span class=\"ox-57ec20eafb-Apple-converted-space\">\u00a0<\/span><\/strong><\/span><\/p>\n<p class=\"ox-57ec20eafb-p1\"><span class=\"ox-57ec20eafb-s1\">Collaboration artistique <strong>Guillaume Pons<\/strong><\/span><\/p>\n<p class=\"ox-57ec20eafb-p1\"><span class=\"ox-57ec20eafb-s1\">Cr\u00e9ation vid\u00e9o <strong>Nicolas Poix<\/strong><\/span><\/p>\n<p class=\"ox-57ec20eafb-p1\"><span class=\"ox-57ec20eafb-s1\">Remerciements \u00e0 <strong>Judith Guilloneau, Chiara Collet et Madeline Kerdraon<\/strong><\/span><\/p>\n<p>[\/vc_column_text][\/vc_column][\/vc_row][vc_row top=\u00a0\u00bb20px\u00a0\u00bb bottom=\u00a0\u00bb30px\u00a0\u00bb][vc_column css=\u00a0\u00bb.vc_custom_1504204411587{margin-right: 80px !important;margin-left: 80px !important;}\u00a0\u00bb][vc_image_gallery images=\u00a0\u00bb1033,1034,1035&Prime; space=\u00a0\u00bb5&Prime; popup=\u00a0\u00bbtrue\u00a0\u00bb items_row=\u00a0\u00bb6&Prime;][\/vc_column][\/vc_row][vc_row top=\u00a0\u00bb20px\u00a0\u00bb bottom=\u00a0\u00bb10px\u00a0\u00bb][vc_column css=\u00a0\u00bb.vc_custom_1504808324297{margin-right: 80px !important;margin-left: 80px !important;}\u00a0\u00bb][vc_separator width=\u00a0\u00bb50%\u00a0\u00bb thickness=\u00a0\u00bb2px\u00a0\u00bb][\/vc_column][\/vc_row][vc_row top=\u00a0\u00bb10px\u00a0\u00bb][vc_column css=\u00a0\u00bb.vc_custom_1504204487454{margin-right: 80px !important;margin-left: 80px !important;}\u00a0\u00bb][vc_column_text]Avec le soutien du Jardin Parall\u00e8le[\/vc_column_text][\/vc_column][\/vc_row]<\/p>\n","protected":false},"excerpt":{"rendered":"<p>[vc_row top=\u00a0\u00bb120px\u00a0\u00bb bottom=\u00a0\u00bb30px\u00a0\u00bb][vc_column width=\u00a0\u00bb1\/2&Prime;][vc_single_image image=\u00a0\u00bb781&Prime; img_size=\u00a0\u00bblarge\u00a0\u00bb alignment=\u00a0\u00bbcenter\u00a0\u00bb][\/vc_column][vc_column width=\u00a0\u00bb1\/2&Prime;][vc_column_text] Cr\u00e9puscule Chaque acte magique \u00e0 un prix \u00e0 payer. Celui qu&rsquo;impose l&rsquo;amant \u00e9plor\u00e9 \u00e0 sa d\u00e9funte \u00e9pouse, un soir de nouvelle lune, devant sa s\u00e9pulture, sous les avertissements du n\u00e9cromant, en poss\u00e8de un bien lourd.\u00a0Il la transforme alors en un \u00eatre assoiff\u00e9 de sang, de sang chaud, de sang humain.\u00a0Qui est le monstre ?\u00a0 Dans Cr\u00e9puscule, les ombres de Maud Gironnay donnent \u00e0 voir l&rsquo;univers gothique et&#8230;  <\/p>\n<div class=\"read-more\"><a class=\"excerpt-read-more\" href=\"http:\/\/www.s101.fr\/index.php\/crepuscules\/\" title=\"Continue reading Cr\u00e9puscules\">Read more<i class=\"fa fa-angle-right\"><\/i><\/a><\/div>\n","protected":false},"author":1,"featured_media":0,"parent":0,"menu_order":0,"comment_status":"closed","ping_status":"closed","template":"","meta":{"footnotes":""},"class_list":["post-513","page","type-page","status-publish","hentry"],"_links":{"self":[{"href":"http:\/\/www.s101.fr\/index.php\/wp-json\/wp\/v2\/pages\/513","targetHints":{"allow":["GET"]}}],"collection":[{"href":"http:\/\/www.s101.fr\/index.php\/wp-json\/wp\/v2\/pages"}],"about":[{"href":"http:\/\/www.s101.fr\/index.php\/wp-json\/wp\/v2\/types\/page"}],"author":[{"embeddable":true,"href":"http:\/\/www.s101.fr\/index.php\/wp-json\/wp\/v2\/users\/1"}],"replies":[{"embeddable":true,"href":"http:\/\/www.s101.fr\/index.php\/wp-json\/wp\/v2\/comments?post=513"}],"version-history":[{"count":8,"href":"http:\/\/www.s101.fr\/index.php\/wp-json\/wp\/v2\/pages\/513\/revisions"}],"predecessor-version":[{"id":1036,"href":"http:\/\/www.s101.fr\/index.php\/wp-json\/wp\/v2\/pages\/513\/revisions\/1036"}],"wp:attachment":[{"href":"http:\/\/www.s101.fr\/index.php\/wp-json\/wp\/v2\/media?parent=513"}],"curies":[{"name":"wp","href":"https:\/\/api.w.org\/{rel}","templated":true}]}}