{"id":511,"date":"2017-08-31T20:31:10","date_gmt":"2017-08-31T18:31:10","guid":{"rendered":"http:\/\/www.s101.fr\/lia\/s101\/?page_id=511"},"modified":"2018-08-21T19:44:02","modified_gmt":"2018-08-21T17:44:02","slug":"colette-michard","status":"publish","type":"page","link":"http:\/\/www.s101.fr\/index.php\/colette-michard\/","title":{"rendered":"Colette Michard"},"content":{"rendered":"<p>[vc_row top=\u00a0\u00bb120px\u00a0\u00bb bottom=\u00a0\u00bb30px\u00a0\u00bb][vc_column width=\u00a0\u00bb1\/2&Prime;][vc_single_image image=\u00a0\u00bb862&Prime; img_size=\u00a0\u00bblarge\u00a0\u00bb alignment=\u00a0\u00bbcenter\u00a0\u00bb][\/vc_column][vc_column width=\u00a0\u00bb1\/2&Prime;][vc_column_text]<\/p>\n<h2>Colette Michard<\/h2>\n<p style=\"text-align: justify;\">Une vieille chanteuse d\u00e9cr\u00e9pite, Colette Michard, s\u00e9nile et oubli\u00e9e du public se r\u00e9veille dans sa chambre au milieu de ses souvenirs\u2026\u00c0 travers son r\u00e9cital improvis\u00e9 \u00e0 l\u2019humour d\u00e9cal\u00e9, elle nous fait voyager entre triste r\u00e9alit\u00e9 et vie fantasm\u00e9e.<\/p>\n<h4>Equipe<\/h4>\n<p>Mise en sc\u00e8ne\u00a0 et interpr\u00e9tation<strong>\u00a0Ang\u00e9lique Friant<\/strong><br \/>\nTextes et Musiques des chansons\u00a0<strong>Mathieu Barcella<\/strong><br \/>\nCr\u00e9ateur sonore\u00a0\u00a0<strong>Vincent Martial<\/strong><br \/>\nConstruction des Marionnettes\u00a0\u00a0<strong>David Girondin Moab<\/strong>,<strong>\u00a0Catherine Hugot<\/strong><br \/>\nCostume\u00a0<strong>\u00a0S\u00e9verine Gohier<\/strong>[\/vc_column_text][\/vc_column][\/vc_row][vc_row top=\u00a0\u00bb20px\u00a0\u00bb bottom=\u00a0\u00bb30px\u00a0\u00bb][vc_column css=\u00a0\u00bb.vc_custom_1504204188650{margin-right: 80px !important;margin-left: 80px !important;}\u00a0\u00bb][vc_image_gallery images=\u00a0\u00bb855,856,857,858,859,860&Prime; space=\u00a0\u00bb5&Prime; popup=\u00a0\u00bbtrue\u00a0\u00bb items_row=\u00a0\u00bb6&Prime;][\/vc_column][\/vc_row][vc_row top=\u00a0\u00bb20px\u00a0\u00bb bottom=\u00a0\u00bb10px\u00a0\u00bb][vc_column css=\u00a0\u00bb.vc_custom_1504204224549{margin-right: 80px !important;margin-left: 80px !important;}\u00a0\u00bb][vc_separator width=\u00a0\u00bb50%\u00a0\u00bb thickness=\u00a0\u00bb2px\u00a0\u00bb][\/vc_column][\/vc_row][vc_row top=\u00a0\u00bb10px\u00a0\u00bb][vc_column css=\u00a0\u00bb.vc_custom_1504204268662{margin-right: 80px !important;margin-left: 80px !important;}\u00a0\u00bb][vc_column_text]<i>Colette Michard est le premier projet de la Compagnie Succursale 101. Il est soutenu par le Minist\u00e8re de la Jeunesse par le biais d\u2019une bourse Envie d\u2019Agir. Dans ce cadre, ce spectacle a b\u00e9n\u00e9fici\u00e9 d\u2019une r\u00e9sidence \u00e0 la MJC d\u2019Ay et d\u2019un chantier-r\u00e9sidence au Salmanazar, Sc\u00e8ne de cr\u00e9ation et de diffusion d\u2019Epernay.<\/i>[\/vc_column_text][\/vc_column][\/vc_row][vc_row top=\u00a0\u00bb20px\u00a0\u00bb bottom=\u00a0\u00bb20px\u00a0\u00bb][vc_column css=\u00a0\u00bb.vc_custom_1504204224549{margin-right: 80px !important;margin-left: 80px !important;}\u00a0\u00bb][vc_separator width=\u00a0\u00bb50%\u00a0\u00bb thickness=\u00a0\u00bb2px\u00a0\u00bb][\/vc_column][\/vc_row]<\/p>\n","protected":false},"excerpt":{"rendered":"<p>[vc_row top=\u00a0\u00bb120px\u00a0\u00bb bottom=\u00a0\u00bb30px\u00a0\u00bb][vc_column width=\u00a0\u00bb1\/2&Prime;][vc_single_image image=\u00a0\u00bb862&Prime; img_size=\u00a0\u00bblarge\u00a0\u00bb alignment=\u00a0\u00bbcenter\u00a0\u00bb][\/vc_column][vc_column width=\u00a0\u00bb1\/2&Prime;][vc_column_text] Colette Michard Une vieille chanteuse d\u00e9cr\u00e9pite, Colette Michard, s\u00e9nile et oubli\u00e9e du public se r\u00e9veille dans sa chambre au milieu de ses souvenirs\u2026\u00c0 travers son r\u00e9cital improvis\u00e9 \u00e0 l\u2019humour d\u00e9cal\u00e9, elle nous fait voyager entre triste r\u00e9alit\u00e9 et vie fantasm\u00e9e. Equipe Mise en sc\u00e8ne\u00a0 et interpr\u00e9tation\u00a0Ang\u00e9lique Friant Textes et Musiques des chansons\u00a0Mathieu Barcella Cr\u00e9ateur sonore\u00a0\u00a0Vincent Martial Construction des Marionnettes\u00a0\u00a0David Girondin Moab,\u00a0Catherine Hugot Costume\u00a0\u00a0S\u00e9verine Gohier[\/vc_column_text][\/vc_column][\/vc_row][vc_row top=\u00a0\u00bb20px\u00a0\u00bb bottom=\u00a0\u00bb30px\u00a0\u00bb][vc_column css=\u00a0\u00bb.vc_custom_1504204188650{margin-right:&#8230;  <\/p>\n<div class=\"read-more\"><a class=\"excerpt-read-more\" href=\"http:\/\/www.s101.fr\/index.php\/colette-michard\/\" title=\"Continue reading Colette Michard\">Read more<i class=\"fa fa-angle-right\"><\/i><\/a><\/div>\n","protected":false},"author":1,"featured_media":0,"parent":0,"menu_order":0,"comment_status":"closed","ping_status":"closed","template":"","meta":{"footnotes":""},"class_list":["post-511","page","type-page","status-publish","hentry"],"_links":{"self":[{"href":"http:\/\/www.s101.fr\/index.php\/wp-json\/wp\/v2\/pages\/511","targetHints":{"allow":["GET"]}}],"collection":[{"href":"http:\/\/www.s101.fr\/index.php\/wp-json\/wp\/v2\/pages"}],"about":[{"href":"http:\/\/www.s101.fr\/index.php\/wp-json\/wp\/v2\/types\/page"}],"author":[{"embeddable":true,"href":"http:\/\/www.s101.fr\/index.php\/wp-json\/wp\/v2\/users\/1"}],"replies":[{"embeddable":true,"href":"http:\/\/www.s101.fr\/index.php\/wp-json\/wp\/v2\/comments?post=511"}],"version-history":[{"count":7,"href":"http:\/\/www.s101.fr\/index.php\/wp-json\/wp\/v2\/pages\/511\/revisions"}],"predecessor-version":[{"id":1127,"href":"http:\/\/www.s101.fr\/index.php\/wp-json\/wp\/v2\/pages\/511\/revisions\/1127"}],"wp:attachment":[{"href":"http:\/\/www.s101.fr\/index.php\/wp-json\/wp\/v2\/media?parent=511"}],"curies":[{"name":"wp","href":"https:\/\/api.w.org\/{rel}","templated":true}]}}