{"id":509,"date":"2017-08-31T20:27:07","date_gmt":"2017-08-31T18:27:07","guid":{"rendered":"http:\/\/www.s101.fr\/lia\/s101\/?page_id=509"},"modified":"2018-08-01T14:31:20","modified_gmt":"2018-08-01T12:31:20","slug":"de-la-porte-dorleans","status":"publish","type":"page","link":"http:\/\/www.s101.fr\/index.php\/de-la-porte-dorleans\/","title":{"rendered":"De la porte d&rsquo;Orl\u00e9ans"},"content":{"rendered":"<p>[vc_row top=\u00a0\u00bb120px\u00a0\u00bb bottom=\u00a0\u00bb30px\u00a0\u00bb][vc_column width=\u00a0\u00bb1\/2&Prime;][vc_single_image image=\u00a0\u00bb575&Prime; img_size=\u00a0\u00bblarge\u00a0\u00bb alignment=\u00a0\u00bbcenter\u00a0\u00bb][\/vc_column][vc_column width=\u00a0\u00bb1\/2&Prime;][vc_column_text]<\/p>\n<h2>De la porte d&rsquo;Orl\u00e9ans<\/h2>\n<p style=\"text-align: justify;\">De la porte d\u2019Orl\u00e9ans est une balade douce et intrigante dans le quartier du 14\u00e8me arrondissement, \u00e0 travers les yeux d\u2019une petite fille.\u00a0Ce spectacle m\u00ealant th\u00e9\u00e2tre d\u2019objets et marionnettes nous emm\u00e8nera bien plus loin que les rues de Paris, nous faisant red\u00e9couvrir une l\u2019\u00e9poque de l\u2019Occupation.<\/p>\n<h4>Equipe<\/h4>\n<p>Mise en sc\u00e8ne\u00a0<strong>Ang\u00e9lique Friant<\/strong><br \/>\nAssistante de mise en sc\u00e8ne\u00a0<strong>Violaine Fimbel<\/strong><br \/>\nTexte et jeu\u00a0<strong>Audrey Bonnefoy<\/strong><br \/>\nCr\u00e9ation lumi\u00e8re<strong>\u00a0Julien Barrillet<\/strong><br \/>\nCr\u00e9ation sonore\u00a0\u00a0<strong>Karine Dumont<\/strong><br \/>\nConception des marionnettes\u00a0<strong>Alexandra Basquin<\/strong><br \/>\nConstruction des d\u00e9cors\u00a0<strong>G\u00e9rard Friant<\/strong>[\/vc_column_text][\/vc_column][\/vc_row][vc_row top=\u00a0\u00bb20px\u00a0\u00bb bottom=\u00a0\u00bb30px\u00a0\u00bb][vc_column css=\u00a0\u00bb.vc_custom_1504203907124{margin-right: 80px !important;margin-left: 80px !important;}\u00a0\u00bb][vc_image_gallery images=\u00a0\u00bb578,579,580,581,582,583&Prime; space=\u00a0\u00bb5&Prime; popup=\u00a0\u00bbtrue\u00a0\u00bb items_row=\u00a0\u00bb6&Prime;][\/vc_column][\/vc_row][vc_row top=\u00a0\u00bb20px\u00a0\u00bb bottom=\u00a0\u00bb10px\u00a0\u00bb][vc_column css=\u00a0\u00bb.vc_custom_1504203972589{margin-right: 80px !important;margin-left: 80px !important;}\u00a0\u00bb][vc_separator width=\u00a0\u00bb50%\u00a0\u00bb thickness=\u00a0\u00bb2px\u00a0\u00bb][\/vc_column][\/vc_row][vc_row top=\u00a0\u00bb10px\u00a0\u00bb][vc_column css=\u00a0\u00bb.vc_custom_1504204025585{margin-right: 80px !important;margin-left: 80px !important;}\u00a0\u00bb][vc_column_text]<i>Avec le soutien du Salmanazar, sc\u00e8ne de cr\u00e9ation et de diffusion d\u2019Epernay, du Th\u00e9\u00e2tre aux Mains Nues (Paris), de Naxos Bobine (Paris) et du Conseil R\u00e9gional de Champagne-Ardenne \/ ORCCA.<\/i>[\/vc_column_text][\/vc_column][\/vc_row]<\/p>\n","protected":false},"excerpt":{"rendered":"<p>[vc_row top=\u00a0\u00bb120px\u00a0\u00bb bottom=\u00a0\u00bb30px\u00a0\u00bb][vc_column width=\u00a0\u00bb1\/2&Prime;][vc_single_image image=\u00a0\u00bb575&Prime; img_size=\u00a0\u00bblarge\u00a0\u00bb alignment=\u00a0\u00bbcenter\u00a0\u00bb][\/vc_column][vc_column width=\u00a0\u00bb1\/2&Prime;][vc_column_text] De la porte d&rsquo;Orl\u00e9ans De la porte d\u2019Orl\u00e9ans est une balade douce et intrigante dans le quartier du 14\u00e8me arrondissement, \u00e0 travers les yeux d\u2019une petite fille.\u00a0Ce spectacle m\u00ealant th\u00e9\u00e2tre d\u2019objets et marionnettes nous emm\u00e8nera bien plus loin que les rues de Paris, nous faisant red\u00e9couvrir une l\u2019\u00e9poque de l\u2019Occupation. Equipe Mise en sc\u00e8ne\u00a0Ang\u00e9lique Friant Assistante de mise en sc\u00e8ne\u00a0Violaine Fimbel Texte et jeu\u00a0Audrey Bonnefoy Cr\u00e9ation lumi\u00e8re\u00a0Julien&#8230;  <\/p>\n<div class=\"read-more\"><a class=\"excerpt-read-more\" href=\"http:\/\/www.s101.fr\/index.php\/de-la-porte-dorleans\/\" title=\"Continue reading De la porte d&rsquo;Orl\u00e9ans\">Read more<i class=\"fa fa-angle-right\"><\/i><\/a><\/div>\n","protected":false},"author":1,"featured_media":0,"parent":0,"menu_order":0,"comment_status":"closed","ping_status":"closed","template":"","meta":{"footnotes":""},"class_list":["post-509","page","type-page","status-publish","hentry"],"_links":{"self":[{"href":"http:\/\/www.s101.fr\/index.php\/wp-json\/wp\/v2\/pages\/509","targetHints":{"allow":["GET"]}}],"collection":[{"href":"http:\/\/www.s101.fr\/index.php\/wp-json\/wp\/v2\/pages"}],"about":[{"href":"http:\/\/www.s101.fr\/index.php\/wp-json\/wp\/v2\/types\/page"}],"author":[{"embeddable":true,"href":"http:\/\/www.s101.fr\/index.php\/wp-json\/wp\/v2\/users\/1"}],"replies":[{"embeddable":true,"href":"http:\/\/www.s101.fr\/index.php\/wp-json\/wp\/v2\/comments?post=509"}],"version-history":[{"count":5,"href":"http:\/\/www.s101.fr\/index.php\/wp-json\/wp\/v2\/pages\/509\/revisions"}],"predecessor-version":[{"id":1037,"href":"http:\/\/www.s101.fr\/index.php\/wp-json\/wp\/v2\/pages\/509\/revisions\/1037"}],"wp:attachment":[{"href":"http:\/\/www.s101.fr\/index.php\/wp-json\/wp\/v2\/media?parent=509"}],"curies":[{"name":"wp","href":"https:\/\/api.w.org\/{rel}","templated":true}]}}