{"id":507,"date":"2017-08-31T20:22:44","date_gmt":"2017-08-31T18:22:44","guid":{"rendered":"http:\/\/www.s101.fr\/lia\/s101\/?page_id=507"},"modified":"2018-08-01T14:33:34","modified_gmt":"2018-08-01T12:33:34","slug":"de-paille-de-bois-ou-de-brique","status":"publish","type":"page","link":"http:\/\/www.s101.fr\/index.php\/de-paille-de-bois-ou-de-brique\/","title":{"rendered":"De paille, de bois ou de brique&#8230;"},"content":{"rendered":"<p>[vc_row top=\u00a0\u00bb120px\u00a0\u00bb bottom=\u00a0\u00bb30px\u00a0\u00bb][vc_column width=\u00a0\u00bb1\/2&Prime;][vc_single_image image=\u00a0\u00bb522&Prime; img_size=\u00a0\u00bblarge\u00a0\u00bb alignment=\u00a0\u00bbcenter\u00a0\u00bb][\/vc_column][vc_column width=\u00a0\u00bb1\/2&Prime;][vc_column_text]<\/p>\n<h2>De paille, de bois ou de brique&#8230;<\/h2>\n<p style=\"text-align: justify;\">L\u2019histoire est connue de tous et depuis toujours, elle est simple et \u00e9difiante, dr\u00f4le et inqui\u00e9tante ; Trois\u00a0petits cochons veulent vivre leur vie et quittent le foyer familial pour tenter leur chance dans le monde.\u00a0Le premier petit cochon se construit une maison de paille. Le deuxi\u00e8me petit cochon se construit une\u00a0maison de bois. Le troisi\u00e8me petit cochon se construit une maison de briques.\u00a0Mais le m\u00e9chant loup, affam\u00e9, r\u00f4de alentours\u2026 A chaque maison souffl\u00e9e la tension augmente et le\u00a0danger se rapproche du dernier cochon, pourtant le plus pr\u00e9voyant.<\/p>\n<h4>Equipe<\/h4>\n<p>Mise en sc\u00e8ne\u00a0<strong>Ang\u00e9lique Friant<\/strong><br \/>\nConstruction des marionnettes<strong>\u00a0Violaine Fimbe<\/strong>l<br \/>\nConstruction du d\u00e9cor\u00a0<strong>G\u00e9rard Friant<\/strong><br \/>\nCr\u00e9ation lumi\u00e8res et son\u00a0<strong>Arnaud Rollat<\/strong><br \/>\nAvec<strong>\u00a0Lisa L\u00e9onardi<\/strong>et<strong>\u00a0 Julien Royer<\/strong>[\/vc_column_text][\/vc_column][\/vc_row][vc_row top=\u00a0\u00bb20px\u00a0\u00bb][vc_column css=\u00a0\u00bb.vc_custom_1504203760985{margin-right: 80px !important;margin-left: 80px !important;}\u00a0\u00bb][vc_image_gallery images=\u00a0\u00bb848,849,850,851,852,853&Prime; space=\u00a0\u00bb5&Prime; popup=\u00a0\u00bbtrue\u00a0\u00bb items_row=\u00a0\u00bb6&Prime;][\/vc_column][\/vc_row][vc_row top=\u00a0\u00bb20px\u00a0\u00bb bottom=\u00a0\u00bb40px\u00a0\u00bb][vc_column css=\u00a0\u00bb.vc_custom_1504819922826{margin-right: 80px !important;margin-left: 80px !important;}\u00a0\u00bb][vc_separator width=\u00a0\u00bb50%\u00a0\u00bb thickness=\u00a0\u00bb2px\u00a0\u00bb][\/vc_column][\/vc_row]<\/p>\n","protected":false},"excerpt":{"rendered":"<p>[vc_row top=\u00a0\u00bb120px\u00a0\u00bb bottom=\u00a0\u00bb30px\u00a0\u00bb][vc_column width=\u00a0\u00bb1\/2&Prime;][vc_single_image image=\u00a0\u00bb522&Prime; img_size=\u00a0\u00bblarge\u00a0\u00bb alignment=\u00a0\u00bbcenter\u00a0\u00bb][\/vc_column][vc_column width=\u00a0\u00bb1\/2&Prime;][vc_column_text] De paille, de bois ou de brique&#8230; L\u2019histoire est connue de tous et depuis toujours, elle est simple et \u00e9difiante, dr\u00f4le et inqui\u00e9tante ; Trois\u00a0petits cochons veulent vivre leur vie et quittent le foyer familial pour tenter leur chance dans le monde.\u00a0Le premier petit cochon se construit une maison de paille. Le deuxi\u00e8me petit cochon se construit une\u00a0maison de bois. Le troisi\u00e8me petit cochon se construit une&#8230;  <\/p>\n<div class=\"read-more\"><a class=\"excerpt-read-more\" href=\"http:\/\/www.s101.fr\/index.php\/de-paille-de-bois-ou-de-brique\/\" title=\"Continue reading De paille, de bois ou de brique&#8230;\">Read more<i class=\"fa fa-angle-right\"><\/i><\/a><\/div>\n","protected":false},"author":1,"featured_media":0,"parent":0,"menu_order":0,"comment_status":"closed","ping_status":"closed","template":"","meta":{"footnotes":""},"class_list":["post-507","page","type-page","status-publish","hentry"],"_links":{"self":[{"href":"http:\/\/www.s101.fr\/index.php\/wp-json\/wp\/v2\/pages\/507","targetHints":{"allow":["GET"]}}],"collection":[{"href":"http:\/\/www.s101.fr\/index.php\/wp-json\/wp\/v2\/pages"}],"about":[{"href":"http:\/\/www.s101.fr\/index.php\/wp-json\/wp\/v2\/types\/page"}],"author":[{"embeddable":true,"href":"http:\/\/www.s101.fr\/index.php\/wp-json\/wp\/v2\/users\/1"}],"replies":[{"embeddable":true,"href":"http:\/\/www.s101.fr\/index.php\/wp-json\/wp\/v2\/comments?post=507"}],"version-history":[{"count":5,"href":"http:\/\/www.s101.fr\/index.php\/wp-json\/wp\/v2\/pages\/507\/revisions"}],"predecessor-version":[{"id":1038,"href":"http:\/\/www.s101.fr\/index.php\/wp-json\/wp\/v2\/pages\/507\/revisions\/1038"}],"wp:attachment":[{"href":"http:\/\/www.s101.fr\/index.php\/wp-json\/wp\/v2\/media?parent=507"}],"curies":[{"name":"wp","href":"https:\/\/api.w.org\/{rel}","templated":true}]}}