{"id":503,"date":"2017-08-31T08:17:12","date_gmt":"2017-08-31T06:17:12","guid":{"rendered":"http:\/\/www.s101.fr\/lia\/s101\/?page_id=503"},"modified":"2018-08-01T14:37:32","modified_gmt":"2018-08-01T12:37:32","slug":"gerda","status":"publish","type":"page","link":"http:\/\/www.s101.fr\/index.php\/gerda\/","title":{"rendered":"Gerda"},"content":{"rendered":"<p>[vc_row top=\u00a0\u00bb120px\u00a0\u00bb bottom=\u00a0\u00bb30px\u00a0\u00bb][vc_column width=\u00a0\u00bb1\/2&Prime;][vc_single_image image=\u00a0\u00bb530&Prime; img_size=\u00a0\u00bblarge\u00a0\u00bb alignment=\u00a0\u00bbcenter\u00a0\u00bb][\/vc_column][vc_column width=\u00a0\u00bb1\/2&Prime;][vc_column_text]<\/p>\n<h2>Gerda<\/h2>\n<p style=\"text-align: justify;\">Sur un texte de\u00a0<strong>Paul Baffier<\/strong>,\u00a0<strong>Ang\u00e9lique Friant<\/strong>\u00a0nous propose une plong\u00e9e dans un univers trouble et inqui\u00e9tant.<\/p>\n<p style=\"text-align: justify;\">A l\u2019aide d\u2019un petit th\u00e9\u00e2tre d\u2019ombre,\u00a0<strong>Amandine Gaymard<\/strong>\u00a0raconte l\u2019histoire d\u2019une prostitu\u00e9e install\u00e9e au coeur d\u2019une ville en ruine, qui attend d\u00e9sesp\u00e9r\u00e9ment qu\u2019un client frappe \u00e0 sa porte.<\/p>\n<p style=\"text-align: justify;\">Mais elle ne s\u2019attend pas \u00e0 recevoir la visite de cet \u00eatre r\u00e9pugnant mi-homme, mi-corbeau \u2026<\/p>\n<h4><\/h4>\n<h4>Equipe<\/h4>\n<p>Texte\u00a0<strong>Paul Baffier<\/strong><\/p>\n<p>Mise en sc\u00e8ne\u00a0<strong>Ang\u00e9lique Friant<\/strong><\/p>\n<p>Assistante de mise en sc\u00e8ne\u00a0<strong>Laurie Waldung<\/strong><\/p>\n<p>Avec\u00a0<strong>Amandine Gaymard<\/strong>[\/vc_column_text][\/vc_column][\/vc_row][vc_row top=\u00a0\u00bb20px\u00a0\u00bb bottom=\u00a0\u00bb30px\u00a0\u00bb][vc_column css=\u00a0\u00bb.vc_custom_1504160135135{margin-right: 80px !important;margin-left: 80px !important;}\u00a0\u00bb][vc_image_gallery images=\u00a0\u00bb585,586,587,588&Prime; space=\u00a0\u00bb5&Prime; popup=\u00a0\u00bbtrue\u00a0\u00bb items_row=\u00a0\u00bb6&Prime;][\/vc_column][\/vc_row][vc_row top=\u00a0\u00bb20px\u00a0\u00bb bottom=\u00a0\u00bb10px\u00a0\u00bb][vc_column css=\u00a0\u00bb.vc_custom_1504160225288{margin-right: 80px !important;margin-left: 80px !important;}\u00a0\u00bb][vc_separator width=\u00a0\u00bb50%\u00a0\u00bb thickness=\u00a0\u00bb2px\u00a0\u00bb][\/vc_column][\/vc_row]<\/p>\n","protected":false},"excerpt":{"rendered":"<p>[vc_row top=\u00a0\u00bb120px\u00a0\u00bb bottom=\u00a0\u00bb30px\u00a0\u00bb][vc_column width=\u00a0\u00bb1\/2&Prime;][vc_single_image image=\u00a0\u00bb530&Prime; img_size=\u00a0\u00bblarge\u00a0\u00bb alignment=\u00a0\u00bbcenter\u00a0\u00bb][\/vc_column][vc_column width=\u00a0\u00bb1\/2&Prime;][vc_column_text] Gerda Sur un texte de\u00a0Paul Baffier,\u00a0Ang\u00e9lique Friant\u00a0nous propose une plong\u00e9e dans un univers trouble et inqui\u00e9tant. A l\u2019aide d\u2019un petit th\u00e9\u00e2tre d\u2019ombre,\u00a0Amandine Gaymard\u00a0raconte l\u2019histoire d\u2019une prostitu\u00e9e install\u00e9e au coeur d\u2019une ville en ruine, qui attend d\u00e9sesp\u00e9r\u00e9ment qu\u2019un client frappe \u00e0 sa porte. Mais elle ne s\u2019attend pas \u00e0 recevoir la visite de cet \u00eatre r\u00e9pugnant mi-homme, mi-corbeau \u2026 Equipe Texte\u00a0Paul Baffier Mise en sc\u00e8ne\u00a0Ang\u00e9lique Friant Assistante de&#8230;  <\/p>\n<div class=\"read-more\"><a class=\"excerpt-read-more\" href=\"http:\/\/www.s101.fr\/index.php\/gerda\/\" title=\"Continue reading Gerda\">Read more<i class=\"fa fa-angle-right\"><\/i><\/a><\/div>\n","protected":false},"author":1,"featured_media":0,"parent":0,"menu_order":0,"comment_status":"closed","ping_status":"closed","template":"","meta":{"footnotes":""},"class_list":["post-503","page","type-page","status-publish","hentry"],"_links":{"self":[{"href":"http:\/\/www.s101.fr\/index.php\/wp-json\/wp\/v2\/pages\/503","targetHints":{"allow":["GET"]}}],"collection":[{"href":"http:\/\/www.s101.fr\/index.php\/wp-json\/wp\/v2\/pages"}],"about":[{"href":"http:\/\/www.s101.fr\/index.php\/wp-json\/wp\/v2\/types\/page"}],"author":[{"embeddable":true,"href":"http:\/\/www.s101.fr\/index.php\/wp-json\/wp\/v2\/users\/1"}],"replies":[{"embeddable":true,"href":"http:\/\/www.s101.fr\/index.php\/wp-json\/wp\/v2\/comments?post=503"}],"version-history":[{"count":7,"href":"http:\/\/www.s101.fr\/index.php\/wp-json\/wp\/v2\/pages\/503\/revisions"}],"predecessor-version":[{"id":1040,"href":"http:\/\/www.s101.fr\/index.php\/wp-json\/wp\/v2\/pages\/503\/revisions\/1040"}],"wp:attachment":[{"href":"http:\/\/www.s101.fr\/index.php\/wp-json\/wp\/v2\/media?parent=503"}],"curies":[{"name":"wp","href":"https:\/\/api.w.org\/{rel}","templated":true}]}}