{"id":501,"date":"2017-08-31T08:13:35","date_gmt":"2017-08-31T06:13:35","guid":{"rendered":"http:\/\/www.s101.fr\/lia\/s101\/?page_id=501"},"modified":"2018-08-01T14:50:53","modified_gmt":"2018-08-01T12:50:53","slug":"les-specimens","status":"publish","type":"page","link":"http:\/\/www.s101.fr\/index.php\/les-specimens\/","title":{"rendered":"Les Specimens"},"content":{"rendered":"<p>[vc_row top=\u00a0\u00bb120px\u00a0\u00bb bottom=\u00a0\u00bb30px\u00a0\u00bb][vc_column width=\u00a0\u00bb1\/2&Prime;][vc_single_image image=\u00a0\u00bb528&Prime; img_size=\u00a0\u00bblarge\u00a0\u00bb alignment=\u00a0\u00bbcenter\u00a0\u00bb][\/vc_column][vc_column width=\u00a0\u00bb1\/2&Prime;][vc_column_text]<\/p>\n<h2>Les Specimens<\/h2>\n<p style=\"text-align: justify;\">Nous sommes en hiver et le froid est glacial. Il est 21 heures et dans le petit village de Saint Trublion les Vendanges, la troupe de cirque des Sp\u00e9cimens joue son dernier spectacle\u2026<br \/>\nLe spectacle est merveilleux ! Mais toutes les bonnes choses ont une fin et alors que le calme revient doucement, on entend un cri de femme au loin\u2026<br \/>\nQuelle horreur, une pendue\u2026<br \/>\nHeureusement, l\u2019inspecteur Jean Vltaltarin est l\u00e0 pour mener l\u2019enqu\u00eate.<\/p>\n<p style=\"text-align: justify;\">Les Sp\u00e9cimens est un solo pour une com\u00e9dienne-marionnettiste alternant th\u00e9\u00e2tre d\u2019ombres et jeu masqu\u00e9.<br \/>\nCette histoire amm\u00e8nera les enfants \u00e0 partager une aventure passionnante aupr\u00e8s de l\u2019inspecteur Vltaltarin.<\/p>\n<h4 style=\"text-align: left;\">Equipe<\/h4>\n<p>Mise en sc\u00e8ne<strong>\u00a0Ang\u00e9lique Friant<\/strong><br \/>\nTexte et conception des marionnettes<strong>\u00a0Laurie Waldung<\/strong><br \/>\nConstruction<strong>\u00a0G\u00e9rard Friant<\/strong><br \/>\nAvec<strong>\u00a0Laurie Waldung<\/strong>[\/vc_column_text][\/vc_column][\/vc_row][vc_row bottom=\u00a0\u00bb30px\u00a0\u00bb][vc_column css=\u00a0\u00bb.vc_custom_1504159911648{margin-right: 80px !important;margin-left: 80px !important;}\u00a0\u00bb][vc_image_gallery images=\u00a0\u00bb666,667,668,669,670,671&Prime; space=\u00a0\u00bb5&Prime; popup=\u00a0\u00bbtrue\u00a0\u00bb items_row=\u00a0\u00bb6&Prime;][\/vc_column][\/vc_row][vc_row][vc_column css=\u00a0\u00bb.vc_custom_1504159987148{margin-right: 80px !important;margin-left: 80px !important;}\u00a0\u00bb][vc_separator width=\u00a0\u00bb50%\u00a0\u00bb thickness=\u00a0\u00bb2px\u00a0\u00bb][\/vc_column][\/vc_row]<\/p>\n","protected":false},"excerpt":{"rendered":"<p>[vc_row top=\u00a0\u00bb120px\u00a0\u00bb bottom=\u00a0\u00bb30px\u00a0\u00bb][vc_column width=\u00a0\u00bb1\/2&Prime;][vc_single_image image=\u00a0\u00bb528&Prime; img_size=\u00a0\u00bblarge\u00a0\u00bb alignment=\u00a0\u00bbcenter\u00a0\u00bb][\/vc_column][vc_column width=\u00a0\u00bb1\/2&Prime;][vc_column_text] Les Specimens Nous sommes en hiver et le froid est glacial. Il est 21 heures et dans le petit village de Saint Trublion les Vendanges, la troupe de cirque des Sp\u00e9cimens joue son dernier spectacle\u2026 Le spectacle est merveilleux ! Mais toutes les bonnes choses ont une fin et alors que le calme revient doucement, on entend un cri de femme au loin\u2026 Quelle horreur, une pendue\u2026&#8230;  <\/p>\n<div class=\"read-more\"><a class=\"excerpt-read-more\" href=\"http:\/\/www.s101.fr\/index.php\/les-specimens\/\" title=\"Continue reading Les Specimens\">Read more<i class=\"fa fa-angle-right\"><\/i><\/a><\/div>\n","protected":false},"author":1,"featured_media":0,"parent":0,"menu_order":0,"comment_status":"closed","ping_status":"closed","template":"","meta":{"footnotes":""},"class_list":["post-501","page","type-page","status-publish","hentry"],"_links":{"self":[{"href":"http:\/\/www.s101.fr\/index.php\/wp-json\/wp\/v2\/pages\/501","targetHints":{"allow":["GET"]}}],"collection":[{"href":"http:\/\/www.s101.fr\/index.php\/wp-json\/wp\/v2\/pages"}],"about":[{"href":"http:\/\/www.s101.fr\/index.php\/wp-json\/wp\/v2\/types\/page"}],"author":[{"embeddable":true,"href":"http:\/\/www.s101.fr\/index.php\/wp-json\/wp\/v2\/users\/1"}],"replies":[{"embeddable":true,"href":"http:\/\/www.s101.fr\/index.php\/wp-json\/wp\/v2\/comments?post=501"}],"version-history":[{"count":6,"href":"http:\/\/www.s101.fr\/index.php\/wp-json\/wp\/v2\/pages\/501\/revisions"}],"predecessor-version":[{"id":1047,"href":"http:\/\/www.s101.fr\/index.php\/wp-json\/wp\/v2\/pages\/501\/revisions\/1047"}],"wp:attachment":[{"href":"http:\/\/www.s101.fr\/index.php\/wp-json\/wp\/v2\/media?parent=501"}],"curies":[{"name":"wp","href":"https:\/\/api.w.org\/{rel}","templated":true}]}}