{"id":496,"date":"2017-08-31T07:58:42","date_gmt":"2017-08-31T05:58:42","guid":{"rendered":"http:\/\/www.s101.fr\/lia\/s101\/?page_id=496"},"modified":"2018-08-01T14:54:27","modified_gmt":"2018-08-01T12:54:27","slug":"tout-doit-disparaitre","status":"publish","type":"page","link":"http:\/\/www.s101.fr\/index.php\/tout-doit-disparaitre\/","title":{"rendered":"Tout doit dispara\u00eetre"},"content":{"rendered":"<p>[vc_row top=\u00a0\u00bb120px\u00a0\u00bb bottom=\u00a0\u00bb30px\u00a0\u00bb][vc_column width=\u00a0\u00bb1\/2&Prime;][vc_single_image image=\u00a0\u00bb641&Prime; img_size=\u00a0\u00bblarge\u00a0\u00bb alignment=\u00a0\u00bbcenter\u00a0\u00bb][\/vc_column][vc_column width=\u00a0\u00bb1\/2&Prime;][vc_column_text]<\/p>\n<h2>Tout doit dispara\u00eetre<\/h2>\n<p style=\"text-align: justify;\">Dans un tr\u00e8s petit int\u00e9rieur est assis un grand-p\u00e8re parfait.<br \/>\nC\u2019est le grand-p\u00e8re id\u00e9al avec ses lunettes, sa pipe et ses charentaises.<br \/>\nAssis dans son vieux fauteuil en cuir, il attend. Patiemment. Esp\u00e9rant.<br \/>\nDans son petit salon, tout \u00e0 l\u2019\u00e9troit, coll\u00e9 contre la vitre, il tente de montrer ce qu\u2019il sait faire. Il\u00a0esp\u00e8re.<br \/>\nIl attend.<br \/>\nIl ouvre une bo\u00eete en bois, en sort des objets, raconte une histoire.<br \/>\nPeut-\u00eatre \u00e9veillera-t-il la curiosit\u00e9 ?<\/p>\n<h4>Equipe<\/h4>\n<p>Conception et mise en sc\u00e8ne\u00a0<strong>Ang\u00e9lique Friant<\/strong><br \/>\nCollaboration artistique\u00a0<strong>David Girondin Moab<\/strong><br \/>\nInterpr\u00e8te\u00a0<strong>Quentin Gibelin en alternance avec Jimmy Lemos<\/strong><br \/>\nR\u00e9gisseur g\u00e9n\u00e9ral\u00a0<strong>Nicolas Poix<\/strong><br \/>\n<em>Remerciements \u00e0 Nadine Lapuyade<\/em>[\/vc_column_text][\/vc_column][\/vc_row][vc_row][vc_column css=\u00a0\u00bb.vc_custom_1504158989578{margin-right: 80px !important;margin-left: 80px !important;}\u00a0\u00bb][vc_image_gallery images=\u00a0\u00bb642,643,644,645,646,647&Prime; space=\u00a0\u00bb5&Prime; popup=\u00a0\u00bbtrue\u00a0\u00bb items_row=\u00a0\u00bb6&Prime;][\/vc_column][\/vc_row][vc_row top=\u00a0\u00bb20px\u00a0\u00bb bottom=\u00a0\u00bb10px\u00a0\u00bb][vc_column css=\u00a0\u00bb.vc_custom_1504159073700{margin-right: 80px !important;margin-left: 80px !important;}\u00a0\u00bb][vc_separator width=\u00a0\u00bb50%\u00a0\u00bb thickness=\u00a0\u00bb2px\u00a0\u00bb][\/vc_column][\/vc_row][vc_row top=\u00a0\u00bb10px\u00a0\u00bb][vc_column css=\u00a0\u00bb.vc_custom_1504159117369{margin-right: 80px !important;margin-left: 80px !important;}\u00a0\u00bb][vc_column_text]Ce spectacle appartient au r\u00e9pertoire du projet \u00ab Troublantes Apparences \u00bb, formes courtes en vitrines cr\u00e9\u00e9es \u00e0 l\u2019initiative du Mouffetard, Th\u00e9\u00e2tre des arts de la marionnette et en partenariat avec l\u2019association Latitude Marionnette[\/vc_column_text][\/vc_column][\/vc_row]<\/p>\n","protected":false},"excerpt":{"rendered":"<p>[vc_row top=\u00a0\u00bb120px\u00a0\u00bb bottom=\u00a0\u00bb30px\u00a0\u00bb][vc_column width=\u00a0\u00bb1\/2&Prime;][vc_single_image image=\u00a0\u00bb641&Prime; img_size=\u00a0\u00bblarge\u00a0\u00bb alignment=\u00a0\u00bbcenter\u00a0\u00bb][\/vc_column][vc_column width=\u00a0\u00bb1\/2&Prime;][vc_column_text] Tout doit dispara\u00eetre Dans un tr\u00e8s petit int\u00e9rieur est assis un grand-p\u00e8re parfait. C\u2019est le grand-p\u00e8re id\u00e9al avec ses lunettes, sa pipe et ses charentaises. Assis dans son vieux fauteuil en cuir, il attend. Patiemment. Esp\u00e9rant. Dans son petit salon, tout \u00e0 l\u2019\u00e9troit, coll\u00e9 contre la vitre, il tente de montrer ce qu\u2019il sait faire. Il\u00a0esp\u00e8re. Il attend. Il ouvre une bo\u00eete en bois, en sort des&#8230;  <\/p>\n<div class=\"read-more\"><a class=\"excerpt-read-more\" href=\"http:\/\/www.s101.fr\/index.php\/tout-doit-disparaitre\/\" title=\"Continue reading Tout doit dispara\u00eetre\">Read more<i class=\"fa fa-angle-right\"><\/i><\/a><\/div>\n","protected":false},"author":1,"featured_media":0,"parent":0,"menu_order":0,"comment_status":"closed","ping_status":"closed","template":"","meta":{"footnotes":""},"class_list":["post-496","page","type-page","status-publish","hentry"],"_links":{"self":[{"href":"http:\/\/www.s101.fr\/index.php\/wp-json\/wp\/v2\/pages\/496","targetHints":{"allow":["GET"]}}],"collection":[{"href":"http:\/\/www.s101.fr\/index.php\/wp-json\/wp\/v2\/pages"}],"about":[{"href":"http:\/\/www.s101.fr\/index.php\/wp-json\/wp\/v2\/types\/page"}],"author":[{"embeddable":true,"href":"http:\/\/www.s101.fr\/index.php\/wp-json\/wp\/v2\/users\/1"}],"replies":[{"embeddable":true,"href":"http:\/\/www.s101.fr\/index.php\/wp-json\/wp\/v2\/comments?post=496"}],"version-history":[{"count":7,"href":"http:\/\/www.s101.fr\/index.php\/wp-json\/wp\/v2\/pages\/496\/revisions"}],"predecessor-version":[{"id":1050,"href":"http:\/\/www.s101.fr\/index.php\/wp-json\/wp\/v2\/pages\/496\/revisions\/1050"}],"wp:attachment":[{"href":"http:\/\/www.s101.fr\/index.php\/wp-json\/wp\/v2\/media?parent=496"}],"curies":[{"name":"wp","href":"https:\/\/api.w.org\/{rel}","templated":true}]}}