{"id":468,"date":"2017-08-30T22:11:34","date_gmt":"2017-08-30T20:11:34","guid":{"rendered":"http:\/\/www.s101.fr\/lia\/s101\/?page_id=468"},"modified":"2018-08-21T20:07:45","modified_gmt":"2018-08-21T18:07:45","slug":"petit-bleu-et-petit-jaune","status":"publish","type":"page","link":"http:\/\/www.s101.fr\/index.php\/petit-bleu-et-petit-jaune\/","title":{"rendered":"Petit-bleu et Petit-jaune"},"content":{"rendered":"<p>[vc_row top=\u00a0\u00bb120px\u00a0\u00bb bottom=\u00a0\u00bb30px\u00a0\u00bb][vc_column width=\u00a0\u00bb1\/2&Prime;][vc_single_image image=\u00a0\u00bb473&Prime; img_size=\u00a0\u00bblarge\u00a0\u00bb alignment=\u00a0\u00bbcenter\u00a0\u00bb][\/vc_column][vc_column width=\u00a0\u00bb1\/2&Prime;][vc_column_text]<\/p>\n<h2>Petit-bleu et Petit-jaune<\/h2>\n<p style=\"text-align: justify;\"><strong>PETIT-BLEU et PETIT-JAUNE<\/strong>\u00a0\u00e9voluent chacun de leur cot\u00e9 dans le cocon familial.\u00a0Lorsque l\u2019amiti\u00e9 n\u00e9e entre nos deux h\u00e9ros, ils profitent de l\u2019absence de leurs parents pour partir seuls explorer le\u00a0monde ext\u00e9rieur. Petit-bleu et Petit-jaune d\u00e9couvrent ensemble toutes ses richesses et ses obstacles. Ils nous emm\u00e8nent\u00a0avec eux dans leurs jeux et leurs exp\u00e9riences. Mais petit \u00e0 petit et sans y prendre garde, leur amiti\u00e9 fusionnelle finira\u00a0par d\u00e9teindre au point qu\u2019ils changeront de couleur et deviendront tout vert ! Leur diff\u00e9rence les mettra face au rejet et\u00a0\u00e0 l\u2019incompr\u00e9hension mais ils sauront traverser cette \u00e9preuve et c\u00e9l\u00e9brer ensemble l\u2019ouverture et la tol\u00e9rance.<\/p>\n<p style=\"text-align: justify;\"><strong>PETIT-BLEU et PETIT-JAUNE<\/strong> est une chor\u00e9graphie d\u2019ombre et de couleurs, au service d\u2019une atmosph\u00e8re musicale tout en\u00a0finesse et en douceur. Un hymne \u00e0 l\u2019amiti\u00e9 et \u00e0 la diff\u00e9rence dans lequel une conteuse malicieuse, prend plaisir \u00e0 surprendre\u00a0deux petits \u00eatres en devenir press\u00e9s de d\u00e9couvrir le monde. Une odyss\u00e9e enchant\u00e9e o\u00f9 l\u2019illusion et la po\u00e9sie nous\u00a0berce au coeur des relations humaines et de la passionnante aventure qu\u2019est celle de grandir.<\/p>\n<p style=\"text-align: justify;\">Par le biais de phrases et graphismes simples, l\u2019auteur nous am\u00e8ne \u00e0 envisager la question de la diff\u00e9rence sous\u00a0toutes ses formes.\u00a0On passe de l\u2019apparence n\u00e9gative et des id\u00e9es pr\u00e9con\u00e7ues \u00e0 la rencontre et \u00e0 l\u2019\u00e9change. On passe du bocal \u00e0 l\u2019aquarium.\u00a0On passe du cercle connu \u00e0 l\u2019ouverture vers le monde ext\u00e9rieur.\u00a0On sort de chez soi, on d\u00e9couvre, on \u00e9change et c\u2019est comme cela qu\u2019on grandit.\u00a0Des questions essentielles comme la diff\u00e9rence, la tol\u00e9rance et l\u2019amiti\u00e9, sont ici abord\u00e9es de fa\u00e7on simple et accessible.\u00a0Ce qui m\u2019a int\u00e9ress\u00e9e dans le projet de ce spectacle, c\u2019est la simplicit\u00e9 apparente de l\u2019album, accessible aux plus\u00a0jeunes. Son universalit\u00e9.<\/p>\n<p>[\/vc_column_text][\/vc_column][\/vc_row][vc_row top=\u00a0\u00bb20px\u00a0\u00bb bottom=\u00a0\u00bb30px\u00a0\u00bb][vc_column css=\u00a0\u00bb.vc_custom_1504123983984{margin-right: 80px !important;margin-left: 80px !important;}\u00a0\u00bb][vc_image_gallery images=\u00a0\u00bb474,475,635,636,637,638&Prime; space=\u00a0\u00bb5&Prime; popup=\u00a0\u00bbtrue\u00a0\u00bb items_row=\u00a0\u00bb6&Prime;][\/vc_column][\/vc_row][vc_row bottom=\u00a0\u00bb30px\u00a0\u00bb][vc_column css=\u00a0\u00bb.vc_custom_1504124603031{margin-right: 80px !important;margin-left: 80px !important;}\u00a0\u00bb][vc_column_text]<\/p>\n<h4>Equipe<\/h4>\n<p>Mise en sc\u00e8ne\u00a0<strong>Ang\u00e9lique Friant<\/strong><br \/>\nAssistante de mise en sc\u00e8ne\u00a0<strong>Violaine Fimbel<\/strong><br \/>\nSc\u00e9nographie\u00a0<strong>David Girondin Moab<\/strong><br \/>\nCr\u00e9ation Lumi\u00e8re et vid\u00e9o\u00a0<strong>St\u00e9phane Bordonaro<\/strong><br \/>\nCr\u00e9ation sonore<strong>\u00a0Vincent Martial<\/strong><br \/>\nIng\u00e9nieur Son\u00a0<strong>Arnaud Rollat<\/strong><br \/>\nD\u00e9cors<strong>\u00a0G\u00e9rard Friant<\/strong><\/p>\n<p>Avec<strong>\u00a0Chiara Collet<\/strong>\u00a0en alternance avec<strong>\u00a0Laurie Waldung<\/strong>,\u00a0<strong>Julien Royer<\/strong>\u00a0en alternance avec\u00a0<strong>Amandine Gaymard.<\/strong>[\/vc_column_text][\/vc_column][\/vc_row][vc_row top=\u00a0\u00bb20px\u00a0\u00bb bottom=\u00a0\u00bb10px\u00a0\u00bb][vc_column css=\u00a0\u00bb.vc_custom_1504124088246{margin-right: 80px !important;margin-left: 80px !important;}\u00a0\u00bb][vc_separator width=\u00a0\u00bb50%\u00a0\u00bb thickness=\u00a0\u00bb2px\u00a0\u00bb][\/vc_column][\/vc_row][vc_row top=\u00a0\u00bb10px\u00a0\u00bb bottom=\u00a0\u00bb30px\u00a0\u00bb][vc_column css=\u00a0\u00bb.vc_custom_1504124132213{margin-right: 80px !important;margin-left: 80px !important;}\u00a0\u00bb][vc_column_text]<i>Le spectacle est subventionn\u00e9 par la Ville de Reims.\u00a0Il est soutenu par le Salmanazar, Sc\u00e8ne de cr\u00e9ation et de diffusion d\u2019\u00c9pernay, et le Nouveau Relax, sc\u00e8ne conventionn\u00e9e de Chaumont.<\/i>[\/vc_column_text][\/vc_column][\/vc_row][vc_row top=\u00a0\u00bb20px\u00a0\u00bb bottom=\u00a0\u00bb10px\u00a0\u00bb][vc_column css=\u00a0\u00bb.vc_custom_1504124088246{margin-right: 80px !important;margin-left: 80px !important;}\u00a0\u00bb][vc_separator width=\u00a0\u00bb50%\u00a0\u00bb thickness=\u00a0\u00bb2px\u00a0\u00bb][\/vc_column][\/vc_row][vc_row top=\u00a0\u00bb20px\u00a0\u00bb][vc_column css=\u00a0\u00bb.vc_custom_1534874798187{margin-right: 80px !important;margin-left: 80px !important;}\u00a0\u00bb][vc_column_text]<\/p>\n<h5><span style=\"color: #800000;\"><em><strong><a style=\"color: #800000;\" href=\"http:\/\/www.s101.fr\/lia\/s101\/wp-content\/uploads\/2018\/08\/Dossier-PBPJ-S101.pdf\">T\u00e9l\u00e9charger le dossier ici<\/a><\/strong><\/em><\/span><\/h5>\n<p>[\/vc_column_text][\/vc_column][\/vc_row]<\/p>\n","protected":false},"excerpt":{"rendered":"<p>[vc_row top=\u00a0\u00bb120px\u00a0\u00bb bottom=\u00a0\u00bb30px\u00a0\u00bb][vc_column width=\u00a0\u00bb1\/2&Prime;][vc_single_image image=\u00a0\u00bb473&Prime; img_size=\u00a0\u00bblarge\u00a0\u00bb alignment=\u00a0\u00bbcenter\u00a0\u00bb][\/vc_column][vc_column width=\u00a0\u00bb1\/2&Prime;][vc_column_text] Petit-bleu et Petit-jaune PETIT-BLEU et PETIT-JAUNE\u00a0\u00e9voluent chacun de leur cot\u00e9 dans le cocon familial.\u00a0Lorsque l\u2019amiti\u00e9 n\u00e9e entre nos deux h\u00e9ros, ils profitent de l\u2019absence de leurs parents pour partir seuls explorer le\u00a0monde ext\u00e9rieur. Petit-bleu et Petit-jaune d\u00e9couvrent ensemble toutes ses richesses et ses obstacles. Ils nous emm\u00e8nent\u00a0avec eux dans leurs jeux et leurs exp\u00e9riences. Mais petit \u00e0 petit et sans y prendre garde, leur amiti\u00e9 fusionnelle finira\u00a0par&#8230;  <\/p>\n<div class=\"read-more\"><a class=\"excerpt-read-more\" href=\"http:\/\/www.s101.fr\/index.php\/petit-bleu-et-petit-jaune\/\" title=\"Continue reading Petit-bleu et Petit-jaune\">Read more<i class=\"fa fa-angle-right\"><\/i><\/a><\/div>\n","protected":false},"author":1,"featured_media":0,"parent":0,"menu_order":0,"comment_status":"closed","ping_status":"closed","template":"","meta":{"footnotes":""},"class_list":["post-468","page","type-page","status-publish","hentry"],"_links":{"self":[{"href":"http:\/\/www.s101.fr\/index.php\/wp-json\/wp\/v2\/pages\/468","targetHints":{"allow":["GET"]}}],"collection":[{"href":"http:\/\/www.s101.fr\/index.php\/wp-json\/wp\/v2\/pages"}],"about":[{"href":"http:\/\/www.s101.fr\/index.php\/wp-json\/wp\/v2\/types\/page"}],"author":[{"embeddable":true,"href":"http:\/\/www.s101.fr\/index.php\/wp-json\/wp\/v2\/users\/1"}],"replies":[{"embeddable":true,"href":"http:\/\/www.s101.fr\/index.php\/wp-json\/wp\/v2\/comments?post=468"}],"version-history":[{"count":13,"href":"http:\/\/www.s101.fr\/index.php\/wp-json\/wp\/v2\/pages\/468\/revisions"}],"predecessor-version":[{"id":1138,"href":"http:\/\/www.s101.fr\/index.php\/wp-json\/wp\/v2\/pages\/468\/revisions\/1138"}],"wp:attachment":[{"href":"http:\/\/www.s101.fr\/index.php\/wp-json\/wp\/v2\/media?parent=468"}],"curies":[{"name":"wp","href":"https:\/\/api.w.org\/{rel}","templated":true}]}}