{"id":456,"date":"2017-08-30T21:55:24","date_gmt":"2017-08-30T19:55:24","guid":{"rendered":"http:\/\/www.s101.fr\/lia\/s101\/?page_id=456"},"modified":"2026-03-17T16:15:28","modified_gmt":"2026-03-17T15:15:28","slug":"le-laboratorium","status":"publish","type":"page","link":"http:\/\/www.s101.fr\/index.php\/le-laboratorium\/","title":{"rendered":"Le Laboratorium"},"content":{"rendered":"<p>[vc_row top=\u00a0\u00bb120px\u00a0\u00bb bottom=\u00a0\u00bb30px\u00a0\u00bb][vc_column width=\u00a0\u00bb1\/2&Prime;][vc_single_image image=\u00a0\u00bb1181&Prime; img_size=\u00a0\u00bblarge\u00a0\u00bb alignment=\u00a0\u00bbcenter\u00a0\u00bb][\/vc_column][vc_column width=\u00a0\u00bb1\/2&Prime;][vc_column_text]<\/p>\n<h2>Le Laboratorium<\/h2>\n<p style=\"text-align: justify;\">Le Laboratorium est un spectacle familial \u00e0 partir de 8 ans.\u00a0Inspir\u00e9 des figures de scientifiques fous qui peuplent nos histoires d\u2019enfants, le Professeur Illman est un savant totalement d\u00e9jant\u00e9 et persuad\u00e9 qu\u2019il sauvera la plan\u00e8te par ses d\u00e9couvertes scientifiques. Pas de savant fou sans un acolyte simplet et d\u00e9vou\u00e9 : Crameur. Ensemble, ils mettent en place des exp\u00e9riences douteuses qu\u2019ils testent sur leurs cobayes, des rats de laboratoire.\u00a0Dans une ambiance de formol et de tubes \u00e0 essais, Le Laboratorium aborde avec une dr\u00f4lerie \u00e0 l\u2019anglaise les questions du rapport entre la connaissance scientifique et la perversion du pouvoir.<\/p>\n<p style=\"text-align: justify;\">Le personnage du professeur est l\u2019incarnation de l\u2019exp\u00e9rimentation scientifique sans\u00a0garde fou, mais figure \u00e9galement quelques grands dictateurs de l\u2019Histoire.\u00a0Crameur, son assistant, se trouve malgr\u00e9 lui emport\u00e9 dans cette aventure. Ensemble,\u00a0ils sont en qu\u00eate de l\u2019\u00e9lixir d\u2019immortalit\u00e9.\u00a0Les rats du laboratoire, personnages secondaires du spectacle sont prisonniers du\u00a0professeur, qui les maintient enferm\u00e9s et leur injecte des \u00ab vaccins \u00bb, exp\u00e9rimentant\u00a0sur eux de nouveaux rem\u00e8des tous plus inefficaces.\u00a0De leur c\u00f4t\u00e9, les rats cherchent une solution pour rester en vie ou s\u2019\u00e9vader.\u00a0Les deux histoires s\u2019entrem\u00ealent et le spectacle alterne entre les sc\u00e8nes de vie dans le\u00a0laboratoire parsem\u00e9 de tubes \u00e0 essais et de cellules souches et celles, intimistes, qui\u00a0ont lieu dans les cages des cobayes.\u00a0Pendant ce temps, le cerveau de l\u2019\u00e9minente maman du Professeur Illman rumine\u00a0dans son bocal de formol.<\/p>\n<p>[\/vc_column_text][\/vc_column][\/vc_row][vc_row top=\u00a0\u00bb20px\u00a0\u00bb bottom=\u00a0\u00bb30px\u00a0\u00bb][vc_column css=\u00a0\u00bb.vc_custom_1504122754757{margin-right: 80px !important;margin-left: 80px !important;}\u00a0\u00bb][vc_button title=\u00a0\u00bbTeaser du spectacle\u00a0\u00bb type=\u00a0\u00bbmaterial\u00a0\u00bb icon_material=\u00a0\u00bbvc-material vc-material-play_circle_outline\u00a0\u00bb color=\u00a0\u00bbbtn_black\u00a0\u00bb border_radius=\u00a0\u00bbround\u00a0\u00bb link=\u00a0\u00bburl:https%3A%2F%2Fwww.youtube.com%2Fwatch%3Fv%3DbPosYBjXGfA\u00a0\u00bb][\/vc_column][\/vc_row][vc_row top=\u00a0\u00bb20px\u00a0\u00bb bottom=\u00a0\u00bb30px\u00a0\u00bb][vc_column css=\u00a0\u00bb.vc_custom_1504122754757{margin-right: 80px !important;margin-left: 80px !important;}\u00a0\u00bb][vc_image_gallery images=\u00a0\u00bb462,1176,1177,1178,1175&Prime; space=\u00a0\u00bb5&Prime; popup=\u00a0\u00bbtrue\u00a0\u00bb items_row=\u00a0\u00bb6&Prime;][\/vc_column][\/vc_row][vc_row top=\u00a0\u00bb20px\u00a0\u00bb bottom=\u00a0\u00bb10px\u00a0\u00bb][vc_column css=\u00a0\u00bb.vc_custom_1504122825093{margin-right: 80px !important;margin-left: 80px !important;}\u00a0\u00bb][vc_column_text]<\/p>\n<h4>Equipe de reprise<\/h4>\n<p style=\"text-align: justify;\"><b>Texte et mise en sc\u00e8ne<\/b> Ang\u00e9lique Friant \u2022 <b>Collaboration artistique<\/b> Laurent Bazin \u2022 <b>Cr\u00e9ation lumi\u00e8re<\/b> St\u00e9phane Bordonaro \u2022 <b>Cr\u00e9ation sonore <\/b>Vincent Martial \u2022 <b>R\u00e9gie sonore <\/b>Samuel Gamet \u2022 <b>R\u00e9gie g\u00e9n\u00e9rale<\/b> Nicolas Poix \u2022 <b>Conception des marionnettes<\/b> David Girondin Moab \u2022 <b>Construction des marionnettes<\/b> Catherine Hugot, Violaine Fimbel et l\u2019\u00e9quipe du Jardin Parall\u00e8le \u2022 <b>Construction d\u00e9cors<\/b> G\u00e9rard Friant \u2022 <b>Avec<\/b> Maxime Le Gall, Julien Royer, Fr\u00e9d\u00e9ric Jeannot et Chiara Collet en alternance avec Quentin Gibelin.<\/p>\n<p>Remerciements \u00e0 Xavier Legrand, Vincent Martial, Antonin Lebrun et Simon Moers.[\/vc_column_text][\/vc_column][\/vc_row][vc_row top=\u00a0\u00bb20px\u00a0\u00bb bottom=\u00a0\u00bb10px\u00a0\u00bb][vc_column css=\u00a0\u00bb.vc_custom_1504122882108{margin-right: 80px !important;margin-left: 80px !important;}\u00a0\u00bb][vc_separator width=\u00a0\u00bb50%\u00a0\u00bb thickness=\u00a0\u00bb2px\u00a0\u00bb][\/vc_column][\/vc_row][vc_row top=\u00a0\u00bb10px\u00a0\u00bb bottom=\u00a0\u00bb30px\u00a0\u00bb][vc_column css=\u00a0\u00bb.vc_custom_1504122921569{margin-right: 80px !important;margin-left: 80px !important;}\u00a0\u00bb][vc_column_text]Le spectacle est subventionn\u00e9 par la Direction R\u00e9gionale des Affaires Culturelles de Champagne-\u00a0Ardenne, le Conseil G\u00e9n\u00e9ral de la Marne et la Ville de Reims. Il est soutenu par le Salmanazar, Sc\u00e8ne\u00a0de cr\u00e9ation et de diffusion d\u2019Epernay, le Tas de Sable \u2013 Ches Panses Vertes, P\u00f4le des arts de la\u00a0marionnette en r\u00e9gion Picardie, et le Festival M\u00e9li-m\u00f4me de Reims.[\/vc_column_text][\/vc_column][\/vc_row][vc_row top=\u00a0\u00bb20px\u00a0\u00bb bottom=\u00a0\u00bb10px\u00a0\u00bb][vc_column css=\u00a0\u00bb.vc_custom_1504122882108{margin-right: 80px !important;margin-left: 80px !important;}\u00a0\u00bb][vc_separator width=\u00a0\u00bb50%\u00a0\u00bb thickness=\u00a0\u00bb2px\u00a0\u00bb][\/vc_column][\/vc_row][vc_row top=\u00a0\u00bb20px\u00a0\u00bb][vc_column css=\u00a0\u00bb.vc_custom_1534874258446{margin-right: 80px !important;margin-left: 80px !important;}\u00a0\u00bb][vc_column_text]<\/p>\n<h5><span style=\"color: #800000;\"><em><strong><a href=\"http:\/\/www.s101.fr\/Dossiers\/Labo-2020.pdf\"><span style=\"color: #800000;\">T\u00c9L\u00c9CHARGER LE DOSSIER ICI<\/span><\/a><\/strong><\/em><\/span><\/h5>\n<p>[\/vc_column_text][\/vc_column][\/vc_row]<\/p>\n","protected":false},"excerpt":{"rendered":"<p>[vc_row top=\u00a0\u00bb120px\u00a0\u00bb bottom=\u00a0\u00bb30px\u00a0\u00bb][vc_column width=\u00a0\u00bb1\/2&Prime;][vc_single_image image=\u00a0\u00bb1181&Prime; img_size=\u00a0\u00bblarge\u00a0\u00bb alignment=\u00a0\u00bbcenter\u00a0\u00bb][\/vc_column][vc_column width=\u00a0\u00bb1\/2&Prime;][vc_column_text] Le Laboratorium Le Laboratorium est un spectacle familial \u00e0 partir de 8 ans.\u00a0Inspir\u00e9 des figures de scientifiques fous qui peuplent nos histoires d\u2019enfants, le Professeur Illman est un savant totalement d\u00e9jant\u00e9 et persuad\u00e9 qu\u2019il sauvera la plan\u00e8te par ses d\u00e9couvertes scientifiques. Pas de savant fou sans un acolyte simplet et d\u00e9vou\u00e9 : Crameur. Ensemble, ils mettent en place des exp\u00e9riences douteuses qu\u2019ils testent sur leurs cobayes, des&#8230;  <\/p>\n<div class=\"read-more\"><a class=\"excerpt-read-more\" href=\"http:\/\/www.s101.fr\/index.php\/le-laboratorium\/\" title=\"Continue reading Le Laboratorium\">Read more<i class=\"fa fa-angle-right\"><\/i><\/a><\/div>\n","protected":false},"author":1,"featured_media":0,"parent":0,"menu_order":0,"comment_status":"closed","ping_status":"closed","template":"","meta":{"footnotes":""},"class_list":["post-456","page","type-page","status-publish","hentry"],"_links":{"self":[{"href":"http:\/\/www.s101.fr\/index.php\/wp-json\/wp\/v2\/pages\/456","targetHints":{"allow":["GET"]}}],"collection":[{"href":"http:\/\/www.s101.fr\/index.php\/wp-json\/wp\/v2\/pages"}],"about":[{"href":"http:\/\/www.s101.fr\/index.php\/wp-json\/wp\/v2\/types\/page"}],"author":[{"embeddable":true,"href":"http:\/\/www.s101.fr\/index.php\/wp-json\/wp\/v2\/users\/1"}],"replies":[{"embeddable":true,"href":"http:\/\/www.s101.fr\/index.php\/wp-json\/wp\/v2\/comments?post=456"}],"version-history":[{"count":18,"href":"http:\/\/www.s101.fr\/index.php\/wp-json\/wp\/v2\/pages\/456\/revisions"}],"predecessor-version":[{"id":1872,"href":"http:\/\/www.s101.fr\/index.php\/wp-json\/wp\/v2\/pages\/456\/revisions\/1872"}],"wp:attachment":[{"href":"http:\/\/www.s101.fr\/index.php\/wp-json\/wp\/v2\/media?parent=456"}],"curies":[{"name":"wp","href":"https:\/\/api.w.org\/{rel}","templated":true}]}}