{"id":443,"date":"2017-08-29T19:59:52","date_gmt":"2017-08-29T17:59:52","guid":{"rendered":"http:\/\/www.s101.fr\/lia\/s101\/?page_id=443"},"modified":"2026-03-17T16:11:57","modified_gmt":"2026-03-17T15:11:57","slug":"couac","status":"publish","type":"page","link":"http:\/\/www.s101.fr\/index.php\/couac\/","title":{"rendered":"Couac"},"content":{"rendered":"<p>[vc_row top=\u00a0\u00bb120px\u00a0\u00bb bottom=\u00a0\u00bb30px\u00a0\u00bb][vc_column width=\u00a0\u00bb1\/2&Prime;][vc_single_image image=\u00a0\u00bb445&Prime; img_size=\u00a0\u00bblarge\u00a0\u00bb alignment=\u00a0\u00bbcenter\u00a0\u00bb][\/vc_column][vc_column width=\u00a0\u00bb1\/2&Prime;][vc_column_text]<\/p>\n<h2>Couac<\/h2>\n<p style=\"text-align: justify;\">Librement inspir\u00e9 du Vilain petit canard d\u2019<strong>Andersen<\/strong>,\u00a0<em>Ang\u00e9lique Friant<\/em>\u00a0revisite avec Couac un grand classique de la litt\u00e9rature jeunesse.<\/p>\n<p style=\"text-align: justify;\">La qu\u00eate d\u2019identit\u00e9, la d\u00e9couverte de la diff\u00e9rence, la recherche de soi : le vilain petit canard doit traverser bien des \u00e9preuves pour acc\u00e9der \u00e0 son \u00e9panouissement.<\/p>\n<p style=\"text-align: justify;\"><strong>Couac<\/strong>\u00a0nous transporte dans un univers visuel cr\u00e9\u00e9 \u00e0 partir de l\u2019animation des illustrations d\u2019Emilie Vast, sur une cr\u00e9ation sonore d\u2019Uriel Barth\u00e9lemi.<\/p>\n<p style=\"text-align: justify;\"><em>Ang\u00e9lique Friant<\/em>\u00a0propose un voyage initiatique o\u00f9 se m\u00ealent la danse, la marionnette, le th\u00e9\u00e2tre d\u2019ombres, la vid\u00e9o et la LSF, pour porter au plateau un po\u00e8me visuel et sonore.<\/p>\n<p>&nbsp;<\/p>\n<p style=\"text-align: center;\"><em>\u00ab\u00a0Je ne suis pas un hibou, je suis un pingouin<\/em><\/p>\n<p style=\"text-align: center;\"><em>Je ne suis pas un pingouin, je suis un p\u00e9lican<\/em><\/p>\n<p style=\"text-align: center;\"><em>Je ne suis pas un p\u00e9lican, je suis un flamand-rose<\/em><\/p>\n<p style=\"text-align: center;\"><em>Je ne suis pas un flamand-rose, je suis un canard<\/em><\/p>\n<p style=\"text-align: center;\"><em>Je ne suis pas un canard, je ne suis qu\u2019un piaf,\u00a0\u00bb<\/em><\/p>\n<p>[\/vc_column_text][\/vc_column][\/vc_row][vc_row top=\u00a0\u00bb20px\u00a0\u00bb bottom=\u00a0\u00bb30px\u00a0\u00bb][vc_column css=\u00a0\u00bb.vc_custom_1504030404943{margin-right: 80px !important;margin-left: 80px !important;}\u00a0\u00bb][vc_button title=\u00a0\u00bbTeaser du spectacle\u00a0\u00bb type=\u00a0\u00bbmaterial\u00a0\u00bb icon_material=\u00a0\u00bbvc-material vc-material-play_circle_outline\u00a0\u00bb color=\u00a0\u00bbbtn_black\u00a0\u00bb border_radius=\u00a0\u00bbround\u00a0\u00bb link=\u00a0\u00bburl:https%3A%2F%2Fwww.youtube.com%2Fwatch%3Fv%3DcJXiuQUYQvM\u00a0\u00bb][\/vc_column][\/vc_row][vc_row top=\u00a0\u00bb20px\u00a0\u00bb bottom=\u00a0\u00bb30px\u00a0\u00bb][vc_column css=\u00a0\u00bb.vc_custom_1504030404943{margin-right: 80px !important;margin-left: 80px !important;}\u00a0\u00bb][vc_image_gallery images=\u00a0\u00bb552,553,554,555,551,550&Prime; space=\u00a0\u00bb5&Prime; popup=\u00a0\u00bbtrue\u00a0\u00bb items_row=\u00a0\u00bb6&Prime;][\/vc_column][\/vc_row][vc_row top=\u00a0\u00bb20px\u00a0\u00bb bottom=\u00a0\u00bb10px\u00a0\u00bb][vc_column css=\u00a0\u00bb.vc_custom_1504030476216{margin-right: 80px !important;margin-left: 80px !important;}\u00a0\u00bb][vc_column_text]<\/p>\n<h4><strong>Equipe artistique<\/strong><\/h4>\n<p>Texte et mise en sc\u00e8ne\u00a0<strong>Ang\u00e9lique Friant<\/strong><\/p>\n<p>Sc\u00e9nographie\u00a0<strong>David Girondin Moab<\/strong><\/p>\n<p>Cr\u00e9ation lumi\u00e8res et vid\u00e9o\u00a0<strong>St\u00e9phane Bordonaro<\/strong><\/p>\n<p>R\u00e9gie\u00a0<strong>Arnaud Rollat<\/strong>,\u00a0<strong>Samuel Racine<\/strong>\u00a0et\u00a0<strong>Nicolas Poix<\/strong><\/p>\n<p>Cr\u00e9ation graphique\u00a0<strong>Emilie Vast<\/strong><\/p>\n<p>Cr\u00e9ation musicale\u00a0<strong>Uriel Barth\u00e9lemi<\/strong><\/p>\n<p>Fl\u00fbte\u00a0<strong>Cassandre Girard<\/strong><\/p>\n<p>Regard chor\u00e9graphique<strong>\u00a0Marinette Dozeville<\/strong><\/p>\n<p>Assistant<strong>\u00a0Jimmy Lemos<\/strong><\/p>\n<p>Construction\u00a0<strong>Catherine Hugot, Sophie Hauller, M\u00e9lanie Rebolj\u00a0<\/strong>assist\u00e9es de<strong>\u00a0Chlo\u00e9 Por\u00e9e\u00a0<\/strong>et<strong>\u00a0Ga\u00eblle Prodhon<\/strong><\/p>\n<p>Construction de la sc\u00e9nographie\u00a0<b>Malick Labiod\u00a0<\/b>assist\u00e9 de\u00a0<b>G\u00e9rard Friant<\/b><\/p>\n<p>Couture\u00a0<b>V\u00e9ronique Didier<\/b><\/p>\n<p>Avec\u00a0\u00a0<b>Chiara Collet\u00a0<\/b>en alternance avec<b>\u00a0Marion Tr\u00e9montels<\/b>,<b>\u00a0Paolo Locci\u00a0<\/b>en alternance avec<b>\u00a0Jade Collet<\/b><\/p>\n<p><i>Remerciements \u00e0 Pauline Duquesne, Sylvie Fernandez et Nicolas Poix<\/i>[\/vc_column_text][\/vc_column][\/vc_row][vc_row top=\u00a0\u00bb20px\u00a0\u00bb bottom=\u00a0\u00bb10px\u00a0\u00bb][vc_column css=\u00a0\u00bb.vc_custom_1504029564761{margin-right: 80px !important;margin-left: 80px !important;}\u00a0\u00bb][vc_separator width=\u00a0\u00bb50%\u00a0\u00bb thickness=\u00a0\u00bb2px\u00a0\u00bb][\/vc_column][\/vc_row][vc_row top=\u00a0\u00bb10px\u00a0\u00bb][vc_column css=\u00a0\u00bb.vc_custom_1504030595666{margin-right: 80px !important;margin-left: 80px !important;}\u00a0\u00bb][vc_column_text]<\/p>\n<p align=\"justify\"><strong>Production<\/strong>\u00a0Succursale 101<\/p>\n<p><strong>Coproductions<\/strong>\u00a0Le Salmanazar, Sc\u00e8ne de Cr\u00e9ation et de Diffusion d\u2019Epernay (51), La Com\u00e9die de Caen, Centre Dramatique National de Normandie (14), Espace J\u00e9liote, Sc\u00e8ne Conventionn\u00e9e \u00ab Arts de la Marionnette \u00bb de la Communaut\u00e9 de Communes du Pi\u00e9mont Oloronais (64).<\/p>\n<p><strong>Soutiens<\/strong>\u00a0Festival les Bor\u00e9ales \u00e0 Caen (14), La Com\u00e9die de Reims, Centre Dramatique National (51), Th\u00e9\u00e2tre Nouvelle G\u00e9n\u00e9ration, Centre Dramatique National, Lyon (69), Le Safran, Sc\u00e8ne Conventionn\u00e9e Pluridisciplinaire et d\u2019Exp\u00e9rimentation, Amiens (80), Le Jardin Parall\u00e8le \u00e0 Reims (51).\u00a0Le spectacle\u00a0<strong><em>Couac<\/em><\/strong>\u00a0re\u00e7oit le soutien de la\u00a0<b>Spedidam<\/b>.[\/vc_column_text][\/vc_column][\/vc_row][vc_row top=\u00a0\u00bb20px\u00a0\u00bb bottom=\u00a0\u00bb10px\u00a0\u00bb][vc_column css=\u00a0\u00bb.vc_custom_1504029564761{margin-right: 80px !important;margin-left: 80px !important;}\u00a0\u00bb][vc_separator width=\u00a0\u00bb50%\u00a0\u00bb thickness=\u00a0\u00bb2px\u00a0\u00bb][\/vc_column][\/vc_row][vc_row top=\u00a0\u00bb20px\u00a0\u00bb][vc_column css=\u00a0\u00bb.vc_custom_1534873174902{margin-right: 80px !important;margin-left: 80px !important;}\u00a0\u00bb][vc_column_text]<\/p>\n<h5><a href=\"http:\/\/www.s101.fr\/wp-content\/uploads\/2024\/06\/Dossier-de-presentation-Couac.pdf\"><em><strong><span style=\"color: #800000;\">T\u00e9l\u00e9charger le dossier ici<\/span><\/strong><\/em><\/a><\/h5>\n<p>[\/vc_column_text][\/vc_column][\/vc_row]<\/p>\n","protected":false},"excerpt":{"rendered":"<p>[vc_row top=\u00a0\u00bb120px\u00a0\u00bb bottom=\u00a0\u00bb30px\u00a0\u00bb][vc_column width=\u00a0\u00bb1\/2&Prime;][vc_single_image image=\u00a0\u00bb445&Prime; img_size=\u00a0\u00bblarge\u00a0\u00bb alignment=\u00a0\u00bbcenter\u00a0\u00bb][\/vc_column][vc_column width=\u00a0\u00bb1\/2&Prime;][vc_column_text] Couac Librement inspir\u00e9 du Vilain petit canard d\u2019Andersen,\u00a0Ang\u00e9lique Friant\u00a0revisite avec Couac un grand classique de la litt\u00e9rature jeunesse. La qu\u00eate d\u2019identit\u00e9, la d\u00e9couverte de la diff\u00e9rence, la recherche de soi : le vilain petit canard doit traverser bien des \u00e9preuves pour acc\u00e9der \u00e0 son \u00e9panouissement. Couac\u00a0nous transporte dans un univers visuel cr\u00e9\u00e9 \u00e0 partir de l\u2019animation des illustrations d\u2019Emilie Vast, sur une cr\u00e9ation sonore d\u2019Uriel Barth\u00e9lemi. Ang\u00e9lique&#8230;  <\/p>\n<div class=\"read-more\"><a class=\"excerpt-read-more\" href=\"http:\/\/www.s101.fr\/index.php\/couac\/\" title=\"Continue reading Couac\">Read more<i class=\"fa fa-angle-right\"><\/i><\/a><\/div>\n","protected":false},"author":1,"featured_media":0,"parent":0,"menu_order":0,"comment_status":"closed","ping_status":"closed","template":"","meta":{"footnotes":""},"class_list":["post-443","page","type-page","status-publish","hentry"],"_links":{"self":[{"href":"http:\/\/www.s101.fr\/index.php\/wp-json\/wp\/v2\/pages\/443","targetHints":{"allow":["GET"]}}],"collection":[{"href":"http:\/\/www.s101.fr\/index.php\/wp-json\/wp\/v2\/pages"}],"about":[{"href":"http:\/\/www.s101.fr\/index.php\/wp-json\/wp\/v2\/types\/page"}],"author":[{"embeddable":true,"href":"http:\/\/www.s101.fr\/index.php\/wp-json\/wp\/v2\/users\/1"}],"replies":[{"embeddable":true,"href":"http:\/\/www.s101.fr\/index.php\/wp-json\/wp\/v2\/comments?post=443"}],"version-history":[{"count":16,"href":"http:\/\/www.s101.fr\/index.php\/wp-json\/wp\/v2\/pages\/443\/revisions"}],"predecessor-version":[{"id":1870,"href":"http:\/\/www.s101.fr\/index.php\/wp-json\/wp\/v2\/pages\/443\/revisions\/1870"}],"wp:attachment":[{"href":"http:\/\/www.s101.fr\/index.php\/wp-json\/wp\/v2\/media?parent=443"}],"curies":[{"name":"wp","href":"https:\/\/api.w.org\/{rel}","templated":true}]}}