{"id":196,"date":"2017-07-25T22:14:54","date_gmt":"2017-07-25T20:14:54","guid":{"rendered":"http:\/\/www.s101.fr\/lia\/s101\/?page_id=196"},"modified":"2026-03-17T16:10:17","modified_gmt":"2026-03-17T15:10:17","slug":"coco","status":"publish","type":"page","link":"http:\/\/www.s101.fr\/index.php\/coco\/","title":{"rendered":"Coco"},"content":{"rendered":"<p>[vc_row top=\u00a0\u00bb120px\u00a0\u00bb bottom=\u00a0\u00bb30px\u00a0\u00bb][vc_column width=\u00a0\u00bb1\/2&Prime;][vc_single_image image=\u00a0\u00bb55&Prime; img_size=\u00a0\u00bblarge\u00a0\u00bb alignment=\u00a0\u00bbcenter\u00a0\u00bb][\/vc_column][vc_column width=\u00a0\u00bb1\/2&Prime;][vc_column_text]<\/p>\n<h2><strong>Coco<\/strong><\/h2>\n<p style=\"text-align: justify;\">Bernard-Marie Kolt\u00e8s laisse derri\u00e8re lui quelques projets \u00e0 l\u2019\u00e9tat d\u2019esquisses. Celui de Coco, inspir\u00e9e par la styliste Coco Chanel, est le dernier \u00e9dit\u00e9 dans les Editions de Minuit.<\/p>\n<p style=\"text-align: justify;\">Avec Coco, Ang\u00e9lique Friant propose la mise en sc\u00e8ne d\u2019un huis clos \u00e0 vif. Cette pi\u00e8ce en trois fragments tisse la relation entre cette vieille dame incisive et Consuelo, sa domestique.<br \/>\nAffaiblie par la vieillesse et la maladie, Coco, au seuil de sa mort imminente, reprend vie et plaisir \u00e0 d\u00e9verser des propos violents et cruels sur Consuelo, sa bonne.<\/p>\n<p style=\"text-align: justify;\"><em>COCO<\/em><br \/>\nConsuelo, cessez donc de vous mettre et remettre du rouge \u00e0 l\u00e8vres; apr\u00e8s chaque d\u00e9glutition, apr\u00e8s chaque soupir, vous remettez une couche de cette affreuse peinture. Consuelo, votre rouge \u00e0 l\u00e8vres me d\u00e9go\u00fbte.<\/p>\n<p style=\"text-align: justify;\"><em>CONSUELO<\/em><br \/>\nPourquoi, Madame Coco, pourquoi vous d\u00e9go\u00fbte-t-il ?<\/p>\n<p style=\"text-align: justify;\"><em>COCO<\/em><br \/>\nLe rouge \u00e0 l\u00e8vres est une invention horrible, ind\u00e9cente, obsc\u00e8ne. Trouvez-vous cela joli ? Croyez vous que cela plaise aux hommes ? Croyez-vous que vous \u00eates en mesure de n\u00e9gliger de plaire aux hommes ? Une femme qui ne plait pas aux hommes n\u2019est rien, rien du tout; une femme qui<br \/>\nn\u2019est pas aim\u00e9e d\u2019un homme est une nullit\u00e9. Pensez-vous vous faire aimer en vous donnant l\u2019air d\u2019un g\u00e2teau, d\u2019une fraise \u00e9cras\u00e9e, d\u2019une tache de vin rouge sur la nappe ? Croyez-vous que ce soit agr\u00e9able de voir fumer au bord des cendriers des filtres cercl\u00e9s de ce rouge obsc\u00e8ne ?<\/p>\n<p style=\"text-align: left;\"><em>Bernard-Marie Kolt\u00e8s, Coco, extrait<\/em><\/p>\n<p>[\/vc_column_text][\/vc_column][\/vc_row][vc_row top=\u00a0\u00bb20px\u00a0\u00bb bottom=\u00a0\u00bb30px\u00a0\u00bb content_placement=\u00a0\u00bbmiddle\u00a0\u00bb][vc_column css=\u00a0\u00bb.vc_custom_1504125895380{margin-right: 80px !important;margin-left: 80px !important;}\u00a0\u00bb][vc_button title=\u00a0\u00bbTeaser du spectacle\u00a0\u00bb type=\u00a0\u00bbmaterial\u00a0\u00bb icon_material=\u00a0\u00bbvc-material vc-material-play_circle_outline\u00a0\u00bb color=\u00a0\u00bbbtn_black\u00a0\u00bb border_radius=\u00a0\u00bbround\u00a0\u00bb link=\u00a0\u00bburl:https%3A%2F%2Fwww.youtube.com%2Fwatch%3Fv%3Dgn6X3g1qWmw\u00a0\u00bb][\/vc_column][\/vc_row][vc_row top=\u00a0\u00bb20px\u00a0\u00bb bottom=\u00a0\u00bb30px\u00a0\u00bb content_placement=\u00a0\u00bbmiddle\u00a0\u00bb][vc_column css=\u00a0\u00bb.vc_custom_1504125895380{margin-right: 80px !important;margin-left: 80px !important;}\u00a0\u00bb][vc_image_gallery images=\u00a0\u00bb434,435,436,437,438,441&Prime; space=\u00a0\u00bb5&Prime; popup=\u00a0\u00bbtrue\u00a0\u00bb items_row=\u00a0\u00bb6&Prime;][\/vc_column][\/vc_row][vc_row top=\u00a0\u00bb20px\u00a0\u00bb bottom=\u00a0\u00bb10px\u00a0\u00bb][vc_column css=\u00a0\u00bb.vc_custom_1503758520874{margin-right: 80px !important;margin-left: 80px !important;}\u00a0\u00bb][vc_column_text]<\/p>\n<h4><strong>Equipe artistique<\/strong><\/h4>\n<p>Mise en sc\u00e8ne<strong>\u00a0Ang\u00e9lique Friant<\/strong><br \/>\nCr\u00e9ation lumi\u00e8re et vid\u00e9o<strong>\u00a0St\u00e9phane Bordonaro<\/strong><br \/>\nR\u00e9gisseur<strong>\u00a0Nicolas Poix<\/strong><br \/>\ncr\u00e9ation sonore\u00a0<strong>Arnaud Rollat<\/strong><br \/>\nConstruction marionnettique<strong>\u00a0Eduardo Felix et Igor Godinho<\/strong><br \/>\nAccessoiriste<strong>\u00a0Manon Choserot<\/strong><br \/>\nCr\u00e9ation Costumes<strong>\u00a0Jennifer Minard<\/strong><br \/>\nCr\u00e9ation Chapeaux\u00a0<strong>Sara Tintinger<\/strong><br \/>\nInterpr\u00e9tation<strong>\u00a0 Chiara Collet et Bettina Kee<\/strong>[\/vc_column_text][\/vc_column][\/vc_row][vc_row top=\u00a0\u00bb20px\u00a0\u00bb bottom=\u00a0\u00bb10px\u00a0\u00bb][vc_column css=\u00a0\u00bb.vc_custom_1504027741094{margin-right: 80px !important;margin-left: 80px !important;}\u00a0\u00bb][vc_separator width=\u00a0\u00bb50%\u00a0\u00bb thickness=\u00a0\u00bb2px\u00a0\u00bb][\/vc_column][\/vc_row][vc_row top=\u00a0\u00bb10px\u00a0\u00bb bottom=\u00a0\u00bb20px\u00a0\u00bb][vc_column css=\u00a0\u00bb.vc_custom_1504027205200{margin-right: 80px !important;margin-left: 80px !important;}\u00a0\u00bb][vc_column_text]<strong>Production<\/strong>\u00a0Succursale 101<\/p>\n<p><strong>Coproduction<\/strong>\u00a0Le Salmanazar, sc\u00e8ne de cr\u00e9ation et de diffusion d\u2019Epernay.<br \/>\n<strong>Coproduction\/R\u00e9sidence de cr\u00e9ation<\/strong>\u00a0Th\u00e9\u00e2tre Eurydice de Plaisir<br \/>\n<strong>Avec le soutien<\/strong>\u00a0du Th\u00e9\u00e2tre Jean Arp, Sc\u00e8ne conventionn\u00e9e de Clamart<\/p>\n<p>Dans le cadre du dispositif de r\u00e9sidence du Minist\u00e8re de la Culture et de la Communication Drac Ile-de-France[\/vc_column_text][\/vc_column][\/vc_row][vc_row top=\u00a0\u00bb20px\u00a0\u00bb bottom=\u00a0\u00bb10px\u00a0\u00bb][vc_column css=\u00a0\u00bb.vc_custom_1504027741094{margin-right: 80px !important;margin-left: 80px !important;}\u00a0\u00bb][vc_separator width=\u00a0\u00bb50%\u00a0\u00bb thickness=\u00a0\u00bb2px\u00a0\u00bb][\/vc_column][\/vc_row][vc_row top=\u00a0\u00bb20px\u00a0\u00bb][vc_column css=\u00a0\u00bb.vc_custom_1534830431834{margin-right: 80px !important;margin-left: 80px !important;}\u00a0\u00bb][vc_column_text]<\/p>\n<h5 style=\"text-align: left;\"><span style=\"color: #333333;\"><strong><em><a style=\"color: #333333;\" href=\"http:\/\/www.s101.fr\/lia\/s101\/wp-content\/uploads\/2018\/08\/dossier-coco.pdf\"><span style=\"color: #993366;\"><span style=\"color: #800000;\">T\u00e9l\u00e9charger le dossier ici<\/span><\/span><\/a><\/em><\/strong><\/span><\/h5>\n<p>[\/vc_column_text][\/vc_column][\/vc_row]<\/p>\n","protected":false},"excerpt":{"rendered":"<p>[vc_row top=\u00a0\u00bb120px\u00a0\u00bb bottom=\u00a0\u00bb30px\u00a0\u00bb][vc_column width=\u00a0\u00bb1\/2&Prime;][vc_single_image image=\u00a0\u00bb55&Prime; img_size=\u00a0\u00bblarge\u00a0\u00bb alignment=\u00a0\u00bbcenter\u00a0\u00bb][\/vc_column][vc_column width=\u00a0\u00bb1\/2&Prime;][vc_column_text] Coco Bernard-Marie Kolt\u00e8s laisse derri\u00e8re lui quelques projets \u00e0 l\u2019\u00e9tat d\u2019esquisses. Celui de Coco, inspir\u00e9e par la styliste Coco Chanel, est le dernier \u00e9dit\u00e9 dans les Editions de Minuit. Avec Coco, Ang\u00e9lique Friant propose la mise en sc\u00e8ne d\u2019un huis clos \u00e0 vif. Cette pi\u00e8ce en trois fragments tisse la relation entre cette vieille dame incisive et Consuelo, sa domestique. Affaiblie par la vieillesse et la maladie,&#8230;  <\/p>\n<div class=\"read-more\"><a class=\"excerpt-read-more\" href=\"http:\/\/www.s101.fr\/index.php\/coco\/\" title=\"Continue reading Coco\">Read more<i class=\"fa fa-angle-right\"><\/i><\/a><\/div>\n","protected":false},"author":1,"featured_media":0,"parent":0,"menu_order":0,"comment_status":"closed","ping_status":"closed","template":"","meta":{"footnotes":""},"class_list":["post-196","page","type-page","status-publish","hentry"],"_links":{"self":[{"href":"http:\/\/www.s101.fr\/index.php\/wp-json\/wp\/v2\/pages\/196","targetHints":{"allow":["GET"]}}],"collection":[{"href":"http:\/\/www.s101.fr\/index.php\/wp-json\/wp\/v2\/pages"}],"about":[{"href":"http:\/\/www.s101.fr\/index.php\/wp-json\/wp\/v2\/types\/page"}],"author":[{"embeddable":true,"href":"http:\/\/www.s101.fr\/index.php\/wp-json\/wp\/v2\/users\/1"}],"replies":[{"embeddable":true,"href":"http:\/\/www.s101.fr\/index.php\/wp-json\/wp\/v2\/comments?post=196"}],"version-history":[{"count":110,"href":"http:\/\/www.s101.fr\/index.php\/wp-json\/wp\/v2\/pages\/196\/revisions"}],"predecessor-version":[{"id":1869,"href":"http:\/\/www.s101.fr\/index.php\/wp-json\/wp\/v2\/pages\/196\/revisions\/1869"}],"wp:attachment":[{"href":"http:\/\/www.s101.fr\/index.php\/wp-json\/wp\/v2\/media?parent=196"}],"curies":[{"name":"wp","href":"https:\/\/api.w.org\/{rel}","templated":true}]}}