{"id":1692,"date":"2024-07-10T15:19:41","date_gmt":"2024-07-10T13:19:41","guid":{"rendered":"http:\/\/www.s101.fr\/?page_id=1692"},"modified":"2025-06-27T15:19:14","modified_gmt":"2025-06-27T13:19:14","slug":"soupirs-mouilles-sous-les-talons","status":"publish","type":"page","link":"http:\/\/www.s101.fr\/index.php\/soupirs-mouilles-sous-les-talons\/","title":{"rendered":"Soupirs mouill\u00e9s sous les talons"},"content":{"rendered":"<p>[vc_row top=\u00a0\u00bb120px\u00a0\u00bb bottom=\u00a0\u00bb30px\u00a0\u00bb][vc_column width=\u00a0\u00bb1\/2&Prime;][vc_magic_image image=\u00a0\u00bb1779&Prime; alignment=\u00a0\u00bbcenter\u00a0\u00bb img_size=\u00a0\u00bblarge\u00a0\u00bb][\/vc_column][vc_column width=\u00a0\u00bb1\/2&Prime;][vc_column_text]<span style=\"color: #000000;\"><em><strong>Cabaret marionnettique et univers chim\u00e9rique <\/strong><\/em><\/span><\/p>\n<p style=\"text-align: justify;\"><span style=\"color: #333333;\">Apr\u00e8s une premi\u00e8re collaboration pour\u00a0<strong><em>Les Le\u00e7ons d\u2019Anatomies Chim\u00e9riques<\/em><\/strong>, Ang\u00e9lique Friant et le plasticien polymorphe St\u00e9phane Blanquet se retrouvent pour cr\u00e9er une forme spectaculaire qui m\u00e9lange l\u2019univers organique et chim\u00e9rique du dessinateur et le monde du th\u00e9\u00e2tre de la marionnettiste. Dans la grande tradition du cabaret, ils composent avec des num\u00e9ros mais c\u2019est \u00e0 la mani\u00e8re des dada\u00efstes qu\u2019ils jouent avec les images, les marionnettes et les mots.\u00a0En ma\u00eetre de c\u00e9r\u00e9monie, Emmanuel Hubaut, chanteur-leader du groupe culte Les T\u00e9tines noires, et leader d&rsquo;EHb, anime ce cabaret hypnotique o\u00f9 d\u00e9filent performeurs, com\u00e9diens et leurs doubles marionnettiques, sensualit\u00e9 v\u00e9n\u00e9neuse et fakirisme avec Lalla Morte, jeux de masques et de miroirs, po\u00e9sie et \u00e9rotisme. Gr\u00e2ce au travail plastique, marionnettique et vid\u00e9o,\u00a0<strong><em>Soupirs mouill\u00e9s sous les talons<\/em><\/strong>\u00a0glisse doucement vers une inqui\u00e9tante \u00e9tranget\u00e9, un r\u00eave luxuriant peupl\u00e9 de personnages hybrides, mi-humains, mi-insectes ou mi-v\u00e9g\u00e9taux. Dans cette fantasmagorie, \u00e9merge au fur et \u00e0 mesure une v\u00e9ritable installation o\u00f9 le public pourra circuler \u00e0 la fin du spectacle. Une invitation dans un monde troublant o\u00f9 la po\u00e9sie visuelle c\u00f4toie un imaginaire d\u00e9brid\u00e9.<\/span><\/p>\n<p>[\/vc_column_text][vc_separator color=\u00a0\u00bb#ffffff\u00a0\u00bb thickness=\u00a0\u00bb30px\u00a0\u00bb][vc_column_text]<\/p>\n<p style=\"text-align: justify;\"><span style=\"color: #333333;\"><strong>Une cr\u00e9ation de<\/strong>\u00a0Ang\u00e9lique Friant\u00a0et\u00a0St\u00e9phane Blanquet\u00a0<\/span><span style=\"color: #333333;\"><strong>Metteur en sc\u00e8ne, auteur et marionnettiste<\/strong>\u00a0Ang\u00e9lique Friant\u00a0<\/span><span style=\"color: #333333;\"><strong>Auteur, plasticien et interpr\u00e8te<\/strong>\u00a0St\u00e9phane Blanquet\u00a0<\/span><span style=\"color: #333333;\"><strong>Cr\u00e9ateur sonore, musicien et interpr\u00e8te<\/strong>\u00a0Emmanuel Hubaut\u00a0<\/span><span style=\"color: #333333;\"><strong>Performeuse et fakir\u00a0<\/strong>Lalla Morte\u00a0<\/span><span style=\"color: #333333;\"><strong>Marionnettiste et chanteuse<\/strong>\u00a0Ya\u00ebl Rasooly\u00a0<\/span><span style=\"color: #333333;\"><strong>Marionnettistes<\/strong>\u00a0Christophe Hanon,\u00a0David Girondin Moab, Jeanne Marquis\u00a0<\/span><span style=\"color: #333333;\"><strong>Costumi\u00e8re<\/strong>\u00a0Marianne Merillon\u00a0<strong>assist\u00e9e de<\/strong> Cl\u00e9o Pringigallo <\/span><span style=\"color: #333333;\"><strong>Constructeurs de marionnettes<\/strong> Eduardo F\u00e9lix et Igor Godinho <\/span><span style=\"color: #333333;\"><strong>Construction<\/strong> Mathilde Peinetti et L\u00e9onor Ilitch\u00a0<\/span><span style=\"color: #333333;\"><strong>R\u00e9gisseur g\u00e9n\u00e9ral et cr\u00e9ateur lumi\u00e8re<\/strong>\u00a0Nicolas Poix <\/span><span style=\"color: #333333;\"><strong>R\u00e9gisseur plateau <\/strong>Ionah M\u00e9lin.\u00a0<\/span><span style=\"color: #333333;\"><strong>Remerciements \u00e0<\/strong> Olive, Louis Kinet, G\u00e9rard Friant, Martine Friant et Richard Bellezza.<\/span><\/p>\n<p style=\"text-align: left;\"><span style=\"color: #333333;\"><strong>Production<\/strong> compagnie Succursale 101 <strong>Coproductions<\/strong>\u00a0Man\u00e8ge, sc\u00e8ne nationale &#8211; Reims, Espace J\u00e9liote &#8211; Centre national de la marionnette (CNMa) <strong>Soutiens<\/strong> Jardin Parall\u00e8le, laboratoire marionnettique de Reims et la Nef de Pantin.<\/span><\/p>\n<p>[\/vc_column_text][\/vc_column][\/vc_row][vc_row][vc_column width=\u00a0\u00bb1\/4&Prime;][vc_button title=\u00a0\u00bbDossier du spectacle\u00a0\u00bb button_align=\u00a0\u00bbbtn_fr\u00a0\u00bb color=\u00a0\u00bbbtn_black\u00a0\u00bb border_radius=\u00a0\u00bbhv_rounded\u00a0\u00bb link=\u00a0\u00bburl:https%3A%2F%2Fwww.s101.fr%2FDossiers%2FSoupirs.pdf|title:Dossier%20Soupirs%20Mouill%C3%A9s|target:_blank\u00a0\u00bb][\/vc_column][vc_column width=\u00a0\u00bb1\/4&Prime;][vc_button title=\u00a0\u00bbTeaser du spectacle\u00a0\u00bb button_align=\u00a0\u00bbbtn_fl\u00a0\u00bb color=\u00a0\u00bbbtn_black\u00a0\u00bb border_radius=\u00a0\u00bbhv_rounded\u00a0\u00bb link=\u00a0\u00bburl:https%3A%2F%2Fwww.s101.fr%2Fvideos%2Fsoupirs-teaser.mp4|title:Teaser%20Soupirs%20Mouill%C3%A9s|target:_blank\u00a0\u00bb][\/vc_column][vc_column width=\u00a0\u00bb1\/4&Prime;][\/vc_column][vc_column width=\u00a0\u00bb1\/4&Prime;][\/vc_column][\/vc_row][vc_row][vc_column css=\u00a0\u00bb.vc_custom_1638135848580{margin-left: 60px !important;}\u00a0\u00bb][vc_column_text]<strong><span style=\"color: #000000;\">\u00a0 PHOTOS DU SPECTACLE EN CR\u00c9ATION<\/span><\/strong>[\/vc_column_text][vc_image_gallery images=\u00a0\u00bb1782,1781,1784,1783&Prime; space=\u00a0\u00bb5&Prime; popup=\u00a0\u00bbtrue\u00a0\u00bb items_row=\u00a0\u00bb6&Prime; responsive=\u00a0\u00bbtrue\u00a0\u00bb][\/vc_column][\/vc_row]<\/p>\n","protected":false},"excerpt":{"rendered":"<p>[vc_row top=\u00a0\u00bb120px\u00a0\u00bb bottom=\u00a0\u00bb30px\u00a0\u00bb][vc_column width=\u00a0\u00bb1\/2&Prime;][vc_magic_image image=\u00a0\u00bb1779&Prime; alignment=\u00a0\u00bbcenter\u00a0\u00bb img_size=\u00a0\u00bblarge\u00a0\u00bb][\/vc_column][vc_column width=\u00a0\u00bb1\/2&Prime;][vc_column_text]Cabaret marionnettique et univers chim\u00e9rique Apr\u00e8s une premi\u00e8re collaboration pour\u00a0Les Le\u00e7ons d\u2019Anatomies Chim\u00e9riques, Ang\u00e9lique Friant et le plasticien polymorphe St\u00e9phane Blanquet se retrouvent pour cr\u00e9er une forme spectaculaire qui m\u00e9lange l\u2019univers organique et chim\u00e9rique du dessinateur et le monde du th\u00e9\u00e2tre de la marionnettiste. Dans la grande tradition du cabaret, ils composent avec des num\u00e9ros mais c\u2019est \u00e0 la mani\u00e8re des dada\u00efstes qu\u2019ils jouent avec les images, les&#8230;  <\/p>\n<div class=\"read-more\"><a class=\"excerpt-read-more\" href=\"http:\/\/www.s101.fr\/index.php\/soupirs-mouilles-sous-les-talons\/\" title=\"Continue reading Soupirs mouill\u00e9s sous les talons\">Read more<i class=\"fa fa-angle-right\"><\/i><\/a><\/div>\n","protected":false},"author":1,"featured_media":0,"parent":0,"menu_order":0,"comment_status":"closed","ping_status":"closed","template":"","meta":{"footnotes":""},"class_list":["post-1692","page","type-page","status-publish","hentry"],"_links":{"self":[{"href":"http:\/\/www.s101.fr\/index.php\/wp-json\/wp\/v2\/pages\/1692","targetHints":{"allow":["GET"]}}],"collection":[{"href":"http:\/\/www.s101.fr\/index.php\/wp-json\/wp\/v2\/pages"}],"about":[{"href":"http:\/\/www.s101.fr\/index.php\/wp-json\/wp\/v2\/types\/page"}],"author":[{"embeddable":true,"href":"http:\/\/www.s101.fr\/index.php\/wp-json\/wp\/v2\/users\/1"}],"replies":[{"embeddable":true,"href":"http:\/\/www.s101.fr\/index.php\/wp-json\/wp\/v2\/comments?post=1692"}],"version-history":[{"count":49,"href":"http:\/\/www.s101.fr\/index.php\/wp-json\/wp\/v2\/pages\/1692\/revisions"}],"predecessor-version":[{"id":1805,"href":"http:\/\/www.s101.fr\/index.php\/wp-json\/wp\/v2\/pages\/1692\/revisions\/1805"}],"wp:attachment":[{"href":"http:\/\/www.s101.fr\/index.php\/wp-json\/wp\/v2\/media?parent=1692"}],"curies":[{"name":"wp","href":"https:\/\/api.w.org\/{rel}","templated":true}]}}