{"id":1329,"date":"2021-11-28T18:03:14","date_gmt":"2021-11-28T17:03:14","guid":{"rendered":"http:\/\/www.s101.fr\/?page_id=1329"},"modified":"2021-12-02T16:29:29","modified_gmt":"2021-12-02T15:29:29","slug":"les-lecons-danatomies-chimeriques","status":"publish","type":"page","link":"http:\/\/www.s101.fr\/index.php\/les-lecons-danatomies-chimeriques\/","title":{"rendered":"Les Le\u00e7ons d&rsquo;Anatomies Chim\u00e9riques"},"content":{"rendered":"<p>[vc_row top=\u00a0\u00bb120px\u00a0\u00bb bottom=\u00a0\u00bb30px\u00a0\u00bb][vc_column width=\u00a0\u00bb1\/2&Prime;][vc_magic_image image=\u00a0\u00bb1333&Prime; alignment=\u00a0\u00bbcenter\u00a0\u00bb img_size=\u00a0\u00bblarge\u00a0\u00bb][vc_empty_space][vc_button title=\u00a0\u00bbTeaser du spectacle\u00a0\u00bb type=\u00a0\u00bbfontawesome\u00a0\u00bb icon_fontawesome=\u00a0\u00bbfar fa-play-circle\u00a0\u00bb margin_left=\u00a0\u00bb80px\u00a0\u00bb color=\u00a0\u00bbbtn_black\u00a0\u00bb link=\u00a0\u00bburl:http%3A%2F%2Fwww.s101.fr%2Fvideos%2FLecons.mp4|title:Les%20Le%C3%A7ons%20d%E2%80%99Anatomies%20Chim%C3%A9riques\u00a0\u00bb][\/vc_column][vc_column width=\u00a0\u00bb1\/2&Prime;][vc_column_text]Voyage onirique \u00e0 travers trois boites noires. Trois paysages organiques, dont les \u00eatres singuliers s\u2019animent. Ombres, transparences et paysages sonores habitent ces th\u00e9\u00e2tres\u00a0miniatures, imagin\u00e9s par St\u00e9phane Blanquet en collaboration avec Ang\u00e9lique Friant.<\/p>\n<div>Ang\u00e9lique Friant propose \u00e0 St\u00e9phane Blanquet d\u2019imaginer un concept de bo\u00eete pour un spectateur dont la dur\u00e9e ne doit pas exc\u00e9der 5-6 minutes. St\u00e9phane Blanquet con\u00e7oit 3 bo\u00eetes, un mixe entre la bo\u00eete noire du photographe et une bo\u00eete \u00e0 syst\u00e8mes renfermant de multiples m\u00e9canismes. Il dessine l\u2019ensemble des \u00e9l\u00e9ments qui composent ces th\u00e9\u00e2tres miniatures et \u00e9crit les textes de la bandeson. Il insuffle ainsi son univers plastique et esth\u00e9tique aux bo\u00eetes.<\/div>\n<div>Pour donner vie \u00e0 ses mati\u00e8res, Ang\u00e9lique Friant construit la bo\u00eete et con\u00e7oit les syst\u00e8mes de manipulation des \u00e9l\u00e9ments.<\/div>\n<div><\/div>\n<div>Uriel Barth\u00e9l\u00e9mi compl\u00e8te l\u2019\u00e9quipe en cr\u00e9ant l\u2019univers sonore diffus\u00e9 en casque.<\/div>\n<p>&nbsp;<\/p>\n<h4>Equipe artistique<\/h4>\n<p>Conception, dessins et textes de \u00a0<strong>St\u00e9phane Blanquet\u00a0<\/strong><\/p>\n<p>Mise en sc\u00e8ne et voix off\u00a0<strong>Ang\u00e9lique Friant<\/strong><\/p>\n<p>Cor\u00e9ation sonore <strong>Uriel Barth\u00e9l\u00e9mi<\/strong><\/p>\n<p>Avec la participation d&rsquo;\u00a0<strong>Alice Masson, Nicolas Poix, Boualeme Bengueddach, G\u00e9rard Friant, \u00c9li Neva Jaramillo et Sylvain Menard<\/strong><\/p>\n<p>Interpr\u00e9tation\u00a0<strong>Ang\u00e9lique Friant, Rakoo De Andrade\u00a0<\/strong>et<strong> Coline Fouilhe<\/strong>[\/vc_column_text][\/vc_column][\/vc_row][vc_row][vc_column css=\u00a0\u00bb.vc_custom_1638135848580{margin-left: 60px !important;}\u00a0\u00bb][vc_image_gallery images=\u00a0\u00bb1336,1337,1351&Prime; space=\u00a0\u00bb5&Prime; popup=\u00a0\u00bbtrue\u00a0\u00bb items_row=\u00a0\u00bb6&Prime;][\/vc_column][\/vc_row][vc_row top=\u00a0\u00bb20px\u00a0\u00bb][vc_column css=\u00a0\u00bb.vc_custom_1612111874423{margin-left: 80px !important;}\u00a0\u00bb][vc_column_text]<\/p>\n<h5><strong>T\u00e9l\u00e9charger le dossier du spectacle <em><a href=\"http:\/\/www.s101.fr\/Dossiers\/Lesleconsdanatomies.pdf\" target=\"_blank\" rel=\"noopener\">ICI<\/a><\/em><\/strong><\/h5>\n<p>[\/vc_column_text][\/vc_column][\/vc_row]<\/p>\n","protected":false},"excerpt":{"rendered":"<p>[vc_row top=\u00a0\u00bb120px\u00a0\u00bb bottom=\u00a0\u00bb30px\u00a0\u00bb][vc_column width=\u00a0\u00bb1\/2&Prime;][vc_magic_image image=\u00a0\u00bb1333&Prime; alignment=\u00a0\u00bbcenter\u00a0\u00bb img_size=\u00a0\u00bblarge\u00a0\u00bb][vc_empty_space][vc_button title=\u00a0\u00bbTeaser du spectacle\u00a0\u00bb type=\u00a0\u00bbfontawesome\u00a0\u00bb icon_fontawesome=\u00a0\u00bbfar fa-play-circle\u00a0\u00bb margin_left=\u00a0\u00bb80px\u00a0\u00bb color=\u00a0\u00bbbtn_black\u00a0\u00bb link=\u00a0\u00bburl:http%3A%2F%2Fwww.s101.fr%2Fvideos%2FLecons.mp4|title:Les%20Le%C3%A7ons%20d%E2%80%99Anatomies%20Chim%C3%A9riques\u00a0\u00bb][\/vc_column][vc_column width=\u00a0\u00bb1\/2&Prime;][vc_column_text]Voyage onirique \u00e0 travers trois boites noires. Trois paysages organiques, dont les \u00eatres singuliers s\u2019animent. Ombres, transparences et paysages sonores habitent ces th\u00e9\u00e2tres\u00a0miniatures, imagin\u00e9s par St\u00e9phane Blanquet en collaboration avec Ang\u00e9lique Friant. Ang\u00e9lique Friant propose \u00e0 St\u00e9phane Blanquet d\u2019imaginer un concept de bo\u00eete pour un spectateur dont la dur\u00e9e ne doit pas exc\u00e9der 5-6 minutes. St\u00e9phane Blanquet con\u00e7oit 3&#8230;  <\/p>\n<div class=\"read-more\"><a class=\"excerpt-read-more\" href=\"http:\/\/www.s101.fr\/index.php\/les-lecons-danatomies-chimeriques\/\" title=\"Continue reading Les Le\u00e7ons d&rsquo;Anatomies Chim\u00e9riques\">Read more<i class=\"fa fa-angle-right\"><\/i><\/a><\/div>\n","protected":false},"author":1,"featured_media":0,"parent":0,"menu_order":0,"comment_status":"closed","ping_status":"closed","template":"","meta":{"footnotes":""},"class_list":["post-1329","page","type-page","status-publish","hentry"],"_links":{"self":[{"href":"http:\/\/www.s101.fr\/index.php\/wp-json\/wp\/v2\/pages\/1329","targetHints":{"allow":["GET"]}}],"collection":[{"href":"http:\/\/www.s101.fr\/index.php\/wp-json\/wp\/v2\/pages"}],"about":[{"href":"http:\/\/www.s101.fr\/index.php\/wp-json\/wp\/v2\/types\/page"}],"author":[{"embeddable":true,"href":"http:\/\/www.s101.fr\/index.php\/wp-json\/wp\/v2\/users\/1"}],"replies":[{"embeddable":true,"href":"http:\/\/www.s101.fr\/index.php\/wp-json\/wp\/v2\/comments?post=1329"}],"version-history":[{"count":15,"href":"http:\/\/www.s101.fr\/index.php\/wp-json\/wp\/v2\/pages\/1329\/revisions"}],"predecessor-version":[{"id":1352,"href":"http:\/\/www.s101.fr\/index.php\/wp-json\/wp\/v2\/pages\/1329\/revisions\/1352"}],"wp:attachment":[{"href":"http:\/\/www.s101.fr\/index.php\/wp-json\/wp\/v2\/media?parent=1329"}],"curies":[{"name":"wp","href":"https:\/\/api.w.org\/{rel}","templated":true}]}}