{"id":1286,"date":"2021-06-18T15:38:08","date_gmt":"2021-06-18T13:38:08","guid":{"rendered":"http:\/\/www.s101.fr\/?page_id=1286"},"modified":"2024-07-10T16:52:58","modified_gmt":"2024-07-10T14:52:58","slug":"infiniment-grand","status":"publish","type":"page","link":"http:\/\/www.s101.fr\/index.php\/infiniment-grand\/","title":{"rendered":"Infiniment Grand"},"content":{"rendered":"<p>[vc_row top=\u00a0\u00bb120px\u00a0\u00bb bottom=\u00a0\u00bb30px\u00a0\u00bb][vc_column width=\u00a0\u00bb1\/2&Prime;][vc_magic_image image=\u00a0\u00bb1743&Prime; alignment=\u00a0\u00bbcenter\u00a0\u00bb img_size=\u00a0\u00bblarge\u00a0\u00bb][vc_separator color=\u00a0\u00bb#ffffff\u00a0\u00bb thickness=\u00a0\u00bb30px\u00a0\u00bb][vc_button title=\u00a0\u00bbDOSSIER ICI\u00a0\u00bb size=\u00a0\u00bbbtn-medium\u00a0\u00bb color=\u00a0\u00bbbtn_black\u00a0\u00bb border_radius=\u00a0\u00bbround\u00a0\u00bb link=\u00a0\u00bburl:http%3A%2F%2Fwww.s101.fr%2Fwp-content%2Fuploads%2F2024%2F07%2FDossier-Infiniment-Grand.pdf\u00a0\u00bb][vc_separator color=\u00a0\u00bb#ffffff\u00a0\u00bb thickness=\u00a0\u00bb50px\u00a0\u00bb][vc_column_text]<\/p>\n<h4><span style=\"color: #000000;\">\u00c9quipe artistique<\/span><\/h4>\n<p><span style=\"color: #000000;\">Conception et mise en sc\u00e8ne <strong>Ang\u00e9lique Friant<\/strong><\/span><\/p>\n<p><span style=\"color: #000000;\">Cr\u00e9ation sonore <strong>Uriel Barth\u00e9l\u00e9mi<\/strong><\/span><\/p>\n<p><span style=\"color: #000000;\">Cr\u00e9ation graphique\u00a0<strong>\u00c9lise Boual<\/strong><\/span><\/p>\n<p><span style=\"color: #000000;\">Cr\u00e9ation lumi\u00e8res et vid\u00e9o <strong>Nicolas Poix<\/strong><\/span>[\/vc_column_text][\/vc_column][vc_column width=\u00a0\u00bb1\/2&Prime;][vc_column_text]<span style=\"color: #000000;\">Cr\u00e9\u00e9 en 2021 par la metteur en sc\u00e8ne Ang\u00e9lique Friant, <em><strong>Infiniment Grand<\/strong><\/em> est une installation immersive, performative et interactive, \u00e0 vivre d\u00e8s le plus jeune \u00e2ge. Infiniment Grand propose un voyage \u00e0 la d\u00e9couverte du th\u00e9\u00e2tre de marionnettes, des cosmogonies et de son imaginaire. Tout semble possible sous les d\u00f4mes \u00e9toil\u00e9s&#8230; R\u00e9inventer la cr\u00e9ation du monde, donner vie \u00e0 son imagination, cr\u00e9er sa propre l\u00e9gende, se mettre en sc\u00e8ne&#8230; Au coeur de ces espaces interactifs, le public devient acteur.<\/span><\/p>\n<p><span style=\"color: #000000;\"><strong><em>Infiniment Grand<\/em> <\/strong>est une forme hybride, <strong>entre spectacle et actions artistiques<\/strong>, qui, gr\u00e2ce \u00e0 ses d\u00f4mes et ses espaces vari\u00e9s, peut s\u2019adapter et se r\u00e9inventer \u00e0 l\u2019infini. Un, deux ou trois d\u00f4mes, en int\u00e9rieur ou en ext\u00e9rieur, dans le cadre d\u2019un festival, dans une salle de th\u00e9\u00e2tre, une classe, une cours d\u2019\u00e9cole ou une cr\u00e8che, pour des repr\u00e9sentations tout public ou scolaires, pour les tout-petits ou les plus grands&#8230; Ce projet s\u2019adapte et se construit avec le lieu qui le re\u00e7oit. Chaque nouvelle installation, chaque nouveau lieu, chaque public, donne naissance \u00e0 une version diff\u00e9rente de ce voyage immersif.<\/span><\/p>\n<p><span style=\"color: #000000;\"><em><strong>Infiniment Grand<\/strong><\/em> c\u2019est aussi une installation qui voyage. Avec un seul d\u00f4me, mont\u00e9 en int\u00e9rieur ou en ext\u00e9rieur, ce projet vient en compl\u00e8te immersion dans une structure, comme une maison de quartier, une cr\u00e8che ou une \u00e9cole. En cr\u00e9ant un espace onirique, il transforme le quotidien des enfants de l\u2019\u00e9tablissement en les faisant participer chaque jour \u00e0 des explorations. Pour cela, l\u2019\u00e9quipe d\u2019Infiniment Grand transforme chaque fois la sc\u00e9nographie int\u00e9rieure du d\u00f4me.<\/span><\/p>\n<p><span style=\"color: #000000;\">Pour les enfants, de 3 mois \u00e0 3 ans.\u00a0<\/span><\/p>\n<p>[\/vc_column_text][\/vc_column][\/vc_row][vc_row][vc_column css=\u00a0\u00bb.vc_custom_1612111874423{margin-left: 80px !important;}\u00a0\u00bb][vc_image_gallery images=\u00a0\u00bb1741,1738,1742,1737,1743,1740,1739&Prime; space=\u00a0\u00bb20&Prime;][\/vc_column][\/vc_row]<\/p>\n","protected":false},"excerpt":{"rendered":"<p>[vc_row top=\u00a0\u00bb120px\u00a0\u00bb bottom=\u00a0\u00bb30px\u00a0\u00bb][vc_column width=\u00a0\u00bb1\/2&Prime;][vc_magic_image image=\u00a0\u00bb1743&Prime; alignment=\u00a0\u00bbcenter\u00a0\u00bb img_size=\u00a0\u00bblarge\u00a0\u00bb][vc_separator color=\u00a0\u00bb#ffffff\u00a0\u00bb thickness=\u00a0\u00bb30px\u00a0\u00bb][vc_button title=\u00a0\u00bbDOSSIER ICI\u00a0\u00bb size=\u00a0\u00bbbtn-medium\u00a0\u00bb color=\u00a0\u00bbbtn_black\u00a0\u00bb border_radius=\u00a0\u00bbround\u00a0\u00bb link=\u00a0\u00bburl:http%3A%2F%2Fwww.s101.fr%2Fwp-content%2Fuploads%2F2024%2F07%2FDossier-Infiniment-Grand.pdf\u00a0\u00bb][vc_separator color=\u00a0\u00bb#ffffff\u00a0\u00bb thickness=\u00a0\u00bb50px\u00a0\u00bb][vc_column_text] \u00c9quipe artistique Conception et mise en sc\u00e8ne Ang\u00e9lique Friant Cr\u00e9ation sonore Uriel Barth\u00e9l\u00e9mi Cr\u00e9ation graphique\u00a0\u00c9lise Boual Cr\u00e9ation lumi\u00e8res et vid\u00e9o Nicolas Poix[\/vc_column_text][\/vc_column][vc_column width=\u00a0\u00bb1\/2&Prime;][vc_column_text]Cr\u00e9\u00e9 en 2021 par la metteur en sc\u00e8ne Ang\u00e9lique Friant, Infiniment Grand est une installation immersive, performative et interactive, \u00e0 vivre d\u00e8s le plus jeune \u00e2ge. Infiniment Grand propose un voyage \u00e0 la d\u00e9couverte du th\u00e9\u00e2tre&#8230;  <\/p>\n<div class=\"read-more\"><a class=\"excerpt-read-more\" href=\"http:\/\/www.s101.fr\/index.php\/infiniment-grand\/\" title=\"Continue reading Infiniment Grand\">Read more<i class=\"fa fa-angle-right\"><\/i><\/a><\/div>\n","protected":false},"author":1,"featured_media":0,"parent":0,"menu_order":0,"comment_status":"closed","ping_status":"closed","template":"","meta":{"footnotes":""},"class_list":["post-1286","page","type-page","status-publish","hentry"],"_links":{"self":[{"href":"http:\/\/www.s101.fr\/index.php\/wp-json\/wp\/v2\/pages\/1286","targetHints":{"allow":["GET"]}}],"collection":[{"href":"http:\/\/www.s101.fr\/index.php\/wp-json\/wp\/v2\/pages"}],"about":[{"href":"http:\/\/www.s101.fr\/index.php\/wp-json\/wp\/v2\/types\/page"}],"author":[{"embeddable":true,"href":"http:\/\/www.s101.fr\/index.php\/wp-json\/wp\/v2\/users\/1"}],"replies":[{"embeddable":true,"href":"http:\/\/www.s101.fr\/index.php\/wp-json\/wp\/v2\/comments?post=1286"}],"version-history":[{"count":8,"href":"http:\/\/www.s101.fr\/index.php\/wp-json\/wp\/v2\/pages\/1286\/revisions"}],"predecessor-version":[{"id":1751,"href":"http:\/\/www.s101.fr\/index.php\/wp-json\/wp\/v2\/pages\/1286\/revisions\/1751"}],"wp:attachment":[{"href":"http:\/\/www.s101.fr\/index.php\/wp-json\/wp\/v2\/media?parent=1286"}],"curies":[{"name":"wp","href":"https:\/\/api.w.org\/{rel}","templated":true}]}}