{"id":1257,"date":"2021-06-13T17:34:53","date_gmt":"2021-06-13T15:34:53","guid":{"rendered":"http:\/\/www.s101.fr\/lia\/s101\/?page_id=1257"},"modified":"2024-02-12T09:40:37","modified_gmt":"2024-02-12T08:40:37","slug":"ahles-rats","status":"publish","type":"page","link":"http:\/\/www.s101.fr\/index.php\/ahles-rats\/","title":{"rendered":"Ah les rats"},"content":{"rendered":"<p>[vc_row top=\u00a0\u00bb120px\u00a0\u00bb bottom=\u00a0\u00bb30px\u00a0\u00bb][vc_column width=\u00a0\u00bb1\/2&Prime;][vc_single_image image=\u00a0\u00bb1377&Prime; img_size=\u00a0\u00bblarge\u00a0\u00bb alignment=\u00a0\u00bbcenter\u00a0\u00bb][\/vc_column][vc_column width=\u00a0\u00bb1\/2&Prime;][vc_column_text css=\u00a0\u00bb.vc_custom_1667400709164{padding-bottom: 30px !important;}\u00a0\u00bb]<\/p>\n<h2>Ah les rats<\/h2>\n<p style=\"text-align: justify;\">Deux rats, marionnettes \u00e0 main d\u2019Ang\u00e9lique Friant, conversent avec Gramblanc sur leurs mauvaises r\u00e9putations et m\u00e9sententes avec l\u2018homme dont ils sont victimes.\u2028\u00a0A travers cet \u00e9change, c\u2019est de notre relation \u00e0 l\u2019animal dont il est question.<\/p>\n<p style=\"text-align: justify;\">Devenu depuis peu dans le Code civil un \u00ab\u00eatre vivant dou\u00e9 de sensibilit\u00e9\u00bb et non plus un \u00abbien meuble\u00bb et une \u00ab chose inanim\u00e9e \u00bb, c\u2019est le moment ou jamais pour les rats de prendre la parole et d\u2019\u00e9veiller nos consciences encore trop peu empathiques envers le Vivant.<\/p>\n<p style=\"text-align: justify;\"><strong><em>Ah les rats\u00a0<\/em><\/strong>s\u2019ouvre sur une piste de cirque, th\u00e9\u00e2tre de deux rencontres.\u2028La confrontation po\u00e9tique entre deux rats et Gramblanc, se m\u00ealant aux retrouvailles de l\u2019art du clown blanc et de celui de la marionnette.[\/vc_column_text][vc_image_gallery images=\u00a0\u00bb1379,1380,1381&Prime; space=\u00a0\u00bb5&Prime; popup=\u00a0\u00bbtrue\u00a0\u00bb][\/vc_column][\/vc_row][vc_row top=\u00a0\u00bb20px\u00a0\u00bb bottom=\u00a0\u00bb10px\u00a0\u00bb][vc_column css=\u00a0\u00bb.vc_custom_1504122882108{margin-right: 80px !important;margin-left: 80px !important;}\u00a0\u00bb][vc_separator width=\u00a0\u00bb50%\u00a0\u00bb thickness=\u00a0\u00bb2px\u00a0\u00bb][\/vc_column][\/vc_row][vc_row][vc_column][vc_service type=\u00a0\u00bbmaterial\u00a0\u00bb icon_material=\u00a0\u00bbvc-material vc-material-play_circle_outline\u00a0\u00bb title=\u00a0\u00bb\u00a0\u00bb title_tag=\u00a0\u00bbh6&Prime; link=\u00a0\u00bburl:http%3A%2F%2Fwww.s101.fr%2Fwp-content%2Fuploads%2F2024%2F01%2FTEASER-AH-LES-RATS.mp4&Prime;]Teaser du spectacle ici[\/vc_service][\/vc_column][\/vc_row][vc_row top=\u00a0\u00bb20px\u00a0\u00bb bottom=\u00a0\u00bb10px\u00a0\u00bb][vc_column css=\u00a0\u00bb.vc_custom_1504122882108{margin-right: 80px !important;margin-left: 80px !important;}\u00a0\u00bb][vc_separator width=\u00a0\u00bb50%\u00a0\u00bb thickness=\u00a0\u00bb2px\u00a0\u00bb][\/vc_column][\/vc_row][vc_row top=\u00a0\u00bb20px\u00a0\u00bb][vc_column css=\u00a0\u00bb.vc_custom_1504122825093{margin-right: 80px !important;margin-left: 80px !important;}\u00a0\u00bb][vc_column_text]<\/p>\n<h4>Equipe artistique<\/h4>\n<p style=\"text-align: justify;\"><b>Texte <\/b>Catherine Lefeuvre \u2022 <b>Direction<\/b> Ang\u00e9lique Friant et Jean Lambert-wild \u2022 <b>Avec <\/b>Chiara Collet et Jean Lambert-wild\u00a0\u2022 <b>Conception<\/b> Ang\u00e9lique Friant\u00a0\u2022 <b>Construction des\u00a0marionnettes\u00a0<\/b>Catherine Hugot et Coline Fouilh\u00e9 \u2022 <b>Sc\u00e9nographie<\/b> Ang\u00e9lique Friant et Jean Lambert-wild \u2022 <b>Signature de Gramblanc <\/b>Jean Lambert-wild \u2022\u00a0<b>Conception, construction et peinture du d\u00e9cor\u00a0<\/b><b><\/b>Daniel Roussel \u2022\u00a0<b>R\u00e9gie g\u00e9n\u00e9rale, son et lumi\u00e8res\u00a0<\/b>Ma\u00ebl Baudet\u00a0\u2022 <b>Souquenille de Gramblanc dessin\u00e9 par St\u00e9phane Blanquet\u00a0<\/b>\u2022 <b>Et r\u00e9alis\u00e9 par\u00a0<\/b>Pascale et St\u00e9phane Richy &#8211; Le chat bott\u00e9 costumier \u2022 <b>Photos<\/b> Tristan Jeanne-Val\u00e8s<\/p>\n<p><b>Production associ\u00e9e <\/b>La compagnie Succursale 101 et La coop\u00e9rative 326<b><br \/>\n<\/b><\/p>\n<p><b>Co-productions <\/b>du Th\u00e9\u00e2tre \u00e0 la coque- Centre national des arts de la Marionnette \u00e0 Hennebont, La Nef, Fabrique des Cultures Actuelles \u2013 Saint-Di\u00e9-des -Vosges.<\/p>\n<p><strong>Avec le soutien<\/strong> du\u00a0centre de la Marionnette de la F\u00e9d\u00e9ration Wallonie-Bruxelles[\/vc_column_text][\/vc_column][\/vc_row][vc_row top=\u00a0\u00bb20px\u00a0\u00bb bottom=\u00a0\u00bb10px\u00a0\u00bb][vc_column css=\u00a0\u00bb.vc_custom_1504122882108{margin-right: 80px !important;margin-left: 80px !important;}\u00a0\u00bb][vc_separator width=\u00a0\u00bb50%\u00a0\u00bb thickness=\u00a0\u00bb2px\u00a0\u00bb][\/vc_column][\/vc_row][vc_row top=\u00a0\u00bb20px\u00a0\u00bb bottom=\u00a0\u00bb10px\u00a0\u00bb][vc_column css=\u00a0\u00bb.vc_custom_1534874258446{margin-right: 80px !important;margin-left: 80px !important;}\u00a0\u00bb][vc_column_text]<\/p>\n<h5><a href=\"http:\/\/www.s101.fr\/wp-content\/uploads\/2024\/02\/Dossier-Ah-Les-Rats.pdf\"><span style=\"color: #800000;\"><em><strong><span style=\"color: #800000;\">T\u00c9L\u00c9CHARGER LE DOSSIER ICI<\/span><\/strong><\/em><\/span><\/a><\/h5>\n<p>[\/vc_column_text][\/vc_column][\/vc_row][vc_row top=\u00a0\u00bb20px\u00a0\u00bb bottom=\u00a0\u00bb10px\u00a0\u00bb][vc_column css=\u00a0\u00bb.vc_custom_1504122882108{margin-right: 80px !important;margin-left: 80px !important;}\u00a0\u00bb][vc_separator width=\u00a0\u00bb50%\u00a0\u00bb thickness=\u00a0\u00bb2px\u00a0\u00bb][\/vc_column][\/vc_row]<\/p>\n","protected":false},"excerpt":{"rendered":"<p>[vc_row top=\u00a0\u00bb120px\u00a0\u00bb bottom=\u00a0\u00bb30px\u00a0\u00bb][vc_column width=\u00a0\u00bb1\/2&Prime;][vc_single_image image=\u00a0\u00bb1377&Prime; img_size=\u00a0\u00bblarge\u00a0\u00bb alignment=\u00a0\u00bbcenter\u00a0\u00bb][\/vc_column][vc_column width=\u00a0\u00bb1\/2&Prime;][vc_column_text css=\u00a0\u00bb.vc_custom_1667400709164{padding-bottom: 30px !important;}\u00a0\u00bb] Ah les rats Deux rats, marionnettes \u00e0 main d\u2019Ang\u00e9lique Friant, conversent avec Gramblanc sur leurs mauvaises r\u00e9putations et m\u00e9sententes avec l\u2018homme dont ils sont victimes.\u2028\u00a0A travers cet \u00e9change, c\u2019est de notre relation \u00e0 l\u2019animal dont il est question. Devenu depuis peu dans le Code civil un \u00ab\u00eatre vivant dou\u00e9 de sensibilit\u00e9\u00bb et non plus un \u00abbien meuble\u00bb et une \u00ab chose inanim\u00e9e \u00bb, c\u2019est&#8230;  <\/p>\n<div class=\"read-more\"><a class=\"excerpt-read-more\" href=\"http:\/\/www.s101.fr\/index.php\/ahles-rats\/\" title=\"Continue reading Ah les rats\">Read more<i class=\"fa fa-angle-right\"><\/i><\/a><\/div>\n","protected":false},"author":1,"featured_media":0,"parent":0,"menu_order":0,"comment_status":"closed","ping_status":"closed","template":"","meta":{"footnotes":""},"class_list":["post-1257","page","type-page","status-publish","hentry"],"_links":{"self":[{"href":"http:\/\/www.s101.fr\/index.php\/wp-json\/wp\/v2\/pages\/1257","targetHints":{"allow":["GET"]}}],"collection":[{"href":"http:\/\/www.s101.fr\/index.php\/wp-json\/wp\/v2\/pages"}],"about":[{"href":"http:\/\/www.s101.fr\/index.php\/wp-json\/wp\/v2\/types\/page"}],"author":[{"embeddable":true,"href":"http:\/\/www.s101.fr\/index.php\/wp-json\/wp\/v2\/users\/1"}],"replies":[{"embeddable":true,"href":"http:\/\/www.s101.fr\/index.php\/wp-json\/wp\/v2\/comments?post=1257"}],"version-history":[{"count":29,"href":"http:\/\/www.s101.fr\/index.php\/wp-json\/wp\/v2\/pages\/1257\/revisions"}],"predecessor-version":[{"id":1568,"href":"http:\/\/www.s101.fr\/index.php\/wp-json\/wp\/v2\/pages\/1257\/revisions\/1568"}],"wp:attachment":[{"href":"http:\/\/www.s101.fr\/index.php\/wp-json\/wp\/v2\/media?parent=1257"}],"curies":[{"name":"wp","href":"https:\/\/api.w.org\/{rel}","templated":true}]}}