{"id":1218,"date":"2021-01-31T23:27:05","date_gmt":"2021-01-31T22:27:05","guid":{"rendered":"http:\/\/www.s101.fr\/lia\/s101\/?page_id=1218"},"modified":"2021-01-31T23:46:47","modified_gmt":"2021-01-31T22:46:47","slug":"grincements","status":"publish","type":"page","link":"http:\/\/www.s101.fr\/index.php\/grincements\/","title":{"rendered":"Grincements"},"content":{"rendered":"<p>[vc_row top=\u00a0\u00bb120px\u00a0\u00bb bottom=\u00a0\u00bb30px\u00a0\u00bb][vc_column width=\u00a0\u00bb1\/2&Prime;][vc_magic_image image=\u00a0\u00bb1220&Prime; alignment=\u00a0\u00bbcenter\u00a0\u00bb img_size=\u00a0\u00bblarge\u00a0\u00bb][\/vc_column][vc_column width=\u00a0\u00bb1\/2&Prime;][vc_column_text]<\/p>\n<p style=\"text-align: justify;\">La litt\u00e9rature jeunesse regorge d\u2019histoires effrayantes, dont le d\u00e9cor campe des maisons hant\u00e9es et des ch\u00e2teaux lugubres, mettant en sc\u00e8nes des vampires, des fant\u00f4mes et d\u2019autres cr\u00e9atures mal\u00e9fiques&#8230;<\/p>\n<p style=\"text-align: justify;\">Inspir\u00e9 de tous ces souvenirs d\u2019enfants, o\u00f9 l\u2019on s\u2019amuse \u00e0 se faire peur, ce solo marionnettique explore le bestiaire et les personnages de cet univers fantastique.<\/p>\n<p>[\/vc_column_text][vc_column_text css=\u00a0\u00bb.vc_custom_1612133203029{margin-top: 100px !important;}\u00a0\u00bb]<\/p>\n<h4>Equipe artistique<\/h4>\n<p>Conception et mise en sc\u00e8ne <strong>Ang\u00e9lique Friant<\/strong><\/p>\n<p>Jeu et construction<strong>\u00a0L\u00e9onor Ilitch<\/strong><\/p>\n<p>Cr\u00e9ation sonore<strong> Felix Chaillou<\/strong>[\/vc_column_text][\/vc_column][\/vc_row][vc_row top=\u00a0\u00bb20px\u00a0\u00bb bottom=\u00a0\u00bb30px\u00a0\u00bb][vc_column css=\u00a0\u00bb.vc_custom_1533123326879{margin-right: 80px !important;margin-left: 80px !important;}\u00a0\u00bb][vc_image_gallery images=\u00a0\u00bb1221,1222,1223&Prime; space=\u00a0\u00bb5&Prime; popup=\u00a0\u00bbtrue\u00a0\u00bb items_row=\u00a0\u00bb6&Prime;][\/vc_column][\/vc_row]<\/p>\n","protected":false},"excerpt":{"rendered":"<p>[vc_row top=\u00a0\u00bb120px\u00a0\u00bb bottom=\u00a0\u00bb30px\u00a0\u00bb][vc_column width=\u00a0\u00bb1\/2&Prime;][vc_magic_image image=\u00a0\u00bb1220&Prime; alignment=\u00a0\u00bbcenter\u00a0\u00bb img_size=\u00a0\u00bblarge\u00a0\u00bb][\/vc_column][vc_column width=\u00a0\u00bb1\/2&Prime;][vc_column_text] La litt\u00e9rature jeunesse regorge d\u2019histoires effrayantes, dont le d\u00e9cor campe des maisons hant\u00e9es et des ch\u00e2teaux lugubres, mettant en sc\u00e8nes des vampires, des fant\u00f4mes et d\u2019autres cr\u00e9atures mal\u00e9fiques&#8230; Inspir\u00e9 de tous ces souvenirs d\u2019enfants, o\u00f9 l\u2019on s\u2019amuse \u00e0 se faire peur, ce solo marionnettique explore le bestiaire et les personnages de cet univers fantastique. [\/vc_column_text][vc_column_text css=\u00a0\u00bb.vc_custom_1612133203029{margin-top: 100px !important;}\u00a0\u00bb] Equipe artistique Conception et mise en sc\u00e8ne Ang\u00e9lique Friant&#8230;  <\/p>\n<div class=\"read-more\"><a class=\"excerpt-read-more\" href=\"http:\/\/www.s101.fr\/index.php\/grincements\/\" title=\"Continue reading Grincements\">Read more<i class=\"fa fa-angle-right\"><\/i><\/a><\/div>\n","protected":false},"author":1,"featured_media":0,"parent":0,"menu_order":0,"comment_status":"closed","ping_status":"closed","template":"","meta":{"footnotes":""},"class_list":["post-1218","page","type-page","status-publish","hentry"],"_links":{"self":[{"href":"http:\/\/www.s101.fr\/index.php\/wp-json\/wp\/v2\/pages\/1218","targetHints":{"allow":["GET"]}}],"collection":[{"href":"http:\/\/www.s101.fr\/index.php\/wp-json\/wp\/v2\/pages"}],"about":[{"href":"http:\/\/www.s101.fr\/index.php\/wp-json\/wp\/v2\/types\/page"}],"author":[{"embeddable":true,"href":"http:\/\/www.s101.fr\/index.php\/wp-json\/wp\/v2\/users\/1"}],"replies":[{"embeddable":true,"href":"http:\/\/www.s101.fr\/index.php\/wp-json\/wp\/v2\/comments?post=1218"}],"version-history":[{"count":8,"href":"http:\/\/www.s101.fr\/index.php\/wp-json\/wp\/v2\/pages\/1218\/revisions"}],"predecessor-version":[{"id":1235,"href":"http:\/\/www.s101.fr\/index.php\/wp-json\/wp\/v2\/pages\/1218\/revisions\/1235"}],"wp:attachment":[{"href":"http:\/\/www.s101.fr\/index.php\/wp-json\/wp\/v2\/media?parent=1218"}],"curies":[{"name":"wp","href":"https:\/\/api.w.org\/{rel}","templated":true}]}}