{"id":1005,"date":"2018-08-01T13:35:30","date_gmt":"2018-08-01T11:35:30","guid":{"rendered":"http:\/\/www.s101.fr\/lia\/s101\/?page_id=1005"},"modified":"2024-01-26T16:40:33","modified_gmt":"2024-01-26T15:40:33","slug":"bulle","status":"publish","type":"page","link":"http:\/\/www.s101.fr\/index.php\/bulle\/","title":{"rendered":"Bulle"},"content":{"rendered":"<p>[vc_row top=\u00a0\u00bb120px\u00a0\u00bb bottom=\u00a0\u00bb30px\u00a0\u00bb][vc_column width=\u00a0\u00bb1\/2&Prime;][vc_magic_image image=\u00a0\u00bb1428&Prime; alignment=\u00a0\u00bbcenter\u00a0\u00bb img_size=\u00a0\u00bblarge\u00a0\u00bb css=\u00a0\u00bb.vc_custom_1698251816450{border-bottom-width: 60px !important;}\u00a0\u00bb][vc_empty_space height=\u00a0\u00bb60px\u00a0\u00bb][vc_button title=\u00a0\u00bbTeaser du spectacle\u00a0\u00bb size=\u00a0\u00bbbtn-large\u00a0\u00bb type=\u00a0\u00bbfontawesome\u00a0\u00bb icon_fontawesome=\u00a0\u00bbfar fa-play-circle\u00a0\u00bb margin_left=\u00a0\u00bb120px\u00a0\u00bb color=\u00a0\u00bbbtn_grey\u00a0\u00bb link=\u00a0\u00bburl:http%3A%2F%2Fwww.s101.fr%2Fvideos%2FBulle-teaser.mp4|title:Teaser%20Bulle|target:_blank\u00a0\u00bb][\/vc_column][vc_column width=\u00a0\u00bb1\/2&Prime;][vc_column_text]<\/p>\n<p style=\"text-align: justify;\"><b>Bulle<\/b> est une cr\u00e9ation en direction des tout petits.<br \/>\nLe spectacle est une immersion dans un monde \u00e0 exp\u00e9riences sensorielles et sensibles, un espace d\u2019illusion hors du temps et du quotidien.<span class=\"Apple-converted-space\">\u00a0<\/span><\/p>\n<p style=\"text-align: justify;\">En entrant dans cet espace circulaire, tout est diff\u00e9rent et magique, mais nous nous y sentons prot\u00e9g\u00e9s comme dans notre lit : un petit cocon reconstitu\u00e9 pour se sentir en confiance et \u00eatre pr\u00eat pour le voyage.<span class=\"Apple-converted-space\">\u00a0<\/span><\/p>\n<p style=\"text-align: justify;\">Se retrouver ensemble, rassembl\u00e9s, sur des petits coussins sous un ciel \u00e9toil\u00e9&#8230; Pour \u00e9couter l\u2019histoire, celle cont\u00e9e par l\u2019anc\u00eatre assis sur un nuage, au-dessus de nous, suspendu entre la terre et le ciel.<span class=\"Apple-converted-space\">\u00a0<\/span><\/p>\n<p style=\"text-align: ljustify;\">Le magicien, le passeur, le sage, celui qui puise dans les racines du monde et qui par ses mots transforme l\u2019espace pour donner \u00e0 voir l\u2019invisible.<span class=\"Apple-converted-space\">\u00a0<\/span><\/p>\n<p style=\"text-align: justify;\">Inspir\u00e9 par les mythes ancestraux, les contes inuits, les l\u00e9gendes du monde, <b>Bulle<\/b> est la d\u00e9couverte d\u2019une ellipse sensorielle. Visuelle, sonore et vibratoire.<span class=\"Apple-converted-space\">\u00a0<\/span><\/p>\n<p>&nbsp;<\/p>\n<p>\u00ab L\u2019histoire commence il y a tr\u00e8s longtemps.<\/p>\n<p>Dans un espace o\u00f9 ni le jour, ni la nuit n\u2019existent encore.<\/p>\n<p>O\u00f9 les odeurs et les sons ne demandent qu\u2019\u00e0 appara\u00eetre\u2026 Comme les couleurs\u2026<\/p>\n<p>Pour donner la vie. \u00bb[\/vc_column_text][vc_separator color=\u00a0\u00bb#ffffff\u00a0\u00bb thickness=\u00a0\u00bb20px\u00a0\u00bb][vc_column_text]<\/p>\n<h4>\u00c9quipe artistique<\/h4>\n<p>Conception et mise en sc\u00e8ne <strong>Ang\u00e9lique Friant<\/strong><\/p>\n<p>Cr\u00e9ation sonore et musicale <strong>Uriel Barth\u00e9l\u00e9mi<\/strong><\/p>\n<p>Cr\u00e9ation graphique\u00a0<strong>\u00c9lise Boual<\/strong><\/p>\n<p>Cr\u00e9ation vid\u00e9o <strong>Nicolas Poix<\/strong><\/p>\n<p>Couture\u00a0<strong>Marianne Merillon<\/strong><\/p>\n<p>Avec \u00a0<strong>Rodolphe Dekowski<\/strong> et<strong> L\u00e9onor Ilitch<\/strong><\/p>\n<p>Remerciements \u00e0 : Philippe Le Goff, Nicolas Canot et Quentin Nivromont[\/vc_column_text][\/vc_column][\/vc_row][vc_row top=\u00a0\u00bb20px\u00a0\u00bb bottom=\u00a0\u00bb30px\u00a0\u00bb][vc_column css=\u00a0\u00bb.vc_custom_1533123326879{margin-right: 80px !important;margin-left: 80px !important;}\u00a0\u00bb][vc_image_gallery images=\u00a0\u00bb1430,1431,1432,1433&Prime; space=\u00a0\u00bb5&Prime; popup=\u00a0\u00bbtrue\u00a0\u00bb items_row=\u00a0\u00bb6&Prime;][\/vc_column][\/vc_row][vc_row][vc_column css=\u00a0\u00bb.vc_custom_1612111874423{margin-left: 80px !important;}\u00a0\u00bb][vc_column_text]<\/p>\n<h5><strong>T\u00e9l\u00e9charger le dossier du spectacle <em><a href=\"http:\/\/www.s101.fr\/Dossiers\/BULLE.pdf\" target=\"_blank\" rel=\"noopener\">ICI<\/a><\/em><\/strong><\/h5>\n<p>[\/vc_column_text][\/vc_column][\/vc_row][vc_row][vc_column][\/vc_column][\/vc_row]<\/p>\n","protected":false},"excerpt":{"rendered":"<p>[vc_row top=\u00a0\u00bb120px\u00a0\u00bb bottom=\u00a0\u00bb30px\u00a0\u00bb][vc_column width=\u00a0\u00bb1\/2&Prime;][vc_magic_image image=\u00a0\u00bb1428&Prime; alignment=\u00a0\u00bbcenter\u00a0\u00bb img_size=\u00a0\u00bblarge\u00a0\u00bb css=\u00a0\u00bb.vc_custom_1698251816450{border-bottom-width: 60px !important;}\u00a0\u00bb][vc_empty_space height=\u00a0\u00bb60px\u00a0\u00bb][vc_button title=\u00a0\u00bbTeaser du spectacle\u00a0\u00bb size=\u00a0\u00bbbtn-large\u00a0\u00bb type=\u00a0\u00bbfontawesome\u00a0\u00bb icon_fontawesome=\u00a0\u00bbfar fa-play-circle\u00a0\u00bb margin_left=\u00a0\u00bb120px\u00a0\u00bb color=\u00a0\u00bbbtn_grey\u00a0\u00bb link=\u00a0\u00bburl:http%3A%2F%2Fwww.s101.fr%2Fvideos%2FBulle-teaser.mp4|title:Teaser%20Bulle|target:_blank\u00a0\u00bb][\/vc_column][vc_column width=\u00a0\u00bb1\/2&Prime;][vc_column_text] Bulle est une cr\u00e9ation en direction des tout petits. Le spectacle est une immersion dans un monde \u00e0 exp\u00e9riences sensorielles et sensibles, un espace d\u2019illusion hors du temps et du quotidien.\u00a0 En entrant dans cet espace circulaire, tout est diff\u00e9rent et magique, mais nous nous y sentons prot\u00e9g\u00e9s comme dans notre lit :&#8230;  <\/p>\n<div class=\"read-more\"><a class=\"excerpt-read-more\" href=\"http:\/\/www.s101.fr\/index.php\/bulle\/\" title=\"Continue reading Bulle\">Read more<i class=\"fa fa-angle-right\"><\/i><\/a><\/div>\n","protected":false},"author":1,"featured_media":0,"parent":0,"menu_order":0,"comment_status":"closed","ping_status":"closed","template":"","meta":{"footnotes":""},"class_list":["post-1005","page","type-page","status-publish","hentry"],"_links":{"self":[{"href":"http:\/\/www.s101.fr\/index.php\/wp-json\/wp\/v2\/pages\/1005","targetHints":{"allow":["GET"]}}],"collection":[{"href":"http:\/\/www.s101.fr\/index.php\/wp-json\/wp\/v2\/pages"}],"about":[{"href":"http:\/\/www.s101.fr\/index.php\/wp-json\/wp\/v2\/types\/page"}],"author":[{"embeddable":true,"href":"http:\/\/www.s101.fr\/index.php\/wp-json\/wp\/v2\/users\/1"}],"replies":[{"embeddable":true,"href":"http:\/\/www.s101.fr\/index.php\/wp-json\/wp\/v2\/comments?post=1005"}],"version-history":[{"count":54,"href":"http:\/\/www.s101.fr\/index.php\/wp-json\/wp\/v2\/pages\/1005\/revisions"}],"predecessor-version":[{"id":1555,"href":"http:\/\/www.s101.fr\/index.php\/wp-json\/wp\/v2\/pages\/1005\/revisions\/1555"}],"wp:attachment":[{"href":"http:\/\/www.s101.fr\/index.php\/wp-json\/wp\/v2\/media?parent=1005"}],"curies":[{"name":"wp","href":"https:\/\/api.w.org\/{rel}","templated":true}]}}